{"id":104,"date":"2022-06-17T08:11:26","date_gmt":"2022-06-17T08:11:26","guid":{"rendered":"https:\/\/ind-charleroi.be\/?page_id=104"},"modified":"2025-10-24T13:02:34","modified_gmt":"2025-10-24T13:02:34","slug":"2ieme-a-7ieme","status":"publish","type":"page","link":"https:\/\/ind-charleroi.be\/?page_id=104","title":{"rendered":"2i\u00e8me \u00e0 7i\u00e8me"},"content":{"rendered":"\t\t<div data-elementor-type=\"wp-page\" data-elementor-id=\"104\" class=\"elementor elementor-104\">\n\t\t\t\t\t\t<section class=\"elementor-section elementor-top-section elementor-element elementor-element-06b6fe0 elementor-section-boxed elementor-section-height-default elementor-section-height-default\" data-id=\"06b6fe0\" data-element_type=\"section\" data-e-type=\"section\">\n\t\t\t\t\t\t<div class=\"elementor-container elementor-column-gap-default\">\n\t\t\t\t\t<div class=\"elementor-column elementor-col-100 elementor-top-column elementor-element elementor-element-52d66f0\" data-id=\"52d66f0\" data-element_type=\"column\" data-e-type=\"column\">\n\t\t\t<div class=\"elementor-widget-wrap elementor-element-populated\">\n\t\t\t\t\t\t<div class=\"elementor-element elementor-element-221e4fd elementor-widget elementor-widget-text-editor\" data-id=\"221e4fd\" data-element_type=\"widget\" data-e-type=\"widget\" data-widget_type=\"text-editor.default\">\n\t\t\t\t<div class=\"elementor-widget-container\">\n\t\t\t\t\t\t\t\t\t<p style=\"margin-top: 0cm; background-image: initial; background-position: initial; background-size: initial; background-repeat: initial; background-attachment: initial; background-origin: initial; background-clip: initial;\"><span style=\"font-size: 10.5pt; font-family: Roboto;\">Pour toute inscription pour l&rsquo;ann\u00e9e scolaire&nbsp;2025-2026, merci de prendre un rendez-vous avec la direction :<\/span><\/p>\n<p style=\"margin-top: 0cm; text-indent: 35.4pt; background-image: initial; background-position: initial; background-size: initial; background-repeat: initial; background-attachment: initial; background-origin: initial; background-clip: initial;\"><span style=\"text-indent: 35.4pt; font-size: 10.5pt; font-family: Arial, sans-serif;\">M. S\u00e9bastien ARICKX<\/span><span style=\"text-indent: 35.4pt; font-size: 10.5pt; font-family: Arial, sans-serif;\">&nbsp;\u2013 DIRECTEUR<\/span><\/p>\n<p style=\"margin-top: 0cm; text-indent: 35.4pt; background-image: initial; background-position: initial; background-size: initial; background-repeat: initial; background-attachment: initial; background-origin: initial; background-clip: initial;\">\n<\/p><p style=\"margin-top: 0cm; text-indent: 35.4pt; background-image: initial; background-position: initial; background-size: initial; background-repeat: initial; background-attachment: initial; background-origin: initial; background-clip: initial;\"><span style=\"font-size: 10.5pt; font-family: Roboto;\"><a href=\"mailto:direction.secondaire@ind-charleroi.org\"><span style=\"font-family: Arial, sans-serif; background-image: initial; background-position: initial; background-size: initial; background-repeat: initial; background-attachment: initial; background-origin: initial; background-clip: initial;\">directionadjointe.secondaire@ind-charleroi.org<\/span><\/a><\/span><span style=\"font-size: 10.5pt; font-family: Arial, sans-serif; color: black;\">&nbsp;&#8211;&nbsp;0478\/71.07.72<\/span><\/p>\n<p style=\"margin-top: 0cm; background-image: initial; background-position: initial; background-size: initial; background-repeat: initial; background-attachment: initial; background-origin: initial; background-clip: initial; text-indent: 35.4pt;\"><span style=\"font-family: Arial, sans-serif; font-size: 10.5pt; text-indent: 35.4pt;\">M. Nicolas DESMET<\/span><span style=\"font-family: Arial, sans-serif; font-size: 10.5pt; text-indent: 35.4pt;\">&nbsp;\u2013 DIRECTEUR ADJOINT<\/span><\/p>\n<p style=\"margin-top: 0cm; text-indent: 35.4pt; background-image: initial; background-position: initial; background-size: initial; background-repeat: initial; background-attachment: initial; background-origin: initial; background-clip: initial;\"><span style=\"font-size: 10.5pt; font-family: Roboto;\"><a href=\"mailto:direction.secondaire@ind-charleroi.org\"><span style=\"font-family: Arial, sans-serif; background-image: initial; background-position: initial; background-size: initial; background-repeat: initial; background-attachment: initial; background-origin: initial; background-clip: initial;\">directionadjointe.secondaire@ind-charleroi.org<\/span><\/a><\/span><span style=\"font-size: 10.5pt; font-family: Arial, sans-serif; color: black;\">&nbsp;&#8211;&nbsp;0477\/17.96.45<\/span><\/p>\t\t\t\t\t\t\t\t<\/div>\n\t\t\t\t<\/div>\n\t\t\t\t\t<\/div>\n\t\t<\/div>\n\t\t\t\t\t<\/div>\n\t\t<\/section>\n\t\t\t\t<\/div>\n\t\t","protected":false},"excerpt":{"rendered":"<p>Pour toute inscription pour l&rsquo;ann\u00e9e scolaire&nbsp;2025-2026, merci de prendre un rendez-vous avec la direction : M. S\u00e9bastien ARICKX&nbsp;\u2013 DIRECTEUR directionadjointe.secondaire@ind-charleroi.org&nbsp;&#8211;&nbsp;0478\/71.07.72 M. Nicolas DESMET&nbsp;\u2013 DIRECTEUR ADJOINT directionadjointe.secondaire@ind-charleroi.org&nbsp;&#8211;&nbsp;0477\/17.96.45<\/p>\n","protected":false},"author":1,"featured_media":0,"parent":0,"menu_order":0,"comment_status":"closed","ping_status":"closed","template":"","meta":{"footnotes":""},"class_list":["post-104","page","type-page","status-publish","hentry"],"yoast_head":"<!-- This site is optimized with the Yoast SEO plugin v27.4 - https:\/\/yoast.com\/product\/yoast-seo-wordpress\/ -->\n<title>2i\u00e8me \u00e0 7i\u00e8me - Institut Notre-Dame<\/title>\n<meta name=\"robots\" content=\"index, follow, max-snippet:-1, max-image-preview:large, max-video-preview:-1\" \/>\n<link rel=\"canonical\" href=\"https:\/\/ind-charleroi.be\/?page_id=104\" \/>\n<meta property=\"og:locale\" content=\"fr_FR\" \/>\n<meta property=\"og:type\" content=\"article\" \/>\n<meta property=\"og:title\" content=\"2i\u00e8me \u00e0 7i\u00e8me - Institut Notre-Dame\" \/>\n<meta property=\"og:description\" content=\"Pour toute inscription pour l&rsquo;ann\u00e9e scolaire&nbsp;2025-2026, merci de prendre un rendez-vous avec la direction : M. S\u00e9bastien ARICKX&nbsp;\u2013 DIRECTEUR directionadjointe.secondaire@ind-charleroi.org&nbsp;&#8211;&nbsp;0478\/71.07.72 M. Nicolas DESMET&nbsp;\u2013 DIRECTEUR ADJOINT directionadjointe.secondaire@ind-charleroi.org&nbsp;&#8211;&nbsp;0477\/17.96.45\" \/>\n<meta property=\"og:url\" content=\"https:\/\/ind-charleroi.be\/?page_id=104\" \/>\n<meta property=\"og:site_name\" content=\"Institut Notre-Dame\" \/>\n<meta property=\"article:modified_time\" content=\"2025-10-24T13:02:34+00:00\" \/>\n<meta name=\"twitter:card\" content=\"summary_large_image\" \/>\n<meta name=\"twitter:label1\" content=\"Dur\u00e9e de lecture estim\u00e9e\" \/>\n\t<meta name=\"twitter:data1\" content=\"1 minute\" \/>\n<script type=\"application\/ld+json\" class=\"yoast-schema-graph\">{\"@context\":\"https:\\\/\\\/schema.org\",\"@graph\":[{\"@type\":\"WebPage\",\"@id\":\"https:\\\/\\\/ind-charleroi.be\\\/?page_id=104\",\"url\":\"https:\\\/\\\/ind-charleroi.be\\\/?page_id=104\",\"name\":\"2i\u00e8me \u00e0 7i\u00e8me - Institut Notre-Dame\",\"isPartOf\":{\"@id\":\"https:\\\/\\\/ind-charleroi.be\\\/#website\"},\"datePublished\":\"2022-06-17T08:11:26+00:00\",\"dateModified\":\"2025-10-24T13:02:34+00:00\",\"breadcrumb\":{\"@id\":\"https:\\\/\\\/ind-charleroi.be\\\/?page_id=104#breadcrumb\"},\"inLanguage\":\"fr-FR\",\"potentialAction\":[{\"@type\":\"ReadAction\",\"target\":[\"https:\\\/\\\/ind-charleroi.be\\\/?page_id=104\"]}]},{\"@type\":\"BreadcrumbList\",\"@id\":\"https:\\\/\\\/ind-charleroi.be\\\/?page_id=104#breadcrumb\",\"itemListElement\":[{\"@type\":\"ListItem\",\"position\":1,\"name\":\"Accueil\",\"item\":\"https:\\\/\\\/ind-charleroi.be\\\/\"},{\"@type\":\"ListItem\",\"position\":2,\"name\":\"2i\u00e8me \u00e0 7i\u00e8me\"}]},{\"@type\":\"WebSite\",\"@id\":\"https:\\\/\\\/ind-charleroi.be\\\/#website\",\"url\":\"https:\\\/\\\/ind-charleroi.be\\\/\",\"name\":\"Institut Notre-Dame\",\"description\":\"Aujourd&#039;hui pour demain\",\"publisher\":{\"@id\":\"https:\\\/\\\/ind-charleroi.be\\\/#organization\"},\"potentialAction\":[{\"@type\":\"SearchAction\",\"target\":{\"@type\":\"EntryPoint\",\"urlTemplate\":\"https:\\\/\\\/ind-charleroi.be\\\/?s={search_term_string}\"},\"query-input\":{\"@type\":\"PropertyValueSpecification\",\"valueRequired\":true,\"valueName\":\"search_term_string\"}}],\"inLanguage\":\"fr-FR\"},{\"@type\":\"Organization\",\"@id\":\"https:\\\/\\\/ind-charleroi.be\\\/#organization\",\"name\":\"Institut Notre-Dame\",\"url\":\"https:\\\/\\\/ind-charleroi.be\\\/\",\"logo\":{\"@type\":\"ImageObject\",\"inLanguage\":\"fr-FR\",\"@id\":\"https:\\\/\\\/ind-charleroi.be\\\/#\\\/schema\\\/logo\\\/image\\\/\",\"url\":\"https:\\\/\\\/ind-charleroi.be\\\/wp-content\\\/uploads\\\/2022\\\/12\\\/cropped-logo-ind2022.jpg\",\"contentUrl\":\"https:\\\/\\\/ind-charleroi.be\\\/wp-content\\\/uploads\\\/2022\\\/12\\\/cropped-logo-ind2022.jpg\",\"width\":1205,\"height\":505,\"caption\":\"Institut Notre-Dame\"},\"image\":{\"@id\":\"https:\\\/\\\/ind-charleroi.be\\\/#\\\/schema\\\/logo\\\/image\\\/\"}}]}<\/script>\n<!-- \/ Yoast SEO plugin. -->","yoast_head_json":{"title":"2i\u00e8me \u00e0 7i\u00e8me - Institut Notre-Dame","robots":{"index":"index","follow":"follow","max-snippet":"max-snippet:-1","max-image-preview":"max-image-preview:large","max-video-preview":"max-video-preview:-1"},"canonical":"https:\/\/ind-charleroi.be\/?page_id=104","og_locale":"fr_FR","og_type":"article","og_title":"2i\u00e8me \u00e0 7i\u00e8me - Institut Notre-Dame","og_description":"Pour toute inscription pour l&rsquo;ann\u00e9e scolaire&nbsp;2025-2026, merci de prendre un rendez-vous avec la direction : M. S\u00e9bastien ARICKX&nbsp;\u2013 DIRECTEUR directionadjointe.secondaire@ind-charleroi.org&nbsp;&#8211;&nbsp;0478\/71.07.72 M. Nicolas DESMET&nbsp;\u2013 DIRECTEUR ADJOINT directionadjointe.secondaire@ind-charleroi.org&nbsp;&#8211;&nbsp;0477\/17.96.45","og_url":"https:\/\/ind-charleroi.be\/?page_id=104","og_site_name":"Institut Notre-Dame","article_modified_time":"2025-10-24T13:02:34+00:00","twitter_card":"summary_large_image","twitter_misc":{"Dur\u00e9e de lecture estim\u00e9e":"1 minute"},"schema":{"@context":"https:\/\/schema.org","@graph":[{"@type":"WebPage","@id":"https:\/\/ind-charleroi.be\/?page_id=104","url":"https:\/\/ind-charleroi.be\/?page_id=104","name":"2i\u00e8me \u00e0 7i\u00e8me - Institut Notre-Dame","isPartOf":{"@id":"https:\/\/ind-charleroi.be\/#website"},"datePublished":"2022-06-17T08:11:26+00:00","dateModified":"2025-10-24T13:02:34+00:00","breadcrumb":{"@id":"https:\/\/ind-charleroi.be\/?page_id=104#breadcrumb"},"inLanguage":"fr-FR","potentialAction":[{"@type":"ReadAction","target":["https:\/\/ind-charleroi.be\/?page_id=104"]}]},{"@type":"BreadcrumbList","@id":"https:\/\/ind-charleroi.be\/?page_id=104#breadcrumb","itemListElement":[{"@type":"ListItem","position":1,"name":"Accueil","item":"https:\/\/ind-charleroi.be\/"},{"@type":"ListItem","position":2,"name":"2i\u00e8me \u00e0 7i\u00e8me"}]},{"@type":"WebSite","@id":"https:\/\/ind-charleroi.be\/#website","url":"https:\/\/ind-charleroi.be\/","name":"Institut Notre-Dame","description":"Aujourd&#039;hui pour demain","publisher":{"@id":"https:\/\/ind-charleroi.be\/#organization"},"potentialAction":[{"@type":"SearchAction","target":{"@type":"EntryPoint","urlTemplate":"https:\/\/ind-charleroi.be\/?s={search_term_string}"},"query-input":{"@type":"PropertyValueSpecification","valueRequired":true,"valueName":"search_term_string"}}],"inLanguage":"fr-FR"},{"@type":"Organization","@id":"https:\/\/ind-charleroi.be\/#organization","name":"Institut Notre-Dame","url":"https:\/\/ind-charleroi.be\/","logo":{"@type":"ImageObject","inLanguage":"fr-FR","@id":"https:\/\/ind-charleroi.be\/#\/schema\/logo\/image\/","url":"https:\/\/ind-charleroi.be\/wp-content\/uploads\/2022\/12\/cropped-logo-ind2022.jpg","contentUrl":"https:\/\/ind-charleroi.be\/wp-content\/uploads\/2022\/12\/cropped-logo-ind2022.jpg","width":1205,"height":505,"caption":"Institut Notre-Dame"},"image":{"@id":"https:\/\/ind-charleroi.be\/#\/schema\/logo\/image\/"}}]}},"jetpack_sharing_enabled":true,"_links":{"self":[{"href":"https:\/\/ind-charleroi.be\/index.php?rest_route=\/wp\/v2\/pages\/104","targetHints":{"allow":["GET"]}}],"collection":[{"href":"https:\/\/ind-charleroi.be\/index.php?rest_route=\/wp\/v2\/pages"}],"about":[{"href":"https:\/\/ind-charleroi.be\/index.php?rest_route=\/wp\/v2\/types\/page"}],"author":[{"embeddable":true,"href":"https:\/\/ind-charleroi.be\/index.php?rest_route=\/wp\/v2\/users\/1"}],"replies":[{"embeddable":true,"href":"https:\/\/ind-charleroi.be\/index.php?rest_route=%2Fwp%2Fv2%2Fcomments&post=104"}],"version-history":[{"count":19,"href":"https:\/\/ind-charleroi.be\/index.php?rest_route=\/wp\/v2\/pages\/104\/revisions"}],"predecessor-version":[{"id":6527,"href":"https:\/\/ind-charleroi.be\/index.php?rest_route=\/wp\/v2\/pages\/104\/revisions\/6527"}],"wp:attachment":[{"href":"https:\/\/ind-charleroi.be\/index.php?rest_route=%2Fwp%2Fv2%2Fmedia&parent=104"}],"curies":[{"name":"wp","href":"https:\/\/api.w.org\/{rel}","templated":true}]}}