{"id":131,"date":"2022-06-17T16:23:46","date_gmt":"2022-06-17T16:23:46","guid":{"rendered":"https:\/\/ind-charleroi.be\/?page_id=131"},"modified":"2026-04-20T13:13:38","modified_gmt":"2026-04-20T13:13:38","slug":"actualites-3","status":"publish","type":"page","link":"https:\/\/ind-charleroi.be\/","title":{"rendered":"Nos actualit\u00e9s"},"content":{"rendered":"\t\t<div data-elementor-type=\"wp-page\" data-elementor-id=\"131\" class=\"elementor elementor-131\">\n\t\t\t\t\t\t<section class=\"elementor-section elementor-top-section elementor-element elementor-element-f214071 elementor-section-boxed elementor-section-height-default elementor-section-height-default\" data-id=\"f214071\" data-element_type=\"section\" data-e-type=\"section\">\n\t\t\t\t\t\t<div class=\"elementor-container elementor-column-gap-default\">\n\t\t\t\t\t<div class=\"elementor-column elementor-col-33 elementor-top-column elementor-element elementor-element-7558c95\" data-id=\"7558c95\" data-element_type=\"column\" data-e-type=\"column\">\n\t\t\t<div class=\"elementor-widget-wrap elementor-element-populated\">\n\t\t\t\t\t\t<div class=\"elementor-element elementor-element-17ad68f elementor-widget__width-initial elementor-widget elementor-widget-image\" data-id=\"17ad68f\" data-element_type=\"widget\" data-e-type=\"widget\" data-widget_type=\"image.default\">\n\t\t\t\t<div class=\"elementor-widget-container\">\n\t\t\t\t\t\t\t\t\t\t\t\t<figure class=\"wp-caption\">\n\t\t\t\t\t\t\t\t\t\t\t<a href=\"https:\/\/ind-charleroi.be\/?page_id=19\">\n\t\t\t\t\t\t\t<img fetchpriority=\"high\" decoding=\"async\" width=\"1024\" height=\"635\" src=\"https:\/\/ind-charleroi.be\/wp-content\/uploads\/2022\/07\/Panorama-6-a-1024x635.jpg\" class=\"attachment-large size-large wp-image-4945\" alt=\"\" srcset=\"https:\/\/ind-charleroi.be\/wp-content\/uploads\/2022\/07\/Panorama-6-a-1024x635.jpg 1024w, https:\/\/ind-charleroi.be\/wp-content\/uploads\/2022\/07\/Panorama-6-a-300x186.jpg 300w, https:\/\/ind-charleroi.be\/wp-content\/uploads\/2022\/07\/Panorama-6-a-768x476.jpg 768w, https:\/\/ind-charleroi.be\/wp-content\/uploads\/2022\/07\/Panorama-6-a.jpg 1317w\" sizes=\"(max-width: 1024px) 100vw, 1024px\" \/>\t\t\t\t\t\t\t\t<\/a>\n\t\t\t\t\t\t\t\t\t\t\t<figcaption class=\"widget-image-caption wp-caption-text\">\u00c9cole Fondamentale<\/figcaption>\n\t\t\t\t\t\t\t\t\t\t<\/figure>\n\t\t\t\t\t\t\t\t\t<\/div>\n\t\t\t\t<\/div>\n\t\t\t\t\t<\/div>\n\t\t<\/div>\n\t\t\t\t<div class=\"elementor-column elementor-col-33 elementor-top-column elementor-element elementor-element-306d6b5\" data-id=\"306d6b5\" data-element_type=\"column\" data-e-type=\"column\">\n\t\t\t<div class=\"elementor-widget-wrap elementor-element-populated\">\n\t\t\t\t\t\t<div class=\"elementor-element elementor-element-3f7691a elementor-widget elementor-widget-image\" data-id=\"3f7691a\" data-element_type=\"widget\" data-e-type=\"widget\" data-widget_type=\"image.default\">\n\t\t\t\t<div class=\"elementor-widget-container\">\n\t\t\t\t\t\t\t\t\t\t\t\t<figure class=\"wp-caption\">\n\t\t\t\t\t\t\t\t\t\t\t<a href=\"https:\/\/ind-charleroi.be\/?page_id=132\" target=\"_blank\">\n\t\t\t\t\t\t\t<img decoding=\"async\" width=\"1024\" height=\"630\" src=\"https:\/\/ind-charleroi.be\/wp-content\/uploads\/2022\/12\/rue-charleville-1024x630.png\" class=\"attachment-large size-large wp-image-5226\" alt=\"\" srcset=\"https:\/\/ind-charleroi.be\/wp-content\/uploads\/2022\/12\/rue-charleville-1024x630.png 1024w, https:\/\/ind-charleroi.be\/wp-content\/uploads\/2022\/12\/rue-charleville-300x185.png 300w, https:\/\/ind-charleroi.be\/wp-content\/uploads\/2022\/12\/rue-charleville-768x473.png 768w, https:\/\/ind-charleroi.be\/wp-content\/uploads\/2022\/12\/rue-charleville.png 1105w\" sizes=\"(max-width: 1024px) 100vw, 1024px\" \/>\t\t\t\t\t\t\t\t<\/a>\n\t\t\t\t\t\t\t\t\t\t\t<figcaption class=\"widget-image-caption wp-caption-text\">\u00c9cole Primaire<\/figcaption>\n\t\t\t\t\t\t\t\t\t\t<\/figure>\n\t\t\t\t\t\t\t\t\t<\/div>\n\t\t\t\t<\/div>\n\t\t\t\t\t<\/div>\n\t\t<\/div>\n\t\t\t\t<div class=\"elementor-column elementor-col-33 elementor-top-column elementor-element elementor-element-63a48a4\" data-id=\"63a48a4\" data-element_type=\"column\" data-e-type=\"column\">\n\t\t\t<div class=\"elementor-widget-wrap elementor-element-populated\">\n\t\t\t\t\t\t<div class=\"elementor-element elementor-element-fecc8ba elementor-widget elementor-widget-image\" data-id=\"fecc8ba\" data-element_type=\"widget\" data-e-type=\"widget\" data-widget_type=\"image.default\">\n\t\t\t\t<div class=\"elementor-widget-container\">\n\t\t\t\t\t\t\t\t\t\t\t\t<figure class=\"wp-caption\">\n\t\t\t\t\t\t\t\t\t\t\t<a href=\"https:\/\/ind-charleroi.be\/?page_id=6017\">\n\t\t\t\t\t\t\t<img decoding=\"async\" width=\"368\" height=\"484\" src=\"https:\/\/ind-charleroi.be\/wp-content\/uploads\/2022\/12\/rue-charleville.jpg\" class=\"attachment-large size-large wp-image-5229\" alt=\"\" srcset=\"https:\/\/ind-charleroi.be\/wp-content\/uploads\/2022\/12\/rue-charleville.jpg 368w, https:\/\/ind-charleroi.be\/wp-content\/uploads\/2022\/12\/rue-charleville-228x300.jpg 228w\" sizes=\"(max-width: 368px) 100vw, 368px\" \/>\t\t\t\t\t\t\t\t<\/a>\n\t\t\t\t\t\t\t\t\t\t\t<figcaption class=\"widget-image-caption wp-caption-text\">\u00c9cole Secondaire<\/figcaption>\n\t\t\t\t\t\t\t\t\t\t<\/figure>\n\t\t\t\t\t\t\t\t\t<\/div>\n\t\t\t\t<\/div>\n\t\t\t\t\t<\/div>\n\t\t<\/div>\n\t\t\t\t\t<\/div>\n\t\t<\/section>\n\t\t\t\t<\/div>\n\t\t","protected":false},"excerpt":{"rendered":"<p>\u00c9cole Fondamentale \u00c9cole Primaire \u00c9cole Secondaire<\/p>\n","protected":false},"author":1,"featured_media":0,"parent":0,"menu_order":0,"comment_status":"closed","ping_status":"closed","template":"","meta":{"footnotes":""},"class_list":["post-131","page","type-page","status-publish","hentry"],"yoast_head":"<!-- This site is optimized with the Yoast SEO plugin v27.4 - https:\/\/yoast.com\/product\/yoast-seo-wordpress\/ -->\n<title>Nos actualit\u00e9s - Institut Notre-Dame<\/title>\n<meta name=\"robots\" content=\"index, follow, max-snippet:-1, max-image-preview:large, max-video-preview:-1\" \/>\n<link rel=\"canonical\" href=\"https:\/\/ind-charleroi.be\/\" \/>\n<meta property=\"og:locale\" content=\"fr_FR\" \/>\n<meta property=\"og:type\" content=\"article\" \/>\n<meta property=\"og:title\" content=\"Nos actualit\u00e9s - Institut Notre-Dame\" \/>\n<meta property=\"og:description\" content=\"\u00c9cole Fondamentale \u00c9cole Primaire \u00c9cole Secondaire\" \/>\n<meta property=\"og:url\" content=\"https:\/\/ind-charleroi.be\/\" \/>\n<meta property=\"og:site_name\" content=\"Institut Notre-Dame\" \/>\n<meta property=\"article:modified_time\" content=\"2026-04-20T13:13:38+00:00\" \/>\n<meta property=\"og:image\" content=\"https:\/\/ind-charleroi.be\/wp-content\/uploads\/2022\/07\/Panorama-6-a-1024x635.jpg\" \/>\n<meta name=\"twitter:card\" content=\"summary_large_image\" \/>\n<meta name=\"twitter:label1\" content=\"Dur\u00e9e de lecture estim\u00e9e\" \/>\n\t<meta name=\"twitter:data1\" content=\"1 minute\" \/>\n<script type=\"application\/ld+json\" class=\"yoast-schema-graph\">{\"@context\":\"https:\\\/\\\/schema.org\",\"@graph\":[{\"@type\":\"WebPage\",\"@id\":\"https:\\\/\\\/ind-charleroi.be\\\/\",\"url\":\"https:\\\/\\\/ind-charleroi.be\\\/\",\"name\":\"Nos actualit\u00e9s - Institut Notre-Dame\",\"isPartOf\":{\"@id\":\"https:\\\/\\\/ind-charleroi.be\\\/#website\"},\"primaryImageOfPage\":{\"@id\":\"https:\\\/\\\/ind-charleroi.be\\\/#primaryimage\"},\"image\":{\"@id\":\"https:\\\/\\\/ind-charleroi.be\\\/#primaryimage\"},\"thumbnailUrl\":\"https:\\\/\\\/ind-charleroi.be\\\/wp-content\\\/uploads\\\/2022\\\/07\\\/Panorama-6-a-1024x635.jpg\",\"datePublished\":\"2022-06-17T16:23:46+00:00\",\"dateModified\":\"2026-04-20T13:13:38+00:00\",\"breadcrumb\":{\"@id\":\"https:\\\/\\\/ind-charleroi.be\\\/#breadcrumb\"},\"inLanguage\":\"fr-FR\",\"potentialAction\":[{\"@type\":\"ReadAction\",\"target\":[\"https:\\\/\\\/ind-charleroi.be\\\/\"]}]},{\"@type\":\"ImageObject\",\"inLanguage\":\"fr-FR\",\"@id\":\"https:\\\/\\\/ind-charleroi.be\\\/#primaryimage\",\"url\":\"https:\\\/\\\/ind-charleroi.be\\\/wp-content\\\/uploads\\\/2022\\\/07\\\/Panorama-6-a.jpg\",\"contentUrl\":\"https:\\\/\\\/ind-charleroi.be\\\/wp-content\\\/uploads\\\/2022\\\/07\\\/Panorama-6-a.jpg\",\"width\":1317,\"height\":817},{\"@type\":\"BreadcrumbList\",\"@id\":\"https:\\\/\\\/ind-charleroi.be\\\/#breadcrumb\",\"itemListElement\":[{\"@type\":\"ListItem\",\"position\":1,\"name\":\"Accueil\",\"item\":\"https:\\\/\\\/ind-charleroi.be\\\/\"},{\"@type\":\"ListItem\",\"position\":2,\"name\":\"Nos actualit\u00e9s\"}]},{\"@type\":\"WebSite\",\"@id\":\"https:\\\/\\\/ind-charleroi.be\\\/#website\",\"url\":\"https:\\\/\\\/ind-charleroi.be\\\/\",\"name\":\"Institut Notre-Dame\",\"description\":\"Aujourd&#039;hui pour demain\",\"publisher\":{\"@id\":\"https:\\\/\\\/ind-charleroi.be\\\/#organization\"},\"potentialAction\":[{\"@type\":\"SearchAction\",\"target\":{\"@type\":\"EntryPoint\",\"urlTemplate\":\"https:\\\/\\\/ind-charleroi.be\\\/?s={search_term_string}\"},\"query-input\":{\"@type\":\"PropertyValueSpecification\",\"valueRequired\":true,\"valueName\":\"search_term_string\"}}],\"inLanguage\":\"fr-FR\"},{\"@type\":\"Organization\",\"@id\":\"https:\\\/\\\/ind-charleroi.be\\\/#organization\",\"name\":\"Institut Notre-Dame\",\"url\":\"https:\\\/\\\/ind-charleroi.be\\\/\",\"logo\":{\"@type\":\"ImageObject\",\"inLanguage\":\"fr-FR\",\"@id\":\"https:\\\/\\\/ind-charleroi.be\\\/#\\\/schema\\\/logo\\\/image\\\/\",\"url\":\"https:\\\/\\\/ind-charleroi.be\\\/wp-content\\\/uploads\\\/2022\\\/12\\\/cropped-logo-ind2022.jpg\",\"contentUrl\":\"https:\\\/\\\/ind-charleroi.be\\\/wp-content\\\/uploads\\\/2022\\\/12\\\/cropped-logo-ind2022.jpg\",\"width\":1205,\"height\":505,\"caption\":\"Institut Notre-Dame\"},\"image\":{\"@id\":\"https:\\\/\\\/ind-charleroi.be\\\/#\\\/schema\\\/logo\\\/image\\\/\"}}]}<\/script>\n<!-- \/ Yoast SEO plugin. -->","yoast_head_json":{"title":"Nos actualit\u00e9s - Institut Notre-Dame","robots":{"index":"index","follow":"follow","max-snippet":"max-snippet:-1","max-image-preview":"max-image-preview:large","max-video-preview":"max-video-preview:-1"},"canonical":"https:\/\/ind-charleroi.be\/","og_locale":"fr_FR","og_type":"article","og_title":"Nos actualit\u00e9s - Institut Notre-Dame","og_description":"\u00c9cole Fondamentale \u00c9cole Primaire \u00c9cole Secondaire","og_url":"https:\/\/ind-charleroi.be\/","og_site_name":"Institut Notre-Dame","article_modified_time":"2026-04-20T13:13:38+00:00","og_image":[{"url":"https:\/\/ind-charleroi.be\/wp-content\/uploads\/2022\/07\/Panorama-6-a-1024x635.jpg","type":"","width":"","height":""}],"twitter_card":"summary_large_image","twitter_misc":{"Dur\u00e9e de lecture estim\u00e9e":"1 minute"},"schema":{"@context":"https:\/\/schema.org","@graph":[{"@type":"WebPage","@id":"https:\/\/ind-charleroi.be\/","url":"https:\/\/ind-charleroi.be\/","name":"Nos actualit\u00e9s - Institut Notre-Dame","isPartOf":{"@id":"https:\/\/ind-charleroi.be\/#website"},"primaryImageOfPage":{"@id":"https:\/\/ind-charleroi.be\/#primaryimage"},"image":{"@id":"https:\/\/ind-charleroi.be\/#primaryimage"},"thumbnailUrl":"https:\/\/ind-charleroi.be\/wp-content\/uploads\/2022\/07\/Panorama-6-a-1024x635.jpg","datePublished":"2022-06-17T16:23:46+00:00","dateModified":"2026-04-20T13:13:38+00:00","breadcrumb":{"@id":"https:\/\/ind-charleroi.be\/#breadcrumb"},"inLanguage":"fr-FR","potentialAction":[{"@type":"ReadAction","target":["https:\/\/ind-charleroi.be\/"]}]},{"@type":"ImageObject","inLanguage":"fr-FR","@id":"https:\/\/ind-charleroi.be\/#primaryimage","url":"https:\/\/ind-charleroi.be\/wp-content\/uploads\/2022\/07\/Panorama-6-a.jpg","contentUrl":"https:\/\/ind-charleroi.be\/wp-content\/uploads\/2022\/07\/Panorama-6-a.jpg","width":1317,"height":817},{"@type":"BreadcrumbList","@id":"https:\/\/ind-charleroi.be\/#breadcrumb","itemListElement":[{"@type":"ListItem","position":1,"name":"Accueil","item":"https:\/\/ind-charleroi.be\/"},{"@type":"ListItem","position":2,"name":"Nos actualit\u00e9s"}]},{"@type":"WebSite","@id":"https:\/\/ind-charleroi.be\/#website","url":"https:\/\/ind-charleroi.be\/","name":"Institut Notre-Dame","description":"Aujourd&#039;hui pour demain","publisher":{"@id":"https:\/\/ind-charleroi.be\/#organization"},"potentialAction":[{"@type":"SearchAction","target":{"@type":"EntryPoint","urlTemplate":"https:\/\/ind-charleroi.be\/?s={search_term_string}"},"query-input":{"@type":"PropertyValueSpecification","valueRequired":true,"valueName":"search_term_string"}}],"inLanguage":"fr-FR"},{"@type":"Organization","@id":"https:\/\/ind-charleroi.be\/#organization","name":"Institut Notre-Dame","url":"https:\/\/ind-charleroi.be\/","logo":{"@type":"ImageObject","inLanguage":"fr-FR","@id":"https:\/\/ind-charleroi.be\/#\/schema\/logo\/image\/","url":"https:\/\/ind-charleroi.be\/wp-content\/uploads\/2022\/12\/cropped-logo-ind2022.jpg","contentUrl":"https:\/\/ind-charleroi.be\/wp-content\/uploads\/2022\/12\/cropped-logo-ind2022.jpg","width":1205,"height":505,"caption":"Institut Notre-Dame"},"image":{"@id":"https:\/\/ind-charleroi.be\/#\/schema\/logo\/image\/"}}]}},"jetpack_sharing_enabled":true,"_links":{"self":[{"href":"https:\/\/ind-charleroi.be\/index.php?rest_route=\/wp\/v2\/pages\/131","targetHints":{"allow":["GET"]}}],"collection":[{"href":"https:\/\/ind-charleroi.be\/index.php?rest_route=\/wp\/v2\/pages"}],"about":[{"href":"https:\/\/ind-charleroi.be\/index.php?rest_route=\/wp\/v2\/types\/page"}],"author":[{"embeddable":true,"href":"https:\/\/ind-charleroi.be\/index.php?rest_route=\/wp\/v2\/users\/1"}],"replies":[{"embeddable":true,"href":"https:\/\/ind-charleroi.be\/index.php?rest_route=%2Fwp%2Fv2%2Fcomments&post=131"}],"version-history":[{"count":21,"href":"https:\/\/ind-charleroi.be\/index.php?rest_route=\/wp\/v2\/pages\/131\/revisions"}],"predecessor-version":[{"id":6659,"href":"https:\/\/ind-charleroi.be\/index.php?rest_route=\/wp\/v2\/pages\/131\/revisions\/6659"}],"wp:attachment":[{"href":"https:\/\/ind-charleroi.be\/index.php?rest_route=%2Fwp%2Fv2%2Fmedia&parent=131"}],"curies":[{"name":"wp","href":"https:\/\/api.w.org\/{rel}","templated":true}]}}