{"id":152,"date":"2022-06-17T16:29:44","date_gmt":"2022-06-17T16:29:44","guid":{"rendered":"https:\/\/ind-charleroi.be\/?page_id=152"},"modified":"2022-12-28T15:09:27","modified_gmt":"2022-12-28T15:09:27","slug":"horaires-3","status":"publish","type":"page","link":"https:\/\/ind-charleroi.be\/?page_id=152","title":{"rendered":"Horaires"},"content":{"rendered":"\n<p>L\u2019\u00e9cole ouvre ses portes de 07H00 \u00e0 18h00.<\/p>\n\n\n\n<p>Vous trouverez dans l&rsquo;onglet garderies les informations sur son d\u00e9roulement et les conditions d&rsquo;acc\u00e8s.<\/p>\n\n\n\n<p>La journ\u00e9e dans l\u2019\u00e9cole se d\u00e9roulera comme suit&nbsp;:<\/p>\n\n\n\n<ul class=\"wp-block-list\">\n<li>De 8h30 \u00e0 9h20\u00a0: p\u00e9riode 1<\/li>\n\n\n\n<li>De 9h20 \u00e0 10h10&nbsp;: p\u00e9riode 2<\/li>\n\n\n\n<li>De 10h10 \u00e0 10h35&nbsp;: r\u00e9cr\u00e9ation<\/li>\n\n\n\n<li>De 10h35 \u00e0 11h25&nbsp;: p\u00e9riode 3<\/li>\n\n\n\n<li>De 11h25 \u00e0 12h15&nbsp;: p\u00e9riode 4<\/li>\n\n\n\n<li>De 12h15 \u00e0 13h30&nbsp;: temps de midi<\/li>\n\n\n\n<li>De 13h30 \u00e0 14h20&nbsp;: p\u00e9riode 5<\/li>\n\n\n\n<li>De 14h20 \u00e0 15h10&nbsp;: p\u00e9riode 6<\/li>\n\n\n\n<li>De 15h10 \u00e0 15h20&nbsp;: rangement des cours et du local<\/li>\n\n\n\n<li>15h20\u00a0: reprise des enfants dans la cour de l\u2019\u00e9cole<\/li>\n<\/ul>\n\n\n\n<p>Afin que chacun poss\u00e8de le mat\u00e9riel ad\u00e9quat, l\u2019horaire des cours sp\u00e9ciaux (\u00e9ducation physique, langues, religion &#8230;) sera signal\u00e9 en d\u00e9but d\u2019ann\u00e9e scolaire. Les changements possibles seront indiqu\u00e9s au journal de classe.<\/p>\n\n\n\n<p>Voici l&rsquo;horaire de ces cours cette ann\u00e9e :<\/p>\n\n\n<div class=\"wp-block-image\">\n<figure class=\"aligncenter size-full\"><img fetchpriority=\"high\" decoding=\"async\" width=\"696\" height=\"344\" src=\"https:\/\/ind-charleroi.be\/wp-content\/uploads\/2022\/12\/horaire.jpg\" alt=\"\" class=\"wp-image-5262\" srcset=\"https:\/\/ind-charleroi.be\/wp-content\/uploads\/2022\/12\/horaire.jpg 696w, https:\/\/ind-charleroi.be\/wp-content\/uploads\/2022\/12\/horaire-300x148.jpg 300w\" sizes=\"(max-width: 696px) 100vw, 696px\" \/><\/figure>\n<\/div>","protected":false},"excerpt":{"rendered":"<p>L\u2019\u00e9cole ouvre ses portes de 07H00 \u00e0 18h00. Vous trouverez dans l&rsquo;onglet garderies les informations sur son d\u00e9roulement et les conditions d&rsquo;acc\u00e8s. La journ\u00e9e dans l\u2019\u00e9cole se d\u00e9roulera comme suit&nbsp;: Afin que chacun poss\u00e8de le mat\u00e9riel ad\u00e9quat, l\u2019horaire des cours sp\u00e9ciaux (\u00e9ducation physique, langues, religion &#8230;) sera signal\u00e9 en d\u00e9but d\u2019ann\u00e9e scolaire. Les changements possibles seront indiqu\u00e9s au journal de classe. Voici l&rsquo;horaire de ces [&hellip;]<\/p>\n","protected":false},"author":1,"featured_media":0,"parent":0,"menu_order":0,"comment_status":"closed","ping_status":"closed","template":"","meta":{"footnotes":""},"class_list":["post-152","page","type-page","status-publish","hentry"],"yoast_head":"<!-- This site is optimized with the Yoast SEO plugin v27.4 - https:\/\/yoast.com\/product\/yoast-seo-wordpress\/ -->\n<title>Horaires - Institut Notre-Dame<\/title>\n<meta name=\"robots\" content=\"index, follow, max-snippet:-1, max-image-preview:large, max-video-preview:-1\" \/>\n<link rel=\"canonical\" href=\"https:\/\/ind-charleroi.be\/?page_id=152\" \/>\n<meta property=\"og:locale\" content=\"fr_FR\" \/>\n<meta property=\"og:type\" content=\"article\" \/>\n<meta property=\"og:title\" content=\"Horaires - Institut Notre-Dame\" \/>\n<meta property=\"og:description\" content=\"L\u2019\u00e9cole ouvre ses portes de 07H00 \u00e0 18h00. Vous trouverez dans l&rsquo;onglet garderies les informations sur son d\u00e9roulement et les conditions d&rsquo;acc\u00e8s. La journ\u00e9e dans l\u2019\u00e9cole se d\u00e9roulera comme suit&nbsp;: Afin que chacun poss\u00e8de le mat\u00e9riel ad\u00e9quat, l\u2019horaire des cours sp\u00e9ciaux (\u00e9ducation physique, langues, religion &#8230;) sera signal\u00e9 en d\u00e9but d\u2019ann\u00e9e scolaire. Les changements possibles seront indiqu\u00e9s au journal de classe. Voici l&rsquo;horaire de ces [&hellip;]\" \/>\n<meta property=\"og:url\" content=\"https:\/\/ind-charleroi.be\/?page_id=152\" \/>\n<meta property=\"og:site_name\" content=\"Institut Notre-Dame\" \/>\n<meta property=\"article:modified_time\" content=\"2022-12-28T15:09:27+00:00\" \/>\n<meta property=\"og:image\" content=\"https:\/\/ind-charleroi.be\/wp-content\/uploads\/2022\/12\/horaire.jpg\" \/>\n<meta name=\"twitter:card\" content=\"summary_large_image\" \/>\n<meta name=\"twitter:label1\" content=\"Dur\u00e9e de lecture estim\u00e9e\" \/>\n\t<meta name=\"twitter:data1\" content=\"1 minute\" \/>\n<script type=\"application\/ld+json\" class=\"yoast-schema-graph\">{\"@context\":\"https:\\\/\\\/schema.org\",\"@graph\":[{\"@type\":\"WebPage\",\"@id\":\"https:\\\/\\\/ind-charleroi.be\\\/?page_id=152\",\"url\":\"https:\\\/\\\/ind-charleroi.be\\\/?page_id=152\",\"name\":\"Horaires - Institut Notre-Dame\",\"isPartOf\":{\"@id\":\"https:\\\/\\\/ind-charleroi.be\\\/#website\"},\"primaryImageOfPage\":{\"@id\":\"https:\\\/\\\/ind-charleroi.be\\\/?page_id=152#primaryimage\"},\"image\":{\"@id\":\"https:\\\/\\\/ind-charleroi.be\\\/?page_id=152#primaryimage\"},\"thumbnailUrl\":\"https:\\\/\\\/ind-charleroi.be\\\/wp-content\\\/uploads\\\/2022\\\/12\\\/horaire.jpg\",\"datePublished\":\"2022-06-17T16:29:44+00:00\",\"dateModified\":\"2022-12-28T15:09:27+00:00\",\"breadcrumb\":{\"@id\":\"https:\\\/\\\/ind-charleroi.be\\\/?page_id=152#breadcrumb\"},\"inLanguage\":\"fr-FR\",\"potentialAction\":[{\"@type\":\"ReadAction\",\"target\":[\"https:\\\/\\\/ind-charleroi.be\\\/?page_id=152\"]}]},{\"@type\":\"ImageObject\",\"inLanguage\":\"fr-FR\",\"@id\":\"https:\\\/\\\/ind-charleroi.be\\\/?page_id=152#primaryimage\",\"url\":\"https:\\\/\\\/ind-charleroi.be\\\/wp-content\\\/uploads\\\/2022\\\/12\\\/horaire.jpg\",\"contentUrl\":\"https:\\\/\\\/ind-charleroi.be\\\/wp-content\\\/uploads\\\/2022\\\/12\\\/horaire.jpg\",\"width\":696,\"height\":344},{\"@type\":\"BreadcrumbList\",\"@id\":\"https:\\\/\\\/ind-charleroi.be\\\/?page_id=152#breadcrumb\",\"itemListElement\":[{\"@type\":\"ListItem\",\"position\":1,\"name\":\"Accueil\",\"item\":\"https:\\\/\\\/ind-charleroi.be\\\/\"},{\"@type\":\"ListItem\",\"position\":2,\"name\":\"Horaires\"}]},{\"@type\":\"WebSite\",\"@id\":\"https:\\\/\\\/ind-charleroi.be\\\/#website\",\"url\":\"https:\\\/\\\/ind-charleroi.be\\\/\",\"name\":\"Institut Notre-Dame\",\"description\":\"Aujourd&#039;hui pour demain\",\"publisher\":{\"@id\":\"https:\\\/\\\/ind-charleroi.be\\\/#organization\"},\"potentialAction\":[{\"@type\":\"SearchAction\",\"target\":{\"@type\":\"EntryPoint\",\"urlTemplate\":\"https:\\\/\\\/ind-charleroi.be\\\/?s={search_term_string}\"},\"query-input\":{\"@type\":\"PropertyValueSpecification\",\"valueRequired\":true,\"valueName\":\"search_term_string\"}}],\"inLanguage\":\"fr-FR\"},{\"@type\":\"Organization\",\"@id\":\"https:\\\/\\\/ind-charleroi.be\\\/#organization\",\"name\":\"Institut Notre-Dame\",\"url\":\"https:\\\/\\\/ind-charleroi.be\\\/\",\"logo\":{\"@type\":\"ImageObject\",\"inLanguage\":\"fr-FR\",\"@id\":\"https:\\\/\\\/ind-charleroi.be\\\/#\\\/schema\\\/logo\\\/image\\\/\",\"url\":\"https:\\\/\\\/ind-charleroi.be\\\/wp-content\\\/uploads\\\/2022\\\/12\\\/cropped-logo-ind2022.jpg\",\"contentUrl\":\"https:\\\/\\\/ind-charleroi.be\\\/wp-content\\\/uploads\\\/2022\\\/12\\\/cropped-logo-ind2022.jpg\",\"width\":1205,\"height\":505,\"caption\":\"Institut Notre-Dame\"},\"image\":{\"@id\":\"https:\\\/\\\/ind-charleroi.be\\\/#\\\/schema\\\/logo\\\/image\\\/\"}}]}<\/script>\n<!-- \/ Yoast SEO plugin. -->","yoast_head_json":{"title":"Horaires - Institut Notre-Dame","robots":{"index":"index","follow":"follow","max-snippet":"max-snippet:-1","max-image-preview":"max-image-preview:large","max-video-preview":"max-video-preview:-1"},"canonical":"https:\/\/ind-charleroi.be\/?page_id=152","og_locale":"fr_FR","og_type":"article","og_title":"Horaires - Institut Notre-Dame","og_description":"L\u2019\u00e9cole ouvre ses portes de 07H00 \u00e0 18h00. Vous trouverez dans l&rsquo;onglet garderies les informations sur son d\u00e9roulement et les conditions d&rsquo;acc\u00e8s. La journ\u00e9e dans l\u2019\u00e9cole se d\u00e9roulera comme suit&nbsp;: Afin que chacun poss\u00e8de le mat\u00e9riel ad\u00e9quat, l\u2019horaire des cours sp\u00e9ciaux (\u00e9ducation physique, langues, religion &#8230;) sera signal\u00e9 en d\u00e9but d\u2019ann\u00e9e scolaire. Les changements possibles seront indiqu\u00e9s au journal de classe. Voici l&rsquo;horaire de ces [&hellip;]","og_url":"https:\/\/ind-charleroi.be\/?page_id=152","og_site_name":"Institut Notre-Dame","article_modified_time":"2022-12-28T15:09:27+00:00","og_image":[{"url":"https:\/\/ind-charleroi.be\/wp-content\/uploads\/2022\/12\/horaire.jpg","type":"","width":"","height":""}],"twitter_card":"summary_large_image","twitter_misc":{"Dur\u00e9e de lecture estim\u00e9e":"1 minute"},"schema":{"@context":"https:\/\/schema.org","@graph":[{"@type":"WebPage","@id":"https:\/\/ind-charleroi.be\/?page_id=152","url":"https:\/\/ind-charleroi.be\/?page_id=152","name":"Horaires - Institut Notre-Dame","isPartOf":{"@id":"https:\/\/ind-charleroi.be\/#website"},"primaryImageOfPage":{"@id":"https:\/\/ind-charleroi.be\/?page_id=152#primaryimage"},"image":{"@id":"https:\/\/ind-charleroi.be\/?page_id=152#primaryimage"},"thumbnailUrl":"https:\/\/ind-charleroi.be\/wp-content\/uploads\/2022\/12\/horaire.jpg","datePublished":"2022-06-17T16:29:44+00:00","dateModified":"2022-12-28T15:09:27+00:00","breadcrumb":{"@id":"https:\/\/ind-charleroi.be\/?page_id=152#breadcrumb"},"inLanguage":"fr-FR","potentialAction":[{"@type":"ReadAction","target":["https:\/\/ind-charleroi.be\/?page_id=152"]}]},{"@type":"ImageObject","inLanguage":"fr-FR","@id":"https:\/\/ind-charleroi.be\/?page_id=152#primaryimage","url":"https:\/\/ind-charleroi.be\/wp-content\/uploads\/2022\/12\/horaire.jpg","contentUrl":"https:\/\/ind-charleroi.be\/wp-content\/uploads\/2022\/12\/horaire.jpg","width":696,"height":344},{"@type":"BreadcrumbList","@id":"https:\/\/ind-charleroi.be\/?page_id=152#breadcrumb","itemListElement":[{"@type":"ListItem","position":1,"name":"Accueil","item":"https:\/\/ind-charleroi.be\/"},{"@type":"ListItem","position":2,"name":"Horaires"}]},{"@type":"WebSite","@id":"https:\/\/ind-charleroi.be\/#website","url":"https:\/\/ind-charleroi.be\/","name":"Institut Notre-Dame","description":"Aujourd&#039;hui pour demain","publisher":{"@id":"https:\/\/ind-charleroi.be\/#organization"},"potentialAction":[{"@type":"SearchAction","target":{"@type":"EntryPoint","urlTemplate":"https:\/\/ind-charleroi.be\/?s={search_term_string}"},"query-input":{"@type":"PropertyValueSpecification","valueRequired":true,"valueName":"search_term_string"}}],"inLanguage":"fr-FR"},{"@type":"Organization","@id":"https:\/\/ind-charleroi.be\/#organization","name":"Institut Notre-Dame","url":"https:\/\/ind-charleroi.be\/","logo":{"@type":"ImageObject","inLanguage":"fr-FR","@id":"https:\/\/ind-charleroi.be\/#\/schema\/logo\/image\/","url":"https:\/\/ind-charleroi.be\/wp-content\/uploads\/2022\/12\/cropped-logo-ind2022.jpg","contentUrl":"https:\/\/ind-charleroi.be\/wp-content\/uploads\/2022\/12\/cropped-logo-ind2022.jpg","width":1205,"height":505,"caption":"Institut Notre-Dame"},"image":{"@id":"https:\/\/ind-charleroi.be\/#\/schema\/logo\/image\/"}}]}},"jetpack_sharing_enabled":true,"_links":{"self":[{"href":"https:\/\/ind-charleroi.be\/index.php?rest_route=\/wp\/v2\/pages\/152","targetHints":{"allow":["GET"]}}],"collection":[{"href":"https:\/\/ind-charleroi.be\/index.php?rest_route=\/wp\/v2\/pages"}],"about":[{"href":"https:\/\/ind-charleroi.be\/index.php?rest_route=\/wp\/v2\/types\/page"}],"author":[{"embeddable":true,"href":"https:\/\/ind-charleroi.be\/index.php?rest_route=\/wp\/v2\/users\/1"}],"replies":[{"embeddable":true,"href":"https:\/\/ind-charleroi.be\/index.php?rest_route=%2Fwp%2Fv2%2Fcomments&post=152"}],"version-history":[{"count":6,"href":"https:\/\/ind-charleroi.be\/index.php?rest_route=\/wp\/v2\/pages\/152\/revisions"}],"predecessor-version":[{"id":5268,"href":"https:\/\/ind-charleroi.be\/index.php?rest_route=\/wp\/v2\/pages\/152\/revisions\/5268"}],"wp:attachment":[{"href":"https:\/\/ind-charleroi.be\/index.php?rest_route=%2Fwp%2Fv2%2Fmedia&parent=152"}],"curies":[{"name":"wp","href":"https:\/\/api.w.org\/{rel}","templated":true}]}}