{"id":154,"date":"2022-06-17T16:29:44","date_gmt":"2022-06-17T16:29:44","guid":{"rendered":"https:\/\/ind-charleroi.be\/?page_id=154"},"modified":"2022-12-28T15:19:53","modified_gmt":"2022-12-28T15:19:53","slug":"regles-dacces-de-sortie-2","status":"publish","type":"page","link":"https:\/\/ind-charleroi.be\/?page_id=154","title":{"rendered":"R\u00e8gles d&rsquo;acc\u00e8s &#8211; de sortie"},"content":{"rendered":"\n<p><strong><u>R\u00e8gles d\u2019acc\u00e8s et de sortie<\/u><\/strong><\/p>\n\n\n\n<figure class=\"wp-block-gallery has-nested-images columns-default is-cropped wp-block-gallery-1 is-layout-flex wp-block-gallery-is-layout-flex\">\n<figure class=\"wp-block-image size-large\"><img fetchpriority=\"high\" decoding=\"async\" width=\"1024\" height=\"724\" data-id=\"5272\" src=\"https:\/\/ind-charleroi.be\/wp-content\/uploads\/2022\/12\/cour-acces-parents_pages-to-jpg-0001-2-1024x724.jpg\" alt=\"\" class=\"wp-image-5272\" srcset=\"https:\/\/ind-charleroi.be\/wp-content\/uploads\/2022\/12\/cour-acces-parents_pages-to-jpg-0001-2-1024x724.jpg 1024w, https:\/\/ind-charleroi.be\/wp-content\/uploads\/2022\/12\/cour-acces-parents_pages-to-jpg-0001-2-300x212.jpg 300w, https:\/\/ind-charleroi.be\/wp-content\/uploads\/2022\/12\/cour-acces-parents_pages-to-jpg-0001-2-768x543.jpg 768w, https:\/\/ind-charleroi.be\/wp-content\/uploads\/2022\/12\/cour-acces-parents_pages-to-jpg-0001-2-1536x1086.jpg 1536w, https:\/\/ind-charleroi.be\/wp-content\/uploads\/2022\/12\/cour-acces-parents_pages-to-jpg-0001-2.jpg 1754w\" sizes=\"(max-width: 1024px) 100vw, 1024px\" \/><\/figure>\n<\/figure>\n\n\n\n<ol class=\"wp-block-list\" type=\"1\">\n<li><strong>Arriv\u00e9e \u00e0 l\u2019\u00e9cole\u00a0:<\/strong><\/li>\n<\/ol>\n\n\n\n<p>Les enfants sont d\u00e9pos\u00e9s \u00e0 la grille de la rue Charleville au plus tard <strong>5 minutes avant le d\u00e9but des cours <\/strong>(8h30). Les parents s\u2019assurent que leur enfant est pris en charge par un surveillant ou enseignant. L\u2019acc\u00e8s \u00e0 l\u2019int\u00e9rieur de la cour n\u2019est pas permis aux parents. Toute absence au-del\u00e0 de 8h45 devra \u00eatre excus\u00e9e par un justificatif motiv\u00e9 des parents.<\/p>\n\n\n\n<ul class=\"wp-block-list\">\n<li><strong>Sortie de l\u2019\u00e9cole :<\/strong><\/li>\n<\/ul>\n\n\n\n<p>A la fin des cours, soit l\u2019enfant attend ses parents ou responsables dans la cour, soit il reste \u00e0 la garderie et\/ou \u00e0 l\u2019\u00e9tude.<\/p>\n\n\n\n<p>En cas de changement concernant la personne qui reprend l\u2019enfant, les parents ou responsable l\u00e9gal devra le notifier par \u00e9crit \u00e0 l\u2019\u00e9cole (via le journal de classe si c\u2019est connu la veille ou par mail \u00e0 la direction ou au secr\u00e9tariat). Une pi\u00e8ce d\u2019identit\u00e9 sera demand\u00e9e pour reprendre l\u2019\u00e9l\u00e8ve en question.<\/p>\n\n\n\n<p>Les enfants de P5-P6 peuvent disposer d\u2019une carte de sortie pour attendre les parents devant l\u2019\u00e9cole, reprendre le bus, \u2026 Elle devra \u00eatre sign\u00e9e par le responsable l\u00e9gal et pr\u00e9sent\u00e9e \u00e0 chaque sortie au surveillant. En cas d\u2019oubli, les enfants devront rester \u00e0 la garderie.<\/p>\n\n\n\n<p>Sur le trottoir, l\u2019enfant n\u2019est plus sous la surveillance des enseignants\/surveillants.<\/p>\n\n\n\n<p>Lors du changement d\u2019implantation \u00e0 17h00, les parents doivent s\u2019abstenir de reprendre leur enfant sur la route. Ils attendront \u00e0 l\u2019\u00e9cole fondamentale.<\/p>\n\n\n\n<ul class=\"wp-block-list\">\n<li><strong>Temps de midi :<\/strong><\/li>\n<\/ul>\n\n\n\n<p>Seuls les enfants retournant chez eux repris par leurs parents sont autoris\u00e9s \u00e0 quitter la cour (avec leur carte de sortie sp\u00e9cifique temps de midi pr\u00e9sent\u00e9e au surveillant). Apr\u00e8s le repas, Ils pourront regagner l\u2019\u00e9cole \u00e0 partir de 13h20 par la grille.<\/p>\n\n\n\n<p>Toute sortie occasionnelle d\u2019un \u00e9l\u00e8ve passant habituellement le temps de midi \u00e0 l\u2019\u00e9cole place l\u2019enfant sous la seule responsabilit\u00e9 des parents ; cette sortie doit \u00eatre signal\u00e9e par \u00e9crit&nbsp; et approuv\u00e9e par le titulaire. L\u2019enfant sera repris \u00e0 12h15 \u00e0 la grille.<\/p>\n\n\n\n<p>Les enfants ayant command\u00e9 un repas complet se rendront sous la surveillance d\u2019un ATL \u00e0 l\u2019\u00e9cole fondamentale le temps du repas.<\/p>\n\n\n\n<ul class=\"wp-block-list\">\n<li><strong>Les parents&nbsp;:<\/strong><\/li>\n<\/ul>\n\n\n\n<p>L\u2019acc\u00e8s des parents aux locaux de classe est interdit pendant les heures de cours, sauf autorisation de la direction. Pendant ce temps scolaire, il doit y avoir un motif s\u00e9rieux et imp\u00e9rieux pour demander \u00e0 rencontrer un enseignant ou pour reprendre son enfant. Si tel est le cas, les parents passeront pr\u00e9alablement par la direction.<\/p>\n\n\n\n<p>Les enseignants se tiennent \u00e0 la disposition des parents avant ou apr\u00e8s les cours sur rendez-vous, jamais pendant le temps de classe (hormis les temps de pause de l\u2019enseignant selon ses propres volont\u00e9s).<\/p>\n\n\n\n<p>En cas d\u2019urgence, il convient de prendre contact avec la direction : 071\/20.71.23<\/p>\n\n\n\n<figure class=\"wp-block-gallery has-nested-images columns-default is-cropped wp-block-gallery-2 is-layout-flex wp-block-gallery-is-layout-flex\">\n<figure class=\"wp-block-image size-large\"><img decoding=\"async\" width=\"1024\" height=\"680\" data-id=\"5274\" src=\"https:\/\/ind-charleroi.be\/wp-content\/uploads\/2022\/12\/phone-1024x680.jpg\" alt=\"\" class=\"wp-image-5274\" srcset=\"https:\/\/ind-charleroi.be\/wp-content\/uploads\/2022\/12\/phone-1024x680.jpg 1024w, https:\/\/ind-charleroi.be\/wp-content\/uploads\/2022\/12\/phone-300x199.jpg 300w, https:\/\/ind-charleroi.be\/wp-content\/uploads\/2022\/12\/phone-768x510.jpg 768w, https:\/\/ind-charleroi.be\/wp-content\/uploads\/2022\/12\/phone-1536x1020.jpg 1536w, https:\/\/ind-charleroi.be\/wp-content\/uploads\/2022\/12\/phone.jpg 1920w\" sizes=\"(max-width: 1024px) 100vw, 1024px\" \/><\/figure>\n<\/figure>\n","protected":false},"excerpt":{"rendered":"<p>R\u00e8gles d\u2019acc\u00e8s et de sortie Les enfants sont d\u00e9pos\u00e9s \u00e0 la grille de la rue Charleville au plus tard 5 minutes avant le d\u00e9but des cours (8h30). Les parents s\u2019assurent que leur enfant est pris en charge par un surveillant ou enseignant. L\u2019acc\u00e8s \u00e0 l\u2019int\u00e9rieur de la cour n\u2019est pas permis aux parents. Toute absence au-del\u00e0 de 8h45 devra \u00eatre excus\u00e9e par un justificatif motiv\u00e9 [&hellip;]<\/p>\n","protected":false},"author":1,"featured_media":0,"parent":0,"menu_order":0,"comment_status":"closed","ping_status":"closed","template":"","meta":{"footnotes":""},"class_list":["post-154","page","type-page","status-publish","hentry"],"yoast_head":"<!-- This site is optimized with the Yoast SEO plugin v27.4 - https:\/\/yoast.com\/product\/yoast-seo-wordpress\/ -->\n<title>R\u00e8gles d&#039;acc\u00e8s - de sortie - Institut Notre-Dame<\/title>\n<meta name=\"robots\" content=\"index, follow, max-snippet:-1, max-image-preview:large, max-video-preview:-1\" \/>\n<link rel=\"canonical\" href=\"https:\/\/ind-charleroi.be\/?page_id=154\" \/>\n<meta property=\"og:locale\" content=\"fr_FR\" \/>\n<meta property=\"og:type\" content=\"article\" \/>\n<meta property=\"og:title\" content=\"R\u00e8gles d&#039;acc\u00e8s - de sortie - Institut Notre-Dame\" \/>\n<meta property=\"og:description\" content=\"R\u00e8gles d\u2019acc\u00e8s et de sortie Les enfants sont d\u00e9pos\u00e9s \u00e0 la grille de la rue Charleville au plus tard 5 minutes avant le d\u00e9but des cours (8h30). Les parents s\u2019assurent que leur enfant est pris en charge par un surveillant ou enseignant. L\u2019acc\u00e8s \u00e0 l\u2019int\u00e9rieur de la cour n\u2019est pas permis aux parents. Toute absence au-del\u00e0 de 8h45 devra \u00eatre excus\u00e9e par un justificatif motiv\u00e9 [&hellip;]\" \/>\n<meta property=\"og:url\" content=\"https:\/\/ind-charleroi.be\/?page_id=154\" \/>\n<meta property=\"og:site_name\" content=\"Institut Notre-Dame\" \/>\n<meta property=\"article:modified_time\" content=\"2022-12-28T15:19:53+00:00\" \/>\n<meta property=\"og:image\" content=\"https:\/\/ind-charleroi.be\/wp-content\/uploads\/2022\/12\/cour-acces-parents_pages-to-jpg-0001-2-1024x724.jpg\" \/>\n<meta name=\"twitter:card\" content=\"summary_large_image\" \/>\n<meta name=\"twitter:label1\" content=\"Dur\u00e9e de lecture estim\u00e9e\" \/>\n\t<meta name=\"twitter:data1\" content=\"3 minutes\" \/>\n<script type=\"application\/ld+json\" class=\"yoast-schema-graph\">{\"@context\":\"https:\\\/\\\/schema.org\",\"@graph\":[{\"@type\":\"WebPage\",\"@id\":\"https:\\\/\\\/ind-charleroi.be\\\/?page_id=154\",\"url\":\"https:\\\/\\\/ind-charleroi.be\\\/?page_id=154\",\"name\":\"R\u00e8gles d'acc\u00e8s - de sortie - Institut Notre-Dame\",\"isPartOf\":{\"@id\":\"https:\\\/\\\/ind-charleroi.be\\\/#website\"},\"primaryImageOfPage\":{\"@id\":\"https:\\\/\\\/ind-charleroi.be\\\/?page_id=154#primaryimage\"},\"image\":{\"@id\":\"https:\\\/\\\/ind-charleroi.be\\\/?page_id=154#primaryimage\"},\"thumbnailUrl\":\"https:\\\/\\\/ind-charleroi.be\\\/wp-content\\\/uploads\\\/2022\\\/12\\\/cour-acces-parents_pages-to-jpg-0001-2-1024x724.jpg\",\"datePublished\":\"2022-06-17T16:29:44+00:00\",\"dateModified\":\"2022-12-28T15:19:53+00:00\",\"breadcrumb\":{\"@id\":\"https:\\\/\\\/ind-charleroi.be\\\/?page_id=154#breadcrumb\"},\"inLanguage\":\"fr-FR\",\"potentialAction\":[{\"@type\":\"ReadAction\",\"target\":[\"https:\\\/\\\/ind-charleroi.be\\\/?page_id=154\"]}]},{\"@type\":\"ImageObject\",\"inLanguage\":\"fr-FR\",\"@id\":\"https:\\\/\\\/ind-charleroi.be\\\/?page_id=154#primaryimage\",\"url\":\"https:\\\/\\\/ind-charleroi.be\\\/wp-content\\\/uploads\\\/2022\\\/12\\\/cour-acces-parents_pages-to-jpg-0001-2.jpg\",\"contentUrl\":\"https:\\\/\\\/ind-charleroi.be\\\/wp-content\\\/uploads\\\/2022\\\/12\\\/cour-acces-parents_pages-to-jpg-0001-2.jpg\",\"width\":1754,\"height\":1240},{\"@type\":\"BreadcrumbList\",\"@id\":\"https:\\\/\\\/ind-charleroi.be\\\/?page_id=154#breadcrumb\",\"itemListElement\":[{\"@type\":\"ListItem\",\"position\":1,\"name\":\"Accueil\",\"item\":\"https:\\\/\\\/ind-charleroi.be\\\/\"},{\"@type\":\"ListItem\",\"position\":2,\"name\":\"R\u00e8gles d&rsquo;acc\u00e8s &#8211; de sortie\"}]},{\"@type\":\"WebSite\",\"@id\":\"https:\\\/\\\/ind-charleroi.be\\\/#website\",\"url\":\"https:\\\/\\\/ind-charleroi.be\\\/\",\"name\":\"Institut Notre-Dame\",\"description\":\"Aujourd&#039;hui pour demain\",\"publisher\":{\"@id\":\"https:\\\/\\\/ind-charleroi.be\\\/#organization\"},\"potentialAction\":[{\"@type\":\"SearchAction\",\"target\":{\"@type\":\"EntryPoint\",\"urlTemplate\":\"https:\\\/\\\/ind-charleroi.be\\\/?s={search_term_string}\"},\"query-input\":{\"@type\":\"PropertyValueSpecification\",\"valueRequired\":true,\"valueName\":\"search_term_string\"}}],\"inLanguage\":\"fr-FR\"},{\"@type\":\"Organization\",\"@id\":\"https:\\\/\\\/ind-charleroi.be\\\/#organization\",\"name\":\"Institut Notre-Dame\",\"url\":\"https:\\\/\\\/ind-charleroi.be\\\/\",\"logo\":{\"@type\":\"ImageObject\",\"inLanguage\":\"fr-FR\",\"@id\":\"https:\\\/\\\/ind-charleroi.be\\\/#\\\/schema\\\/logo\\\/image\\\/\",\"url\":\"https:\\\/\\\/ind-charleroi.be\\\/wp-content\\\/uploads\\\/2022\\\/12\\\/cropped-logo-ind2022.jpg\",\"contentUrl\":\"https:\\\/\\\/ind-charleroi.be\\\/wp-content\\\/uploads\\\/2022\\\/12\\\/cropped-logo-ind2022.jpg\",\"width\":1205,\"height\":505,\"caption\":\"Institut Notre-Dame\"},\"image\":{\"@id\":\"https:\\\/\\\/ind-charleroi.be\\\/#\\\/schema\\\/logo\\\/image\\\/\"}}]}<\/script>\n<!-- \/ Yoast SEO plugin. -->","yoast_head_json":{"title":"R\u00e8gles d'acc\u00e8s - de sortie - Institut Notre-Dame","robots":{"index":"index","follow":"follow","max-snippet":"max-snippet:-1","max-image-preview":"max-image-preview:large","max-video-preview":"max-video-preview:-1"},"canonical":"https:\/\/ind-charleroi.be\/?page_id=154","og_locale":"fr_FR","og_type":"article","og_title":"R\u00e8gles d'acc\u00e8s - de sortie - Institut Notre-Dame","og_description":"R\u00e8gles d\u2019acc\u00e8s et de sortie Les enfants sont d\u00e9pos\u00e9s \u00e0 la grille de la rue Charleville au plus tard 5 minutes avant le d\u00e9but des cours (8h30). Les parents s\u2019assurent que leur enfant est pris en charge par un surveillant ou enseignant. L\u2019acc\u00e8s \u00e0 l\u2019int\u00e9rieur de la cour n\u2019est pas permis aux parents. Toute absence au-del\u00e0 de 8h45 devra \u00eatre excus\u00e9e par un justificatif motiv\u00e9 [&hellip;]","og_url":"https:\/\/ind-charleroi.be\/?page_id=154","og_site_name":"Institut Notre-Dame","article_modified_time":"2022-12-28T15:19:53+00:00","og_image":[{"url":"https:\/\/ind-charleroi.be\/wp-content\/uploads\/2022\/12\/cour-acces-parents_pages-to-jpg-0001-2-1024x724.jpg","type":"","width":"","height":""}],"twitter_card":"summary_large_image","twitter_misc":{"Dur\u00e9e de lecture estim\u00e9e":"3 minutes"},"schema":{"@context":"https:\/\/schema.org","@graph":[{"@type":"WebPage","@id":"https:\/\/ind-charleroi.be\/?page_id=154","url":"https:\/\/ind-charleroi.be\/?page_id=154","name":"R\u00e8gles d'acc\u00e8s - de sortie - Institut Notre-Dame","isPartOf":{"@id":"https:\/\/ind-charleroi.be\/#website"},"primaryImageOfPage":{"@id":"https:\/\/ind-charleroi.be\/?page_id=154#primaryimage"},"image":{"@id":"https:\/\/ind-charleroi.be\/?page_id=154#primaryimage"},"thumbnailUrl":"https:\/\/ind-charleroi.be\/wp-content\/uploads\/2022\/12\/cour-acces-parents_pages-to-jpg-0001-2-1024x724.jpg","datePublished":"2022-06-17T16:29:44+00:00","dateModified":"2022-12-28T15:19:53+00:00","breadcrumb":{"@id":"https:\/\/ind-charleroi.be\/?page_id=154#breadcrumb"},"inLanguage":"fr-FR","potentialAction":[{"@type":"ReadAction","target":["https:\/\/ind-charleroi.be\/?page_id=154"]}]},{"@type":"ImageObject","inLanguage":"fr-FR","@id":"https:\/\/ind-charleroi.be\/?page_id=154#primaryimage","url":"https:\/\/ind-charleroi.be\/wp-content\/uploads\/2022\/12\/cour-acces-parents_pages-to-jpg-0001-2.jpg","contentUrl":"https:\/\/ind-charleroi.be\/wp-content\/uploads\/2022\/12\/cour-acces-parents_pages-to-jpg-0001-2.jpg","width":1754,"height":1240},{"@type":"BreadcrumbList","@id":"https:\/\/ind-charleroi.be\/?page_id=154#breadcrumb","itemListElement":[{"@type":"ListItem","position":1,"name":"Accueil","item":"https:\/\/ind-charleroi.be\/"},{"@type":"ListItem","position":2,"name":"R\u00e8gles d&rsquo;acc\u00e8s &#8211; de sortie"}]},{"@type":"WebSite","@id":"https:\/\/ind-charleroi.be\/#website","url":"https:\/\/ind-charleroi.be\/","name":"Institut Notre-Dame","description":"Aujourd&#039;hui pour demain","publisher":{"@id":"https:\/\/ind-charleroi.be\/#organization"},"potentialAction":[{"@type":"SearchAction","target":{"@type":"EntryPoint","urlTemplate":"https:\/\/ind-charleroi.be\/?s={search_term_string}"},"query-input":{"@type":"PropertyValueSpecification","valueRequired":true,"valueName":"search_term_string"}}],"inLanguage":"fr-FR"},{"@type":"Organization","@id":"https:\/\/ind-charleroi.be\/#organization","name":"Institut Notre-Dame","url":"https:\/\/ind-charleroi.be\/","logo":{"@type":"ImageObject","inLanguage":"fr-FR","@id":"https:\/\/ind-charleroi.be\/#\/schema\/logo\/image\/","url":"https:\/\/ind-charleroi.be\/wp-content\/uploads\/2022\/12\/cropped-logo-ind2022.jpg","contentUrl":"https:\/\/ind-charleroi.be\/wp-content\/uploads\/2022\/12\/cropped-logo-ind2022.jpg","width":1205,"height":505,"caption":"Institut Notre-Dame"},"image":{"@id":"https:\/\/ind-charleroi.be\/#\/schema\/logo\/image\/"}}]}},"jetpack_sharing_enabled":true,"_links":{"self":[{"href":"https:\/\/ind-charleroi.be\/index.php?rest_route=\/wp\/v2\/pages\/154","targetHints":{"allow":["GET"]}}],"collection":[{"href":"https:\/\/ind-charleroi.be\/index.php?rest_route=\/wp\/v2\/pages"}],"about":[{"href":"https:\/\/ind-charleroi.be\/index.php?rest_route=\/wp\/v2\/types\/page"}],"author":[{"embeddable":true,"href":"https:\/\/ind-charleroi.be\/index.php?rest_route=\/wp\/v2\/users\/1"}],"replies":[{"embeddable":true,"href":"https:\/\/ind-charleroi.be\/index.php?rest_route=%2Fwp%2Fv2%2Fcomments&post=154"}],"version-history":[{"count":4,"href":"https:\/\/ind-charleroi.be\/index.php?rest_route=\/wp\/v2\/pages\/154\/revisions"}],"predecessor-version":[{"id":5276,"href":"https:\/\/ind-charleroi.be\/index.php?rest_route=\/wp\/v2\/pages\/154\/revisions\/5276"}],"wp:attachment":[{"href":"https:\/\/ind-charleroi.be\/index.php?rest_route=%2Fwp%2Fv2%2Fmedia&parent=154"}],"curies":[{"name":"wp","href":"https:\/\/api.w.org\/{rel}","templated":true}]}}