{"id":156,"date":"2022-06-17T16:29:44","date_gmt":"2022-06-17T16:29:44","guid":{"rendered":"https:\/\/ind-charleroi.be\/?page_id=156"},"modified":"2022-12-28T16:20:23","modified_gmt":"2022-12-28T16:20:23","slug":"la-discipline-2","status":"publish","type":"page","link":"https:\/\/ind-charleroi.be\/?page_id=156","title":{"rendered":"La discipline"},"content":{"rendered":"\n<p>Voici les r\u00e8gles fondamentales que nous avons instaur\u00e9es au sein de notre \u00e9tablissement.<\/p>\n\n\n<div class=\"wp-block-image\">\n<figure class=\"alignright size-full is-resized\"><img decoding=\"async\" src=\"https:\/\/ind-charleroi.be\/wp-content\/uploads\/2022\/12\/logo-im.jpg\" alt=\"\" class=\"wp-image-5296\" width=\"240\" height=\"176\" srcset=\"https:\/\/ind-charleroi.be\/wp-content\/uploads\/2022\/12\/logo-im.jpg 592w, https:\/\/ind-charleroi.be\/wp-content\/uploads\/2022\/12\/logo-im-300x221.jpg 300w\" sizes=\"(max-width: 240px) 100vw, 240px\" \/><\/figure>\n<\/div>\n\n\n<p><em>&nbsp;Nous \u00e0 l\u2019IND,<\/em><\/p>\n\n\n\n<p><em>\u2022 Nous respectons les r\u00e8gles et les valeurs de l\u2019\u00e9cole ;<\/em><\/p>\n\n\n\n<p><em>\u2022 Nous respectons notre int\u00e9grit\u00e9 physique et morale et celles des autres ;<\/em><\/p>\n\n\n\n<p><em>\u2022 Nous sommes respectueux dans nos paroles ;<\/em><\/p>\n\n\n\n<p><em>\u2022 Nous prenons soin du mat\u00e9riel et des locaux mis \u00e0 notre disposition ;<\/em><\/p>\n\n\n\n<p><em>\u2022 Nous respectons la propri\u00e9t\u00e9 de tous ;<\/em><\/p>\n\n\n\n<p><em>\u2022 Nous respectons les r\u00e8gles de s\u00e9curit\u00e9. `<\/em><\/p>\n\n\n\n<p><\/p>\n\n\n\n<p>Nous tenons \u00e0 renforcer la discipline dans notre \u00e9cole. C\u2019est pour cela que nous portons une attention toute particuli\u00e8re \u00e0 la communication avec les parents. Dans ce sens, la Direction se chargera de contacter directement les parents des enfants qui se sont rendus coupables de violence, grossi\u00e8ret\u00e9, manque de respect envers des camarades ou de l\u2019\u00e9quipe \u00e9ducative, de racisme, \u2026<\/p>\n\n\n\n<p>En cas de non-respect de ces r\u00e8gles fondamentales et apr\u00e8s la mise en place de fiches de r\u00e9flexion, un permis \u00e0 points via un carnet de discipline et un dossier disciplinaire seront mis en place. L\u2019enfant fautif recevra un capital de 30 points. Apr\u00e8s chaque m\u00e9fait, des points, variables selon leur gravit\u00e9, seront soustraits. Une fois la r\u00e9serve \u00e9puis\u00e9e, retenue sera appliqu\u00e9e. L\u2019enfant recevra \u00e0 nouveau 30 points et des sanctions plus lourdes seront prises.<\/p>\n\n\n\n<p>Les points indiqu\u00e9s dans le carnet de discipline le sont \u00e0 titre indicatif et peuvent \u00eatre revus \u00e0 la hausse selon la gravit\u00e9 des faits ou la r\u00e9cidive.<\/p>\n\n\n\n<p>Voici la hi\u00e9rarchisation des sanctions :<\/p>\n\n\n\n<ul class=\"wp-block-list\">\n<li>Fiche de r\u00e9flexion ;<\/li>\n\n\n\n<li>Passage au permis \u00e0 points ;<\/li>\n\n\n\n<li>Premi\u00e8re perte des 30 points : retenue ;<\/li>\n\n\n\n<li>Deuxi\u00e8me perte des 30 points : 1 jour de renvoi ;<\/li>\n\n\n\n<li>Troisi\u00e8me perte des 30 points : 3 jours de renvoi ;<\/li>\n\n\n\n<li>Quatri\u00e8me perte des 30 points : renvoi d\u00e9finitif.<\/li>\n<\/ul>\n\n\n\n<p><strong>Objets interdits<\/strong><\/p>\n\n\n\n<p>Apporter \u00e0 l\u2019\u00e9cole des objets qui n\u2019ont rien \u00e0 voir avec les activit\u00e9s scolaires (bijoux, jouets, argent, consoles de jeux, \u2026) est interdit.&nbsp;Il est facile d\u2019\u00e9viter les ennuis en laissant ces objets \u00e0 la&nbsp;maison !<\/p>\n\n\n<div class=\"wp-block-image\">\n<figure class=\"alignleft size-large is-resized\"><img fetchpriority=\"high\" decoding=\"async\" src=\"https:\/\/ind-charleroi.be\/wp-content\/uploads\/2022\/12\/smartphone-1024x1024.png\" alt=\"\" class=\"wp-image-5298\" width=\"242\" height=\"242\" srcset=\"https:\/\/ind-charleroi.be\/wp-content\/uploads\/2022\/12\/smartphone-1024x1024.png 1024w, https:\/\/ind-charleroi.be\/wp-content\/uploads\/2022\/12\/smartphone-300x300.png 300w, https:\/\/ind-charleroi.be\/wp-content\/uploads\/2022\/12\/smartphone-150x150.png 150w, https:\/\/ind-charleroi.be\/wp-content\/uploads\/2022\/12\/smartphone-768x768.png 768w, https:\/\/ind-charleroi.be\/wp-content\/uploads\/2022\/12\/smartphone.png 1280w\" sizes=\"(max-width: 242px) 100vw, 242px\" \/><\/figure>\n<\/div>\n\n\n<p><strong>L\u2019utilisation du smartphone (ou de tablette) est interdite dans les b\u00e2timents scolaires.<\/strong><\/p>\n\n\n\n<p>Celui-ci doit \u00eatre \u00e9teint et hors de vue, pas seulement mis en silencieux ! Si le titulaire dispose d\u2019une bo\u00eete \u00e0 t\u00e9l\u00e9phones, il doit y rester la journ\u00e9e.<\/p>\n\n\n\n<p>Si cette r\u00e8gle n\u2019est pas respect\u00e9e, le smartphone sera confisqu\u00e9 sans possibilit\u00e9 de discussion et remis apr\u00e8s un contact avec les parents. En cas de r\u00e9cidive, l\u2019objet sera gard\u00e9 jusqu\u2019\u00e0 la rencontre avec les parents et une sanction.<\/p>\n\n\n\n<p><strong>L\u2019\u00e9cole d\u00e9cline toute responsabilit\u00e9 en cas de vol ou de perte d\u2019objets personnels<\/strong>. Les v\u00eatements et objets seront au maximum marqu\u00e9s au nom de l\u2019enfant.<\/p>\n\n\n\n<p>De plus, les probl\u00e8mes li\u00e9s aux r\u00e9seaux sociaux qui se d\u00e9roulent en dehors des heures de cours sont \u00e0 r\u00e9gler par les parents. Si cela devait amener des probl\u00e8mes en classe, les parents seraient alors invit\u00e9s \u00e0 r\u00e9gler entre eux les conflits. Une aide peut \u00eatre envisag\u00e9e en s\u2019adressant au centre PMS.<\/p>\n","protected":false},"excerpt":{"rendered":"<p>Voici les r\u00e8gles fondamentales que nous avons instaur\u00e9es au sein de notre \u00e9tablissement. &nbsp;Nous \u00e0 l\u2019IND, \u2022 Nous respectons les r\u00e8gles et les valeurs de l\u2019\u00e9cole ; \u2022 Nous respectons notre int\u00e9grit\u00e9 physique et morale et celles des autres ; \u2022 Nous sommes respectueux dans nos paroles ; \u2022 Nous prenons soin du mat\u00e9riel et des locaux mis \u00e0 notre disposition ; \u2022 Nous respectons [&hellip;]<\/p>\n","protected":false},"author":1,"featured_media":0,"parent":0,"menu_order":0,"comment_status":"closed","ping_status":"closed","template":"","meta":{"footnotes":""},"class_list":["post-156","page","type-page","status-publish","hentry"],"yoast_head":"<!-- This site is optimized with the Yoast SEO plugin v27.4 - https:\/\/yoast.com\/product\/yoast-seo-wordpress\/ -->\n<title>La discipline - Institut Notre-Dame<\/title>\n<meta name=\"robots\" content=\"index, follow, max-snippet:-1, max-image-preview:large, max-video-preview:-1\" \/>\n<link rel=\"canonical\" href=\"https:\/\/ind-charleroi.be\/?page_id=156\" \/>\n<meta property=\"og:locale\" content=\"fr_FR\" \/>\n<meta property=\"og:type\" content=\"article\" \/>\n<meta property=\"og:title\" content=\"La discipline - Institut Notre-Dame\" \/>\n<meta property=\"og:description\" content=\"Voici les r\u00e8gles fondamentales que nous avons instaur\u00e9es au sein de notre \u00e9tablissement. &nbsp;Nous \u00e0 l\u2019IND, \u2022 Nous respectons les r\u00e8gles et les valeurs de l\u2019\u00e9cole ; \u2022 Nous respectons notre int\u00e9grit\u00e9 physique et morale et celles des autres ; \u2022 Nous sommes respectueux dans nos paroles ; \u2022 Nous prenons soin du mat\u00e9riel et des locaux mis \u00e0 notre disposition ; \u2022 Nous respectons [&hellip;]\" \/>\n<meta property=\"og:url\" content=\"https:\/\/ind-charleroi.be\/?page_id=156\" \/>\n<meta property=\"og:site_name\" content=\"Institut Notre-Dame\" \/>\n<meta property=\"article:modified_time\" content=\"2022-12-28T16:20:23+00:00\" \/>\n<meta property=\"og:image\" content=\"https:\/\/ind-charleroi.be\/wp-content\/uploads\/2022\/12\/logo-im.jpg\" \/>\n<meta name=\"twitter:card\" content=\"summary_large_image\" \/>\n<meta name=\"twitter:label1\" content=\"Dur\u00e9e de lecture estim\u00e9e\" \/>\n\t<meta name=\"twitter:data1\" content=\"3 minutes\" \/>\n<script type=\"application\/ld+json\" class=\"yoast-schema-graph\">{\"@context\":\"https:\\\/\\\/schema.org\",\"@graph\":[{\"@type\":\"WebPage\",\"@id\":\"https:\\\/\\\/ind-charleroi.be\\\/?page_id=156\",\"url\":\"https:\\\/\\\/ind-charleroi.be\\\/?page_id=156\",\"name\":\"La discipline - Institut Notre-Dame\",\"isPartOf\":{\"@id\":\"https:\\\/\\\/ind-charleroi.be\\\/#website\"},\"primaryImageOfPage\":{\"@id\":\"https:\\\/\\\/ind-charleroi.be\\\/?page_id=156#primaryimage\"},\"image\":{\"@id\":\"https:\\\/\\\/ind-charleroi.be\\\/?page_id=156#primaryimage\"},\"thumbnailUrl\":\"https:\\\/\\\/ind-charleroi.be\\\/wp-content\\\/uploads\\\/2022\\\/12\\\/logo-im.jpg\",\"datePublished\":\"2022-06-17T16:29:44+00:00\",\"dateModified\":\"2022-12-28T16:20:23+00:00\",\"breadcrumb\":{\"@id\":\"https:\\\/\\\/ind-charleroi.be\\\/?page_id=156#breadcrumb\"},\"inLanguage\":\"fr-FR\",\"potentialAction\":[{\"@type\":\"ReadAction\",\"target\":[\"https:\\\/\\\/ind-charleroi.be\\\/?page_id=156\"]}]},{\"@type\":\"ImageObject\",\"inLanguage\":\"fr-FR\",\"@id\":\"https:\\\/\\\/ind-charleroi.be\\\/?page_id=156#primaryimage\",\"url\":\"https:\\\/\\\/ind-charleroi.be\\\/wp-content\\\/uploads\\\/2022\\\/12\\\/logo-im.jpg\",\"contentUrl\":\"https:\\\/\\\/ind-charleroi.be\\\/wp-content\\\/uploads\\\/2022\\\/12\\\/logo-im.jpg\",\"width\":592,\"height\":436},{\"@type\":\"BreadcrumbList\",\"@id\":\"https:\\\/\\\/ind-charleroi.be\\\/?page_id=156#breadcrumb\",\"itemListElement\":[{\"@type\":\"ListItem\",\"position\":1,\"name\":\"Accueil\",\"item\":\"https:\\\/\\\/ind-charleroi.be\\\/\"},{\"@type\":\"ListItem\",\"position\":2,\"name\":\"La discipline\"}]},{\"@type\":\"WebSite\",\"@id\":\"https:\\\/\\\/ind-charleroi.be\\\/#website\",\"url\":\"https:\\\/\\\/ind-charleroi.be\\\/\",\"name\":\"Institut Notre-Dame\",\"description\":\"Aujourd&#039;hui pour demain\",\"publisher\":{\"@id\":\"https:\\\/\\\/ind-charleroi.be\\\/#organization\"},\"potentialAction\":[{\"@type\":\"SearchAction\",\"target\":{\"@type\":\"EntryPoint\",\"urlTemplate\":\"https:\\\/\\\/ind-charleroi.be\\\/?s={search_term_string}\"},\"query-input\":{\"@type\":\"PropertyValueSpecification\",\"valueRequired\":true,\"valueName\":\"search_term_string\"}}],\"inLanguage\":\"fr-FR\"},{\"@type\":\"Organization\",\"@id\":\"https:\\\/\\\/ind-charleroi.be\\\/#organization\",\"name\":\"Institut Notre-Dame\",\"url\":\"https:\\\/\\\/ind-charleroi.be\\\/\",\"logo\":{\"@type\":\"ImageObject\",\"inLanguage\":\"fr-FR\",\"@id\":\"https:\\\/\\\/ind-charleroi.be\\\/#\\\/schema\\\/logo\\\/image\\\/\",\"url\":\"https:\\\/\\\/ind-charleroi.be\\\/wp-content\\\/uploads\\\/2022\\\/12\\\/cropped-logo-ind2022.jpg\",\"contentUrl\":\"https:\\\/\\\/ind-charleroi.be\\\/wp-content\\\/uploads\\\/2022\\\/12\\\/cropped-logo-ind2022.jpg\",\"width\":1205,\"height\":505,\"caption\":\"Institut Notre-Dame\"},\"image\":{\"@id\":\"https:\\\/\\\/ind-charleroi.be\\\/#\\\/schema\\\/logo\\\/image\\\/\"}}]}<\/script>\n<!-- \/ Yoast SEO plugin. -->","yoast_head_json":{"title":"La discipline - Institut Notre-Dame","robots":{"index":"index","follow":"follow","max-snippet":"max-snippet:-1","max-image-preview":"max-image-preview:large","max-video-preview":"max-video-preview:-1"},"canonical":"https:\/\/ind-charleroi.be\/?page_id=156","og_locale":"fr_FR","og_type":"article","og_title":"La discipline - Institut Notre-Dame","og_description":"Voici les r\u00e8gles fondamentales que nous avons instaur\u00e9es au sein de notre \u00e9tablissement. &nbsp;Nous \u00e0 l\u2019IND, \u2022 Nous respectons les r\u00e8gles et les valeurs de l\u2019\u00e9cole ; \u2022 Nous respectons notre int\u00e9grit\u00e9 physique et morale et celles des autres ; \u2022 Nous sommes respectueux dans nos paroles ; \u2022 Nous prenons soin du mat\u00e9riel et des locaux mis \u00e0 notre disposition ; \u2022 Nous respectons [&hellip;]","og_url":"https:\/\/ind-charleroi.be\/?page_id=156","og_site_name":"Institut Notre-Dame","article_modified_time":"2022-12-28T16:20:23+00:00","og_image":[{"url":"https:\/\/ind-charleroi.be\/wp-content\/uploads\/2022\/12\/logo-im.jpg","type":"","width":"","height":""}],"twitter_card":"summary_large_image","twitter_misc":{"Dur\u00e9e de lecture estim\u00e9e":"3 minutes"},"schema":{"@context":"https:\/\/schema.org","@graph":[{"@type":"WebPage","@id":"https:\/\/ind-charleroi.be\/?page_id=156","url":"https:\/\/ind-charleroi.be\/?page_id=156","name":"La discipline - Institut Notre-Dame","isPartOf":{"@id":"https:\/\/ind-charleroi.be\/#website"},"primaryImageOfPage":{"@id":"https:\/\/ind-charleroi.be\/?page_id=156#primaryimage"},"image":{"@id":"https:\/\/ind-charleroi.be\/?page_id=156#primaryimage"},"thumbnailUrl":"https:\/\/ind-charleroi.be\/wp-content\/uploads\/2022\/12\/logo-im.jpg","datePublished":"2022-06-17T16:29:44+00:00","dateModified":"2022-12-28T16:20:23+00:00","breadcrumb":{"@id":"https:\/\/ind-charleroi.be\/?page_id=156#breadcrumb"},"inLanguage":"fr-FR","potentialAction":[{"@type":"ReadAction","target":["https:\/\/ind-charleroi.be\/?page_id=156"]}]},{"@type":"ImageObject","inLanguage":"fr-FR","@id":"https:\/\/ind-charleroi.be\/?page_id=156#primaryimage","url":"https:\/\/ind-charleroi.be\/wp-content\/uploads\/2022\/12\/logo-im.jpg","contentUrl":"https:\/\/ind-charleroi.be\/wp-content\/uploads\/2022\/12\/logo-im.jpg","width":592,"height":436},{"@type":"BreadcrumbList","@id":"https:\/\/ind-charleroi.be\/?page_id=156#breadcrumb","itemListElement":[{"@type":"ListItem","position":1,"name":"Accueil","item":"https:\/\/ind-charleroi.be\/"},{"@type":"ListItem","position":2,"name":"La discipline"}]},{"@type":"WebSite","@id":"https:\/\/ind-charleroi.be\/#website","url":"https:\/\/ind-charleroi.be\/","name":"Institut Notre-Dame","description":"Aujourd&#039;hui pour demain","publisher":{"@id":"https:\/\/ind-charleroi.be\/#organization"},"potentialAction":[{"@type":"SearchAction","target":{"@type":"EntryPoint","urlTemplate":"https:\/\/ind-charleroi.be\/?s={search_term_string}"},"query-input":{"@type":"PropertyValueSpecification","valueRequired":true,"valueName":"search_term_string"}}],"inLanguage":"fr-FR"},{"@type":"Organization","@id":"https:\/\/ind-charleroi.be\/#organization","name":"Institut Notre-Dame","url":"https:\/\/ind-charleroi.be\/","logo":{"@type":"ImageObject","inLanguage":"fr-FR","@id":"https:\/\/ind-charleroi.be\/#\/schema\/logo\/image\/","url":"https:\/\/ind-charleroi.be\/wp-content\/uploads\/2022\/12\/cropped-logo-ind2022.jpg","contentUrl":"https:\/\/ind-charleroi.be\/wp-content\/uploads\/2022\/12\/cropped-logo-ind2022.jpg","width":1205,"height":505,"caption":"Institut Notre-Dame"},"image":{"@id":"https:\/\/ind-charleroi.be\/#\/schema\/logo\/image\/"}}]}},"jetpack_sharing_enabled":true,"_links":{"self":[{"href":"https:\/\/ind-charleroi.be\/index.php?rest_route=\/wp\/v2\/pages\/156","targetHints":{"allow":["GET"]}}],"collection":[{"href":"https:\/\/ind-charleroi.be\/index.php?rest_route=\/wp\/v2\/pages"}],"about":[{"href":"https:\/\/ind-charleroi.be\/index.php?rest_route=\/wp\/v2\/types\/page"}],"author":[{"embeddable":true,"href":"https:\/\/ind-charleroi.be\/index.php?rest_route=\/wp\/v2\/users\/1"}],"replies":[{"embeddable":true,"href":"https:\/\/ind-charleroi.be\/index.php?rest_route=%2Fwp%2Fv2%2Fcomments&post=156"}],"version-history":[{"count":2,"href":"https:\/\/ind-charleroi.be\/index.php?rest_route=\/wp\/v2\/pages\/156\/revisions"}],"predecessor-version":[{"id":5299,"href":"https:\/\/ind-charleroi.be\/index.php?rest_route=\/wp\/v2\/pages\/156\/revisions\/5299"}],"wp:attachment":[{"href":"https:\/\/ind-charleroi.be\/index.php?rest_route=%2Fwp%2Fv2%2Fmedia&parent=156"}],"curies":[{"name":"wp","href":"https:\/\/api.w.org\/{rel}","templated":true}]}}