{"id":158,"date":"2022-06-17T16:29:44","date_gmt":"2022-06-17T16:29:44","guid":{"rendered":"https:\/\/ind-charleroi.be\/?page_id=158"},"modified":"2022-12-28T15:33:21","modified_gmt":"2022-12-28T15:33:21","slug":"le-cours-deducation-physique-2","status":"publish","type":"page","link":"https:\/\/ind-charleroi.be\/?page_id=158","title":{"rendered":"Le cours d&rsquo;\u00e9ducation physique"},"content":{"rendered":"\n<p>Ces le\u00e7ons sont donn\u00e9es par un professeur sp\u00e9cialis\u00e9, dipl\u00f4m\u00e9 en \u00e9ducation physique, \u00e0 toutes les classes.<\/p>\n\n\n\n<figure class=\"wp-block-gallery aligncenter has-nested-images columns-default is-cropped wp-block-gallery-1 is-layout-flex wp-block-gallery-is-layout-flex\">\n<figure class=\"wp-block-image size-large\"><img fetchpriority=\"high\" decoding=\"async\" width=\"1024\" height=\"512\" data-id=\"5282\" src=\"https:\/\/ind-charleroi.be\/wp-content\/uploads\/2022\/12\/sport-1024x512.png\" alt=\"\" class=\"wp-image-5282\" srcset=\"https:\/\/ind-charleroi.be\/wp-content\/uploads\/2022\/12\/sport-1024x512.png 1024w, https:\/\/ind-charleroi.be\/wp-content\/uploads\/2022\/12\/sport-300x150.png 300w, https:\/\/ind-charleroi.be\/wp-content\/uploads\/2022\/12\/sport-768x384.png 768w, https:\/\/ind-charleroi.be\/wp-content\/uploads\/2022\/12\/sport.png 1280w\" sizes=\"(max-width: 1024px) 100vw, 1024px\" \/><\/figure>\n<\/figure>\n\n\n\n<p>La tenue obligatoire&nbsp;de ce cours est un&nbsp;short bleu,&nbsp;un t-shirt blanc (id\u00e9alement celui disponible en commande aupr\u00e8s du professeur). Le tout doit \u00eatre rang\u00e9 dans un sac en tissu.<\/p>\n\n\n\n<p>Chaque \u00e9l\u00e9ment doit \u00eatre marqu\u00e9 au nom de l\u2019enfant (y compris le sac).<\/p>\n\n\n\n<p>Ces le\u00e7ons sont obligatoires et seul un certificat m\u00e9dical constituera une dispense valable.<\/p>\n\n\n\n<p>Les enfants sont invit\u00e9s \u00e0 ne pas apporter de bijoux, montres, objets de valeur.&nbsp;L\u2019\u00e9cole&nbsp;ne pourra \u00eatre tenue pour responsables de la disparition de tels objets.<\/p>\n\n\n\n<p>Lors du cours de piscine \u00e0 l\u2019H\u00e9lios, le port du bonnet de l\u2019\u00e9cole est obligatoire pour une question de s\u00e9curit\u00e9. Il est disponible en commande aupr\u00e8s du professeur.<\/p>\n\n\n\n<figure class=\"wp-block-image size-large\"><img decoding=\"async\" width=\"1024\" height=\"678\" src=\"https:\/\/ind-charleroi.be\/wp-content\/uploads\/2022\/12\/swimming-pool-g39f0cc777_1920-1024x678.jpg\" alt=\"\" class=\"wp-image-5283\" srcset=\"https:\/\/ind-charleroi.be\/wp-content\/uploads\/2022\/12\/swimming-pool-g39f0cc777_1920-1024x678.jpg 1024w, https:\/\/ind-charleroi.be\/wp-content\/uploads\/2022\/12\/swimming-pool-g39f0cc777_1920-300x199.jpg 300w, https:\/\/ind-charleroi.be\/wp-content\/uploads\/2022\/12\/swimming-pool-g39f0cc777_1920-768x509.jpg 768w, https:\/\/ind-charleroi.be\/wp-content\/uploads\/2022\/12\/swimming-pool-g39f0cc777_1920-1536x1018.jpg 1536w, https:\/\/ind-charleroi.be\/wp-content\/uploads\/2022\/12\/swimming-pool-g39f0cc777_1920.jpg 1920w\" sizes=\"(max-width: 1024px) 100vw, 1024px\" \/><\/figure>\n","protected":false},"excerpt":{"rendered":"<p>Ces le\u00e7ons sont donn\u00e9es par un professeur sp\u00e9cialis\u00e9, dipl\u00f4m\u00e9 en \u00e9ducation physique, \u00e0 toutes les classes. La tenue obligatoire&nbsp;de ce cours est un&nbsp;short bleu,&nbsp;un t-shirt blanc (id\u00e9alement celui disponible en commande aupr\u00e8s du professeur). Le tout doit \u00eatre rang\u00e9 dans un sac en tissu. Chaque \u00e9l\u00e9ment doit \u00eatre marqu\u00e9 au nom de l\u2019enfant (y compris le sac). Ces le\u00e7ons sont obligatoires et seul un certificat [&hellip;]<\/p>\n","protected":false},"author":1,"featured_media":0,"parent":0,"menu_order":0,"comment_status":"closed","ping_status":"closed","template":"","meta":{"footnotes":""},"class_list":["post-158","page","type-page","status-publish","hentry"],"yoast_head":"<!-- This site is optimized with the Yoast SEO plugin v27.4 - https:\/\/yoast.com\/product\/yoast-seo-wordpress\/ -->\n<title>Le cours d&#039;\u00e9ducation physique - Institut Notre-Dame<\/title>\n<meta name=\"robots\" content=\"index, follow, max-snippet:-1, max-image-preview:large, max-video-preview:-1\" \/>\n<link rel=\"canonical\" href=\"https:\/\/ind-charleroi.be\/?page_id=158\" \/>\n<meta property=\"og:locale\" content=\"fr_FR\" \/>\n<meta property=\"og:type\" content=\"article\" \/>\n<meta property=\"og:title\" content=\"Le cours d&#039;\u00e9ducation physique - Institut Notre-Dame\" \/>\n<meta property=\"og:description\" content=\"Ces le\u00e7ons sont donn\u00e9es par un professeur sp\u00e9cialis\u00e9, dipl\u00f4m\u00e9 en \u00e9ducation physique, \u00e0 toutes les classes. La tenue obligatoire&nbsp;de ce cours est un&nbsp;short bleu,&nbsp;un t-shirt blanc (id\u00e9alement celui disponible en commande aupr\u00e8s du professeur). Le tout doit \u00eatre rang\u00e9 dans un sac en tissu. Chaque \u00e9l\u00e9ment doit \u00eatre marqu\u00e9 au nom de l\u2019enfant (y compris le sac). Ces le\u00e7ons sont obligatoires et seul un certificat [&hellip;]\" \/>\n<meta property=\"og:url\" content=\"https:\/\/ind-charleroi.be\/?page_id=158\" \/>\n<meta property=\"og:site_name\" content=\"Institut Notre-Dame\" \/>\n<meta property=\"article:modified_time\" content=\"2022-12-28T15:33:21+00:00\" \/>\n<meta property=\"og:image\" content=\"https:\/\/ind-charleroi.be\/wp-content\/uploads\/2022\/12\/sport-1024x512.png\" \/>\n<meta name=\"twitter:card\" content=\"summary_large_image\" \/>\n<meta name=\"twitter:label1\" content=\"Dur\u00e9e de lecture estim\u00e9e\" \/>\n\t<meta name=\"twitter:data1\" content=\"2 minutes\" \/>\n<script type=\"application\/ld+json\" class=\"yoast-schema-graph\">{\"@context\":\"https:\\\/\\\/schema.org\",\"@graph\":[{\"@type\":\"WebPage\",\"@id\":\"https:\\\/\\\/ind-charleroi.be\\\/?page_id=158\",\"url\":\"https:\\\/\\\/ind-charleroi.be\\\/?page_id=158\",\"name\":\"Le cours d'\u00e9ducation physique - Institut Notre-Dame\",\"isPartOf\":{\"@id\":\"https:\\\/\\\/ind-charleroi.be\\\/#website\"},\"primaryImageOfPage\":{\"@id\":\"https:\\\/\\\/ind-charleroi.be\\\/?page_id=158#primaryimage\"},\"image\":{\"@id\":\"https:\\\/\\\/ind-charleroi.be\\\/?page_id=158#primaryimage\"},\"thumbnailUrl\":\"https:\\\/\\\/ind-charleroi.be\\\/wp-content\\\/uploads\\\/2022\\\/12\\\/sport-1024x512.png\",\"datePublished\":\"2022-06-17T16:29:44+00:00\",\"dateModified\":\"2022-12-28T15:33:21+00:00\",\"breadcrumb\":{\"@id\":\"https:\\\/\\\/ind-charleroi.be\\\/?page_id=158#breadcrumb\"},\"inLanguage\":\"fr-FR\",\"potentialAction\":[{\"@type\":\"ReadAction\",\"target\":[\"https:\\\/\\\/ind-charleroi.be\\\/?page_id=158\"]}]},{\"@type\":\"ImageObject\",\"inLanguage\":\"fr-FR\",\"@id\":\"https:\\\/\\\/ind-charleroi.be\\\/?page_id=158#primaryimage\",\"url\":\"https:\\\/\\\/ind-charleroi.be\\\/wp-content\\\/uploads\\\/2022\\\/12\\\/sport.png\",\"contentUrl\":\"https:\\\/\\\/ind-charleroi.be\\\/wp-content\\\/uploads\\\/2022\\\/12\\\/sport.png\",\"width\":1280,\"height\":640},{\"@type\":\"BreadcrumbList\",\"@id\":\"https:\\\/\\\/ind-charleroi.be\\\/?page_id=158#breadcrumb\",\"itemListElement\":[{\"@type\":\"ListItem\",\"position\":1,\"name\":\"Accueil\",\"item\":\"https:\\\/\\\/ind-charleroi.be\\\/\"},{\"@type\":\"ListItem\",\"position\":2,\"name\":\"Le cours d&rsquo;\u00e9ducation physique\"}]},{\"@type\":\"WebSite\",\"@id\":\"https:\\\/\\\/ind-charleroi.be\\\/#website\",\"url\":\"https:\\\/\\\/ind-charleroi.be\\\/\",\"name\":\"Institut Notre-Dame\",\"description\":\"Aujourd&#039;hui pour demain\",\"publisher\":{\"@id\":\"https:\\\/\\\/ind-charleroi.be\\\/#organization\"},\"potentialAction\":[{\"@type\":\"SearchAction\",\"target\":{\"@type\":\"EntryPoint\",\"urlTemplate\":\"https:\\\/\\\/ind-charleroi.be\\\/?s={search_term_string}\"},\"query-input\":{\"@type\":\"PropertyValueSpecification\",\"valueRequired\":true,\"valueName\":\"search_term_string\"}}],\"inLanguage\":\"fr-FR\"},{\"@type\":\"Organization\",\"@id\":\"https:\\\/\\\/ind-charleroi.be\\\/#organization\",\"name\":\"Institut Notre-Dame\",\"url\":\"https:\\\/\\\/ind-charleroi.be\\\/\",\"logo\":{\"@type\":\"ImageObject\",\"inLanguage\":\"fr-FR\",\"@id\":\"https:\\\/\\\/ind-charleroi.be\\\/#\\\/schema\\\/logo\\\/image\\\/\",\"url\":\"https:\\\/\\\/ind-charleroi.be\\\/wp-content\\\/uploads\\\/2022\\\/12\\\/cropped-logo-ind2022.jpg\",\"contentUrl\":\"https:\\\/\\\/ind-charleroi.be\\\/wp-content\\\/uploads\\\/2022\\\/12\\\/cropped-logo-ind2022.jpg\",\"width\":1205,\"height\":505,\"caption\":\"Institut Notre-Dame\"},\"image\":{\"@id\":\"https:\\\/\\\/ind-charleroi.be\\\/#\\\/schema\\\/logo\\\/image\\\/\"}}]}<\/script>\n<!-- \/ Yoast SEO plugin. -->","yoast_head_json":{"title":"Le cours d'\u00e9ducation physique - Institut Notre-Dame","robots":{"index":"index","follow":"follow","max-snippet":"max-snippet:-1","max-image-preview":"max-image-preview:large","max-video-preview":"max-video-preview:-1"},"canonical":"https:\/\/ind-charleroi.be\/?page_id=158","og_locale":"fr_FR","og_type":"article","og_title":"Le cours d'\u00e9ducation physique - Institut Notre-Dame","og_description":"Ces le\u00e7ons sont donn\u00e9es par un professeur sp\u00e9cialis\u00e9, dipl\u00f4m\u00e9 en \u00e9ducation physique, \u00e0 toutes les classes. La tenue obligatoire&nbsp;de ce cours est un&nbsp;short bleu,&nbsp;un t-shirt blanc (id\u00e9alement celui disponible en commande aupr\u00e8s du professeur). Le tout doit \u00eatre rang\u00e9 dans un sac en tissu. Chaque \u00e9l\u00e9ment doit \u00eatre marqu\u00e9 au nom de l\u2019enfant (y compris le sac). Ces le\u00e7ons sont obligatoires et seul un certificat [&hellip;]","og_url":"https:\/\/ind-charleroi.be\/?page_id=158","og_site_name":"Institut Notre-Dame","article_modified_time":"2022-12-28T15:33:21+00:00","og_image":[{"url":"https:\/\/ind-charleroi.be\/wp-content\/uploads\/2022\/12\/sport-1024x512.png","type":"","width":"","height":""}],"twitter_card":"summary_large_image","twitter_misc":{"Dur\u00e9e de lecture estim\u00e9e":"2 minutes"},"schema":{"@context":"https:\/\/schema.org","@graph":[{"@type":"WebPage","@id":"https:\/\/ind-charleroi.be\/?page_id=158","url":"https:\/\/ind-charleroi.be\/?page_id=158","name":"Le cours d'\u00e9ducation physique - Institut Notre-Dame","isPartOf":{"@id":"https:\/\/ind-charleroi.be\/#website"},"primaryImageOfPage":{"@id":"https:\/\/ind-charleroi.be\/?page_id=158#primaryimage"},"image":{"@id":"https:\/\/ind-charleroi.be\/?page_id=158#primaryimage"},"thumbnailUrl":"https:\/\/ind-charleroi.be\/wp-content\/uploads\/2022\/12\/sport-1024x512.png","datePublished":"2022-06-17T16:29:44+00:00","dateModified":"2022-12-28T15:33:21+00:00","breadcrumb":{"@id":"https:\/\/ind-charleroi.be\/?page_id=158#breadcrumb"},"inLanguage":"fr-FR","potentialAction":[{"@type":"ReadAction","target":["https:\/\/ind-charleroi.be\/?page_id=158"]}]},{"@type":"ImageObject","inLanguage":"fr-FR","@id":"https:\/\/ind-charleroi.be\/?page_id=158#primaryimage","url":"https:\/\/ind-charleroi.be\/wp-content\/uploads\/2022\/12\/sport.png","contentUrl":"https:\/\/ind-charleroi.be\/wp-content\/uploads\/2022\/12\/sport.png","width":1280,"height":640},{"@type":"BreadcrumbList","@id":"https:\/\/ind-charleroi.be\/?page_id=158#breadcrumb","itemListElement":[{"@type":"ListItem","position":1,"name":"Accueil","item":"https:\/\/ind-charleroi.be\/"},{"@type":"ListItem","position":2,"name":"Le cours d&rsquo;\u00e9ducation physique"}]},{"@type":"WebSite","@id":"https:\/\/ind-charleroi.be\/#website","url":"https:\/\/ind-charleroi.be\/","name":"Institut Notre-Dame","description":"Aujourd&#039;hui pour demain","publisher":{"@id":"https:\/\/ind-charleroi.be\/#organization"},"potentialAction":[{"@type":"SearchAction","target":{"@type":"EntryPoint","urlTemplate":"https:\/\/ind-charleroi.be\/?s={search_term_string}"},"query-input":{"@type":"PropertyValueSpecification","valueRequired":true,"valueName":"search_term_string"}}],"inLanguage":"fr-FR"},{"@type":"Organization","@id":"https:\/\/ind-charleroi.be\/#organization","name":"Institut Notre-Dame","url":"https:\/\/ind-charleroi.be\/","logo":{"@type":"ImageObject","inLanguage":"fr-FR","@id":"https:\/\/ind-charleroi.be\/#\/schema\/logo\/image\/","url":"https:\/\/ind-charleroi.be\/wp-content\/uploads\/2022\/12\/cropped-logo-ind2022.jpg","contentUrl":"https:\/\/ind-charleroi.be\/wp-content\/uploads\/2022\/12\/cropped-logo-ind2022.jpg","width":1205,"height":505,"caption":"Institut Notre-Dame"},"image":{"@id":"https:\/\/ind-charleroi.be\/#\/schema\/logo\/image\/"}}]}},"jetpack_sharing_enabled":true,"_links":{"self":[{"href":"https:\/\/ind-charleroi.be\/index.php?rest_route=\/wp\/v2\/pages\/158","targetHints":{"allow":["GET"]}}],"collection":[{"href":"https:\/\/ind-charleroi.be\/index.php?rest_route=\/wp\/v2\/pages"}],"about":[{"href":"https:\/\/ind-charleroi.be\/index.php?rest_route=\/wp\/v2\/types\/page"}],"author":[{"embeddable":true,"href":"https:\/\/ind-charleroi.be\/index.php?rest_route=\/wp\/v2\/users\/1"}],"replies":[{"embeddable":true,"href":"https:\/\/ind-charleroi.be\/index.php?rest_route=%2Fwp%2Fv2%2Fcomments&post=158"}],"version-history":[{"count":3,"href":"https:\/\/ind-charleroi.be\/index.php?rest_route=\/wp\/v2\/pages\/158\/revisions"}],"predecessor-version":[{"id":5285,"href":"https:\/\/ind-charleroi.be\/index.php?rest_route=\/wp\/v2\/pages\/158\/revisions\/5285"}],"wp:attachment":[{"href":"https:\/\/ind-charleroi.be\/index.php?rest_route=%2Fwp%2Fv2%2Fmedia&parent=158"}],"curies":[{"name":"wp","href":"https:\/\/api.w.org\/{rel}","templated":true}]}}