{"id":159,"date":"2022-06-17T16:29:44","date_gmt":"2022-06-17T16:29:44","guid":{"rendered":"https:\/\/ind-charleroi.be\/?page_id=159"},"modified":"2022-12-28T16:11:08","modified_gmt":"2022-12-28T16:11:08","slug":"les-repas-et-collations-2","status":"publish","type":"page","link":"https:\/\/ind-charleroi.be\/?page_id=159","title":{"rendered":"Les repas et collations"},"content":{"rendered":"\n<p>Les collations du matin et \u00e0 la garderie sont prises en ext\u00e9rieur, en veillant au respect du <strong>tri des d\u00e9chets<\/strong>.<\/p>\n\n\n\n<p>Tous les repas amen\u00e9s par les \u00e9l\u00e8ves ou achet\u00e9s froids via le site <a href=\"https:\/\/www.ekillibre.be\/\">Ekillibre<\/a> (sandwichs) sont pris <strong>au r\u00e9fectoire ann\u00e9e par ann\u00e9e<\/strong>. Pour cela, les \u00e9l\u00e8ves disposent d\u2019une <em>bo\u00eete \u00e0 tartine r\u00e9utilisable, d\u2019une gourde.<\/em><\/p>\n\n\n\n<p>Les \u00e9l\u00e8ves souhaitant un repas chaud doivent le commander au plus tard 2 jours ouvrables avant celui-ci via le site ekillibre. Les repas sont organis\u00e9s dans le r\u00e9fectoire de l\u2019\u00e9cole fondamentale. Les enfants y sont conduits et surveill\u00e9s par un agent ATL.<\/p>\n\n\n\n<p>Les menus sont envoy\u00e9s chaque mois par la direction sur Classdojo et disponibles sur la page <a href=\"https:\/\/www.ekillibre.be\/\">Ekkilibre<\/a>.<\/p>\n\n\n\n<p>Vous trouverez ci-dessous le mode d\u2019emploi pour vous y inscrire.<\/p>\n\n\n\n<div data-wp-interactive=\"core\/file\" class=\"wp-block-file\"><object data-wp-bind--hidden=\"!state.hasPdfPreview\" hidden class=\"wp-block-file__embed\" data=\"https:\/\/ind-charleroi.be\/wp-content\/uploads\/2022\/12\/Mode-demploi-de-la-plateforme-EKILLIBRE-fondamental.pdf\" type=\"application\/pdf\" style=\"width:100%;height:600px\" aria-label=\"Contenu embarqu\u00e9 Mode-demploi-de-la-plateforme-EKILLIBRE-fondamental.\"><\/object><a id=\"wp-block-file--media-921afed9-c6d3-425f-baca-e6e63b054fa5\" href=\"https:\/\/ind-charleroi.be\/wp-content\/uploads\/2022\/12\/Mode-demploi-de-la-plateforme-EKILLIBRE-fondamental.pdf\">Mode-demploi-de-la-plateforme-EKILLIBRE-fondamental<\/a><a href=\"https:\/\/ind-charleroi.be\/wp-content\/uploads\/2022\/12\/Mode-demploi-de-la-plateforme-EKILLIBRE-fondamental.pdf\" class=\"wp-block-file__button wp-element-button\" download aria-describedby=\"wp-block-file--media-921afed9-c6d3-425f-baca-e6e63b054fa5\">T\u00e9l\u00e9charger<\/a><\/div>\n","protected":false},"excerpt":{"rendered":"<p>Les collations du matin et \u00e0 la garderie sont prises en ext\u00e9rieur, en veillant au respect du tri des d\u00e9chets. Tous les repas amen\u00e9s par les \u00e9l\u00e8ves ou achet\u00e9s froids via le site Ekillibre (sandwichs) sont pris au r\u00e9fectoire ann\u00e9e par ann\u00e9e. Pour cela, les \u00e9l\u00e8ves disposent d\u2019une bo\u00eete \u00e0 tartine r\u00e9utilisable, d\u2019une gourde. Les \u00e9l\u00e8ves souhaitant un repas chaud doivent le commander au plus [&hellip;]<\/p>\n","protected":false},"author":1,"featured_media":0,"parent":0,"menu_order":0,"comment_status":"closed","ping_status":"closed","template":"","meta":{"footnotes":""},"class_list":["post-159","page","type-page","status-publish","hentry"],"yoast_head":"<!-- This site is optimized with the Yoast SEO plugin v27.4 - https:\/\/yoast.com\/product\/yoast-seo-wordpress\/ -->\n<title>Les repas et collations - Institut Notre-Dame<\/title>\n<meta name=\"robots\" content=\"index, follow, max-snippet:-1, max-image-preview:large, max-video-preview:-1\" \/>\n<link rel=\"canonical\" href=\"https:\/\/ind-charleroi.be\/?page_id=159\" \/>\n<meta property=\"og:locale\" content=\"fr_FR\" \/>\n<meta property=\"og:type\" content=\"article\" \/>\n<meta property=\"og:title\" content=\"Les repas et collations - Institut Notre-Dame\" \/>\n<meta property=\"og:description\" content=\"Les collations du matin et \u00e0 la garderie sont prises en ext\u00e9rieur, en veillant au respect du tri des d\u00e9chets. Tous les repas amen\u00e9s par les \u00e9l\u00e8ves ou achet\u00e9s froids via le site Ekillibre (sandwichs) sont pris au r\u00e9fectoire ann\u00e9e par ann\u00e9e. Pour cela, les \u00e9l\u00e8ves disposent d\u2019une bo\u00eete \u00e0 tartine r\u00e9utilisable, d\u2019une gourde. Les \u00e9l\u00e8ves souhaitant un repas chaud doivent le commander au plus [&hellip;]\" \/>\n<meta property=\"og:url\" content=\"https:\/\/ind-charleroi.be\/?page_id=159\" \/>\n<meta property=\"og:site_name\" content=\"Institut Notre-Dame\" \/>\n<meta property=\"article:modified_time\" content=\"2022-12-28T16:11:08+00:00\" \/>\n<meta name=\"twitter:card\" content=\"summary_large_image\" \/>\n<meta name=\"twitter:label1\" content=\"Dur\u00e9e de lecture estim\u00e9e\" \/>\n\t<meta name=\"twitter:data1\" content=\"1 minute\" \/>\n<script type=\"application\/ld+json\" class=\"yoast-schema-graph\">{\"@context\":\"https:\\\/\\\/schema.org\",\"@graph\":[{\"@type\":\"WebPage\",\"@id\":\"https:\\\/\\\/ind-charleroi.be\\\/?page_id=159\",\"url\":\"https:\\\/\\\/ind-charleroi.be\\\/?page_id=159\",\"name\":\"Les repas et collations - Institut Notre-Dame\",\"isPartOf\":{\"@id\":\"https:\\\/\\\/ind-charleroi.be\\\/#website\"},\"datePublished\":\"2022-06-17T16:29:44+00:00\",\"dateModified\":\"2022-12-28T16:11:08+00:00\",\"breadcrumb\":{\"@id\":\"https:\\\/\\\/ind-charleroi.be\\\/?page_id=159#breadcrumb\"},\"inLanguage\":\"fr-FR\",\"potentialAction\":[{\"@type\":\"ReadAction\",\"target\":[\"https:\\\/\\\/ind-charleroi.be\\\/?page_id=159\"]}]},{\"@type\":\"BreadcrumbList\",\"@id\":\"https:\\\/\\\/ind-charleroi.be\\\/?page_id=159#breadcrumb\",\"itemListElement\":[{\"@type\":\"ListItem\",\"position\":1,\"name\":\"Accueil\",\"item\":\"https:\\\/\\\/ind-charleroi.be\\\/\"},{\"@type\":\"ListItem\",\"position\":2,\"name\":\"Les repas et collations\"}]},{\"@type\":\"WebSite\",\"@id\":\"https:\\\/\\\/ind-charleroi.be\\\/#website\",\"url\":\"https:\\\/\\\/ind-charleroi.be\\\/\",\"name\":\"Institut Notre-Dame\",\"description\":\"Aujourd&#039;hui pour demain\",\"publisher\":{\"@id\":\"https:\\\/\\\/ind-charleroi.be\\\/#organization\"},\"potentialAction\":[{\"@type\":\"SearchAction\",\"target\":{\"@type\":\"EntryPoint\",\"urlTemplate\":\"https:\\\/\\\/ind-charleroi.be\\\/?s={search_term_string}\"},\"query-input\":{\"@type\":\"PropertyValueSpecification\",\"valueRequired\":true,\"valueName\":\"search_term_string\"}}],\"inLanguage\":\"fr-FR\"},{\"@type\":\"Organization\",\"@id\":\"https:\\\/\\\/ind-charleroi.be\\\/#organization\",\"name\":\"Institut Notre-Dame\",\"url\":\"https:\\\/\\\/ind-charleroi.be\\\/\",\"logo\":{\"@type\":\"ImageObject\",\"inLanguage\":\"fr-FR\",\"@id\":\"https:\\\/\\\/ind-charleroi.be\\\/#\\\/schema\\\/logo\\\/image\\\/\",\"url\":\"https:\\\/\\\/ind-charleroi.be\\\/wp-content\\\/uploads\\\/2022\\\/12\\\/cropped-logo-ind2022.jpg\",\"contentUrl\":\"https:\\\/\\\/ind-charleroi.be\\\/wp-content\\\/uploads\\\/2022\\\/12\\\/cropped-logo-ind2022.jpg\",\"width\":1205,\"height\":505,\"caption\":\"Institut Notre-Dame\"},\"image\":{\"@id\":\"https:\\\/\\\/ind-charleroi.be\\\/#\\\/schema\\\/logo\\\/image\\\/\"}}]}<\/script>\n<!-- \/ Yoast SEO plugin. -->","yoast_head_json":{"title":"Les repas et collations - Institut Notre-Dame","robots":{"index":"index","follow":"follow","max-snippet":"max-snippet:-1","max-image-preview":"max-image-preview:large","max-video-preview":"max-video-preview:-1"},"canonical":"https:\/\/ind-charleroi.be\/?page_id=159","og_locale":"fr_FR","og_type":"article","og_title":"Les repas et collations - Institut Notre-Dame","og_description":"Les collations du matin et \u00e0 la garderie sont prises en ext\u00e9rieur, en veillant au respect du tri des d\u00e9chets. Tous les repas amen\u00e9s par les \u00e9l\u00e8ves ou achet\u00e9s froids via le site Ekillibre (sandwichs) sont pris au r\u00e9fectoire ann\u00e9e par ann\u00e9e. Pour cela, les \u00e9l\u00e8ves disposent d\u2019une bo\u00eete \u00e0 tartine r\u00e9utilisable, d\u2019une gourde. Les \u00e9l\u00e8ves souhaitant un repas chaud doivent le commander au plus [&hellip;]","og_url":"https:\/\/ind-charleroi.be\/?page_id=159","og_site_name":"Institut Notre-Dame","article_modified_time":"2022-12-28T16:11:08+00:00","twitter_card":"summary_large_image","twitter_misc":{"Dur\u00e9e de lecture estim\u00e9e":"1 minute"},"schema":{"@context":"https:\/\/schema.org","@graph":[{"@type":"WebPage","@id":"https:\/\/ind-charleroi.be\/?page_id=159","url":"https:\/\/ind-charleroi.be\/?page_id=159","name":"Les repas et collations - Institut Notre-Dame","isPartOf":{"@id":"https:\/\/ind-charleroi.be\/#website"},"datePublished":"2022-06-17T16:29:44+00:00","dateModified":"2022-12-28T16:11:08+00:00","breadcrumb":{"@id":"https:\/\/ind-charleroi.be\/?page_id=159#breadcrumb"},"inLanguage":"fr-FR","potentialAction":[{"@type":"ReadAction","target":["https:\/\/ind-charleroi.be\/?page_id=159"]}]},{"@type":"BreadcrumbList","@id":"https:\/\/ind-charleroi.be\/?page_id=159#breadcrumb","itemListElement":[{"@type":"ListItem","position":1,"name":"Accueil","item":"https:\/\/ind-charleroi.be\/"},{"@type":"ListItem","position":2,"name":"Les repas et collations"}]},{"@type":"WebSite","@id":"https:\/\/ind-charleroi.be\/#website","url":"https:\/\/ind-charleroi.be\/","name":"Institut Notre-Dame","description":"Aujourd&#039;hui pour demain","publisher":{"@id":"https:\/\/ind-charleroi.be\/#organization"},"potentialAction":[{"@type":"SearchAction","target":{"@type":"EntryPoint","urlTemplate":"https:\/\/ind-charleroi.be\/?s={search_term_string}"},"query-input":{"@type":"PropertyValueSpecification","valueRequired":true,"valueName":"search_term_string"}}],"inLanguage":"fr-FR"},{"@type":"Organization","@id":"https:\/\/ind-charleroi.be\/#organization","name":"Institut Notre-Dame","url":"https:\/\/ind-charleroi.be\/","logo":{"@type":"ImageObject","inLanguage":"fr-FR","@id":"https:\/\/ind-charleroi.be\/#\/schema\/logo\/image\/","url":"https:\/\/ind-charleroi.be\/wp-content\/uploads\/2022\/12\/cropped-logo-ind2022.jpg","contentUrl":"https:\/\/ind-charleroi.be\/wp-content\/uploads\/2022\/12\/cropped-logo-ind2022.jpg","width":1205,"height":505,"caption":"Institut Notre-Dame"},"image":{"@id":"https:\/\/ind-charleroi.be\/#\/schema\/logo\/image\/"}}]}},"jetpack_sharing_enabled":true,"_links":{"self":[{"href":"https:\/\/ind-charleroi.be\/index.php?rest_route=\/wp\/v2\/pages\/159","targetHints":{"allow":["GET"]}}],"collection":[{"href":"https:\/\/ind-charleroi.be\/index.php?rest_route=\/wp\/v2\/pages"}],"about":[{"href":"https:\/\/ind-charleroi.be\/index.php?rest_route=\/wp\/v2\/types\/page"}],"author":[{"embeddable":true,"href":"https:\/\/ind-charleroi.be\/index.php?rest_route=\/wp\/v2\/users\/1"}],"replies":[{"embeddable":true,"href":"https:\/\/ind-charleroi.be\/index.php?rest_route=%2Fwp%2Fv2%2Fcomments&post=159"}],"version-history":[{"count":3,"href":"https:\/\/ind-charleroi.be\/index.php?rest_route=\/wp\/v2\/pages\/159\/revisions"}],"predecessor-version":[{"id":5295,"href":"https:\/\/ind-charleroi.be\/index.php?rest_route=\/wp\/v2\/pages\/159\/revisions\/5295"}],"wp:attachment":[{"href":"https:\/\/ind-charleroi.be\/index.php?rest_route=%2Fwp%2Fv2%2Fmedia&parent=159"}],"curies":[{"name":"wp","href":"https:\/\/api.w.org\/{rel}","templated":true}]}}