{"id":160,"date":"2022-06-17T16:29:44","date_gmt":"2022-06-17T16:29:44","guid":{"rendered":"https:\/\/ind-charleroi.be\/?page_id=160"},"modified":"2022-12-28T16:56:42","modified_gmt":"2022-12-28T16:56:42","slug":"les-projets-2","status":"publish","type":"page","link":"https:\/\/ind-charleroi.be\/?page_id=160","title":{"rendered":"Les projets"},"content":{"rendered":"\n<p><strong>Visites p\u00e9dagogiques, voyages scolaires et classes de d\u00e9paysement<\/strong><strong><\/strong><\/p>\n\n\n\n<p>En quatri\u00e8me ann\u00e9e, un voyage a lieu vers la mer. Nous nous rendons cette ann\u00e9e encore au centre Sportica de Gravelines en France.<\/p>\n\n\n\n<p>En sixi\u00e8me ann\u00e9e, les classes de neige ont lieu en Italie \u00e0 Chiesa, dans la Valmalenco.<\/p>\n\n\n\n<p>Ces diff\u00e9rentes actions rentrent dans le cadre des activit\u00e9s scolaires et sont&nbsp;obligatoires&nbsp;(seul un certificat m\u00e9dical peut dispenser l\u2019\u00e9l\u00e8ve).<\/p>\n\n\n\n<p>Les classes de d\u00e9paysement&nbsp;obligatoires&nbsp;ont g\u00e9n\u00e9ralement lieu tous les 2 ans. Les paiements pourront \u00eatre organis\u00e9s en plusieurs fois afin de rendre la charge moins lourde pour le budget des parents.<\/p>\n\n\n\n<p>Toutefois, soyez assur\u00e9s que l\u2019\u00e9cole effectue ses choix en veillant \u00e0 ce que le s\u00e9jour soit accessible pour tous.<\/p>\n\n\n\n<p>Diff\u00e9rentes visites p\u00e9dagogiques ont lieu durant les quatre ann\u00e9es scolaires : Aubechies, Treignes, Plan\u00e9tarium de Bruxelles, &#8230;<\/p>\n","protected":false},"excerpt":{"rendered":"<p>Visites p\u00e9dagogiques, voyages scolaires et classes de d\u00e9paysement En quatri\u00e8me ann\u00e9e, un voyage a lieu vers la mer. Nous nous rendons cette ann\u00e9e encore au centre Sportica de Gravelines en France. En sixi\u00e8me ann\u00e9e, les classes de neige ont lieu en Italie \u00e0 Chiesa, dans la Valmalenco. Ces diff\u00e9rentes actions rentrent dans le cadre des activit\u00e9s scolaires et sont&nbsp;obligatoires&nbsp;(seul un certificat m\u00e9dical peut dispenser l\u2019\u00e9l\u00e8ve). [&hellip;]<\/p>\n","protected":false},"author":1,"featured_media":0,"parent":0,"menu_order":0,"comment_status":"closed","ping_status":"closed","template":"","meta":{"footnotes":""},"class_list":["post-160","page","type-page","status-publish","hentry"],"yoast_head":"<!-- This site is optimized with the Yoast SEO plugin v27.4 - https:\/\/yoast.com\/product\/yoast-seo-wordpress\/ -->\n<title>Les projets - Institut Notre-Dame<\/title>\n<meta name=\"robots\" content=\"index, follow, max-snippet:-1, max-image-preview:large, max-video-preview:-1\" \/>\n<link rel=\"canonical\" href=\"https:\/\/ind-charleroi.be\/?page_id=160\" \/>\n<meta property=\"og:locale\" content=\"fr_FR\" \/>\n<meta property=\"og:type\" content=\"article\" \/>\n<meta property=\"og:title\" content=\"Les projets - Institut Notre-Dame\" \/>\n<meta property=\"og:description\" content=\"Visites p\u00e9dagogiques, voyages scolaires et classes de d\u00e9paysement En quatri\u00e8me ann\u00e9e, un voyage a lieu vers la mer. Nous nous rendons cette ann\u00e9e encore au centre Sportica de Gravelines en France. En sixi\u00e8me ann\u00e9e, les classes de neige ont lieu en Italie \u00e0 Chiesa, dans la Valmalenco. Ces diff\u00e9rentes actions rentrent dans le cadre des activit\u00e9s scolaires et sont&nbsp;obligatoires&nbsp;(seul un certificat m\u00e9dical peut dispenser l\u2019\u00e9l\u00e8ve). [&hellip;]\" \/>\n<meta property=\"og:url\" content=\"https:\/\/ind-charleroi.be\/?page_id=160\" \/>\n<meta property=\"og:site_name\" content=\"Institut Notre-Dame\" \/>\n<meta property=\"article:modified_time\" content=\"2022-12-28T16:56:42+00:00\" \/>\n<meta name=\"twitter:card\" content=\"summary_large_image\" \/>\n<meta name=\"twitter:label1\" content=\"Dur\u00e9e de lecture estim\u00e9e\" \/>\n\t<meta name=\"twitter:data1\" content=\"1 minute\" \/>\n<script type=\"application\/ld+json\" class=\"yoast-schema-graph\">{\"@context\":\"https:\\\/\\\/schema.org\",\"@graph\":[{\"@type\":\"WebPage\",\"@id\":\"https:\\\/\\\/ind-charleroi.be\\\/?page_id=160\",\"url\":\"https:\\\/\\\/ind-charleroi.be\\\/?page_id=160\",\"name\":\"Les projets - Institut Notre-Dame\",\"isPartOf\":{\"@id\":\"https:\\\/\\\/ind-charleroi.be\\\/#website\"},\"datePublished\":\"2022-06-17T16:29:44+00:00\",\"dateModified\":\"2022-12-28T16:56:42+00:00\",\"breadcrumb\":{\"@id\":\"https:\\\/\\\/ind-charleroi.be\\\/?page_id=160#breadcrumb\"},\"inLanguage\":\"fr-FR\",\"potentialAction\":[{\"@type\":\"ReadAction\",\"target\":[\"https:\\\/\\\/ind-charleroi.be\\\/?page_id=160\"]}]},{\"@type\":\"BreadcrumbList\",\"@id\":\"https:\\\/\\\/ind-charleroi.be\\\/?page_id=160#breadcrumb\",\"itemListElement\":[{\"@type\":\"ListItem\",\"position\":1,\"name\":\"Accueil\",\"item\":\"https:\\\/\\\/ind-charleroi.be\\\/\"},{\"@type\":\"ListItem\",\"position\":2,\"name\":\"Les projets\"}]},{\"@type\":\"WebSite\",\"@id\":\"https:\\\/\\\/ind-charleroi.be\\\/#website\",\"url\":\"https:\\\/\\\/ind-charleroi.be\\\/\",\"name\":\"Institut Notre-Dame\",\"description\":\"Aujourd&#039;hui pour demain\",\"publisher\":{\"@id\":\"https:\\\/\\\/ind-charleroi.be\\\/#organization\"},\"potentialAction\":[{\"@type\":\"SearchAction\",\"target\":{\"@type\":\"EntryPoint\",\"urlTemplate\":\"https:\\\/\\\/ind-charleroi.be\\\/?s={search_term_string}\"},\"query-input\":{\"@type\":\"PropertyValueSpecification\",\"valueRequired\":true,\"valueName\":\"search_term_string\"}}],\"inLanguage\":\"fr-FR\"},{\"@type\":\"Organization\",\"@id\":\"https:\\\/\\\/ind-charleroi.be\\\/#organization\",\"name\":\"Institut Notre-Dame\",\"url\":\"https:\\\/\\\/ind-charleroi.be\\\/\",\"logo\":{\"@type\":\"ImageObject\",\"inLanguage\":\"fr-FR\",\"@id\":\"https:\\\/\\\/ind-charleroi.be\\\/#\\\/schema\\\/logo\\\/image\\\/\",\"url\":\"https:\\\/\\\/ind-charleroi.be\\\/wp-content\\\/uploads\\\/2022\\\/12\\\/cropped-logo-ind2022.jpg\",\"contentUrl\":\"https:\\\/\\\/ind-charleroi.be\\\/wp-content\\\/uploads\\\/2022\\\/12\\\/cropped-logo-ind2022.jpg\",\"width\":1205,\"height\":505,\"caption\":\"Institut Notre-Dame\"},\"image\":{\"@id\":\"https:\\\/\\\/ind-charleroi.be\\\/#\\\/schema\\\/logo\\\/image\\\/\"}}]}<\/script>\n<!-- \/ Yoast SEO plugin. -->","yoast_head_json":{"title":"Les projets - Institut Notre-Dame","robots":{"index":"index","follow":"follow","max-snippet":"max-snippet:-1","max-image-preview":"max-image-preview:large","max-video-preview":"max-video-preview:-1"},"canonical":"https:\/\/ind-charleroi.be\/?page_id=160","og_locale":"fr_FR","og_type":"article","og_title":"Les projets - Institut Notre-Dame","og_description":"Visites p\u00e9dagogiques, voyages scolaires et classes de d\u00e9paysement En quatri\u00e8me ann\u00e9e, un voyage a lieu vers la mer. Nous nous rendons cette ann\u00e9e encore au centre Sportica de Gravelines en France. En sixi\u00e8me ann\u00e9e, les classes de neige ont lieu en Italie \u00e0 Chiesa, dans la Valmalenco. Ces diff\u00e9rentes actions rentrent dans le cadre des activit\u00e9s scolaires et sont&nbsp;obligatoires&nbsp;(seul un certificat m\u00e9dical peut dispenser l\u2019\u00e9l\u00e8ve). [&hellip;]","og_url":"https:\/\/ind-charleroi.be\/?page_id=160","og_site_name":"Institut Notre-Dame","article_modified_time":"2022-12-28T16:56:42+00:00","twitter_card":"summary_large_image","twitter_misc":{"Dur\u00e9e de lecture estim\u00e9e":"1 minute"},"schema":{"@context":"https:\/\/schema.org","@graph":[{"@type":"WebPage","@id":"https:\/\/ind-charleroi.be\/?page_id=160","url":"https:\/\/ind-charleroi.be\/?page_id=160","name":"Les projets - Institut Notre-Dame","isPartOf":{"@id":"https:\/\/ind-charleroi.be\/#website"},"datePublished":"2022-06-17T16:29:44+00:00","dateModified":"2022-12-28T16:56:42+00:00","breadcrumb":{"@id":"https:\/\/ind-charleroi.be\/?page_id=160#breadcrumb"},"inLanguage":"fr-FR","potentialAction":[{"@type":"ReadAction","target":["https:\/\/ind-charleroi.be\/?page_id=160"]}]},{"@type":"BreadcrumbList","@id":"https:\/\/ind-charleroi.be\/?page_id=160#breadcrumb","itemListElement":[{"@type":"ListItem","position":1,"name":"Accueil","item":"https:\/\/ind-charleroi.be\/"},{"@type":"ListItem","position":2,"name":"Les projets"}]},{"@type":"WebSite","@id":"https:\/\/ind-charleroi.be\/#website","url":"https:\/\/ind-charleroi.be\/","name":"Institut Notre-Dame","description":"Aujourd&#039;hui pour demain","publisher":{"@id":"https:\/\/ind-charleroi.be\/#organization"},"potentialAction":[{"@type":"SearchAction","target":{"@type":"EntryPoint","urlTemplate":"https:\/\/ind-charleroi.be\/?s={search_term_string}"},"query-input":{"@type":"PropertyValueSpecification","valueRequired":true,"valueName":"search_term_string"}}],"inLanguage":"fr-FR"},{"@type":"Organization","@id":"https:\/\/ind-charleroi.be\/#organization","name":"Institut Notre-Dame","url":"https:\/\/ind-charleroi.be\/","logo":{"@type":"ImageObject","inLanguage":"fr-FR","@id":"https:\/\/ind-charleroi.be\/#\/schema\/logo\/image\/","url":"https:\/\/ind-charleroi.be\/wp-content\/uploads\/2022\/12\/cropped-logo-ind2022.jpg","contentUrl":"https:\/\/ind-charleroi.be\/wp-content\/uploads\/2022\/12\/cropped-logo-ind2022.jpg","width":1205,"height":505,"caption":"Institut Notre-Dame"},"image":{"@id":"https:\/\/ind-charleroi.be\/#\/schema\/logo\/image\/"}}]}},"jetpack_sharing_enabled":true,"_links":{"self":[{"href":"https:\/\/ind-charleroi.be\/index.php?rest_route=\/wp\/v2\/pages\/160","targetHints":{"allow":["GET"]}}],"collection":[{"href":"https:\/\/ind-charleroi.be\/index.php?rest_route=\/wp\/v2\/pages"}],"about":[{"href":"https:\/\/ind-charleroi.be\/index.php?rest_route=\/wp\/v2\/types\/page"}],"author":[{"embeddable":true,"href":"https:\/\/ind-charleroi.be\/index.php?rest_route=\/wp\/v2\/users\/1"}],"replies":[{"embeddable":true,"href":"https:\/\/ind-charleroi.be\/index.php?rest_route=%2Fwp%2Fv2%2Fcomments&post=160"}],"version-history":[{"count":2,"href":"https:\/\/ind-charleroi.be\/index.php?rest_route=\/wp\/v2\/pages\/160\/revisions"}],"predecessor-version":[{"id":5305,"href":"https:\/\/ind-charleroi.be\/index.php?rest_route=\/wp\/v2\/pages\/160\/revisions\/5305"}],"wp:attachment":[{"href":"https:\/\/ind-charleroi.be\/index.php?rest_route=%2Fwp%2Fv2%2Fmedia&parent=160"}],"curies":[{"name":"wp","href":"https:\/\/api.w.org\/{rel}","templated":true}]}}