{"id":161,"date":"2022-06-17T16:29:44","date_gmt":"2022-06-17T16:29:44","guid":{"rendered":"https:\/\/ind-charleroi.be\/?page_id=161"},"modified":"2022-12-29T16:26:06","modified_gmt":"2022-12-29T16:26:06","slug":"sante-et-hygiene-2","status":"publish","type":"page","link":"https:\/\/ind-charleroi.be\/?page_id=161","title":{"rendered":"Sant\u00e9 et hygi\u00e8ne"},"content":{"rendered":"\n<ol class=\"wp-block-list\" type=\"1\">\n<li><strong>Les maladies<\/strong><\/li>\n<\/ol>\n\n\n\n<p>L\u2019organisation des bilans de sant\u00e9 et la surveillance des maladies transmissibles en milieu scolaire sont assur\u00e9es par le service de Promotion de Sant\u00e9 de l\u2019Ecole (P.S.E.)\u00a0de Gosselies, rue des Fabriques 35 \u2013 6041 Gosselies \u2013 071\/35.06.04 &#8211; cs.pselibre.gosselies@gmail.com<\/p>\n\n\n<div class=\"wp-block-image\">\n<figure class=\"alignleft size-full is-resized\"><img decoding=\"async\" src=\"https:\/\/ind-charleroi.be\/wp-content\/uploads\/2022\/12\/pse-1.png\" alt=\"\" class=\"wp-image-5327\" width=\"233\" height=\"192\" srcset=\"https:\/\/ind-charleroi.be\/wp-content\/uploads\/2022\/12\/pse-1.png 447w, https:\/\/ind-charleroi.be\/wp-content\/uploads\/2022\/12\/pse-1-300x248.png 300w\" sizes=\"(max-width: 233px) 100vw, 233px\" \/><\/figure>\n<\/div>\n\n\n<p>Conform\u00e9ment \u00e0 l\u2019arr\u00eat\u00e9 d\u2019application du Gouvernement de la Communaut\u00e9 fran\u00e7aise du 17 juillet 2002 concernant les maladies transmissibles en milieu scolaire,&nbsp;les parents doivent informer rapidement la&nbsp;Direction de l\u2019\u00e9cole&nbsp;en cas des maladies suivantes : m\u00e9ningites, tuberculose, coqueluche, poliomy\u00e9lite, dipht\u00e9rie, h\u00e9patite A, oreillons, rub\u00e9ole, rougeole, scarlatine, infections intestinales \u00e0 salmonelles, varicelle, gale, imp\u00e9tigo, poux.<\/p>\n\n\n\n<p>En fonction de la gravit\u00e9 de la maladie d\u00e9clar\u00e9e et suivant les dispositions pr\u00e9vues dans l\u2019arr\u00eat\u00e9 du 17 juillet 2002, des mesures particuli\u00e8res d\u2019information et de prophylaxie sont organis\u00e9es par le service du P.S.E. Tout enfant qui n\u2019aura pas b\u00e9n\u00e9fici\u00e9 du traitement prophylactique sera \u00e9cart\u00e9 de l\u2019\u00e9cole pour une dur\u00e9e d\u00e9termin\u00e9e par le m\u00e9decin responsable du service.<\/p>\n\n\n\n<p>La gestion d\u2019une situation d\u2019urgence n\u00e9cessite que tous les enfants puissent \u00eatre trait\u00e9s en m\u00eame temps, tant en soir\u00e9e que le week-end.&nbsp;Il est donc indispensable <strong><u>d\u2019informer rapidement la Direction de l\u2019\u00e9cole de tout changement d\u2019adresse et\/ou de num\u00e9ro de t\u00e9l\u00e9phone<\/u><\/strong>.<\/p>\n\n\n\n<ul class=\"wp-block-list\">\n<li><strong>Les m\u00e9dicaments<\/strong><\/li>\n<\/ul>\n\n\n<div class=\"wp-block-image\">\n<figure class=\"alignright size-large is-resized\"><img fetchpriority=\"high\" decoding=\"async\" src=\"https:\/\/ind-charleroi.be\/wp-content\/uploads\/2022\/12\/button-g1ba08aae4_1920-1024x1024.jpg\" alt=\"\" class=\"wp-image-5290\" width=\"344\" height=\"344\" srcset=\"https:\/\/ind-charleroi.be\/wp-content\/uploads\/2022\/12\/button-g1ba08aae4_1920-1024x1024.jpg 1024w, https:\/\/ind-charleroi.be\/wp-content\/uploads\/2022\/12\/button-g1ba08aae4_1920-300x300.jpg 300w, https:\/\/ind-charleroi.be\/wp-content\/uploads\/2022\/12\/button-g1ba08aae4_1920-150x150.jpg 150w, https:\/\/ind-charleroi.be\/wp-content\/uploads\/2022\/12\/button-g1ba08aae4_1920-768x768.jpg 768w, https:\/\/ind-charleroi.be\/wp-content\/uploads\/2022\/12\/button-g1ba08aae4_1920-1536x1536.jpg 1536w, https:\/\/ind-charleroi.be\/wp-content\/uploads\/2022\/12\/button-g1ba08aae4_1920.jpg 1920w\" sizes=\"(max-width: 344px) 100vw, 344px\" \/><\/figure>\n<\/div>\n\n\n<p>Pour assurer une prise en charge correcte de tout probl\u00e8me pouvant survenir pendant les heures de fr\u00e9quentation scolaire,&nbsp;les parents sont&nbsp;invit\u00e9s \u00e0 informer l\u2019\u00e9quipe p\u00e9dagogique des&nbsp;probl\u00e8mes de sant\u00e9 de leur enfant&nbsp;tels que : \u00e9pilepsie, asthme, diab\u00e8te, allergies alimentaires et autres (ex : piq\u00fbres de gu\u00eapes,\u2026).<\/p>\n\n\n\n<p>En cas de maladie chroniques, les m\u00e9dicaments, portant le nom de l\u2019enfant, doivent \u00eatre d\u00e9pos\u00e9s \u00e0 l\u2019\u00e9cole&nbsp;aupr\u00e8s du titulaire avec une&nbsp;prescription&nbsp;d\u00e9taill\u00e9e du m\u00e9decin&nbsp;qui suit l\u2019enfant, quant \u00e0 leur mode d\u2019administration, comme le pr\u00e9voit la circulaire 4888 de la F\u00e9d\u00e9ration Wallonie Bruxelles.<\/p>\n\n\n\n<ul class=\"wp-block-list\">\n<li><strong>Les accidents<\/strong><\/li>\n<\/ul>\n\n\n\n<p>Lorsqu\u2019un accident survient \u00e0 l\u2019\u00e9cole, les mesures qui s\u2019imposent sont prises :&nbsp;<strong>appel aux parents&nbsp;et \u00e0 l\u2019ambulance en cas de besoin.<\/strong><\/p>\n\n\n\n<p>Les parents sont pr\u00e9venus par t\u00e9l\u00e9phone le plus rapidement possible.<\/p>\n\n\n\n<p>Nous devons avoir connaissance d\u2019un num\u00e9ro de t\u00e9l\u00e9phone qui nous permette de vous contacter ou \u00e0 d\u00e9faut contacter la personne de votre choix. Avertissez-nous de tout changement de num\u00e9ros.&nbsp;<strong>C\u2019est vital !<\/strong><\/p>\n\n\n<div class=\"wp-block-image\">\n<figure class=\"alignleft size-full is-resized\"><img decoding=\"async\" src=\"https:\/\/ind-charleroi.be\/wp-content\/uploads\/2022\/12\/doctor-1010903_960_720.jpg\" alt=\"\" class=\"wp-image-5292\" width=\"209\" height=\"209\" srcset=\"https:\/\/ind-charleroi.be\/wp-content\/uploads\/2022\/12\/doctor-1010903_960_720.jpg 720w, https:\/\/ind-charleroi.be\/wp-content\/uploads\/2022\/12\/doctor-1010903_960_720-300x300.jpg 300w, https:\/\/ind-charleroi.be\/wp-content\/uploads\/2022\/12\/doctor-1010903_960_720-150x150.jpg 150w\" sizes=\"(max-width: 209px) 100vw, 209px\" \/><\/figure>\n<\/div>\n\n\n<p>Les parents qui, pour des cas b\u00e9nins, se rendent malgr\u00e9 tout chez le m\u00e9decin, risquent d\u2019assumer eux-m\u00eames les frais li\u00e9s \u00e0 cette d\u00e9marche.<\/p>\n\n\n\n<p>N\u00e9anmoins, certaines circonstances peuvent faire que, malgr\u00e9 notre vigilance, votre enfant pr\u00e9sente le soir (apr\u00e8s une chute par exemple) des signes inqui\u00e9tants. Dans ce cas, faites appel \u00e0 un m\u00e9decin et, le lendemain, pr\u00e9sentez-vous \u00e0 l\u2019\u00e9cole pour rendre possible les d\u00e9marches aupr\u00e8s de la compagnie d\u2019assurance dans les d\u00e9lais pr\u00e9vus.<\/p>\n","protected":false},"excerpt":{"rendered":"<p>L\u2019organisation des bilans de sant\u00e9 et la surveillance des maladies transmissibles en milieu scolaire sont assur\u00e9es par le service de Promotion de Sant\u00e9 de l\u2019Ecole (P.S.E.)\u00a0de Gosselies, rue des Fabriques 35 \u2013 6041 Gosselies \u2013 071\/35.06.04 &#8211; cs.pselibre.gosselies@gmail.com Conform\u00e9ment \u00e0 l\u2019arr\u00eat\u00e9 d\u2019application du Gouvernement de la Communaut\u00e9 fran\u00e7aise du 17 juillet 2002 concernant les maladies transmissibles en milieu scolaire,&nbsp;les parents doivent informer rapidement la&nbsp;Direction de [&hellip;]<\/p>\n","protected":false},"author":1,"featured_media":0,"parent":0,"menu_order":0,"comment_status":"closed","ping_status":"closed","template":"","meta":{"footnotes":""},"class_list":["post-161","page","type-page","status-publish","hentry"],"yoast_head":"<!-- This site is optimized with the Yoast SEO plugin v27.4 - https:\/\/yoast.com\/product\/yoast-seo-wordpress\/ -->\n<title>Sant\u00e9 et hygi\u00e8ne - Institut Notre-Dame<\/title>\n<meta name=\"robots\" content=\"index, follow, max-snippet:-1, max-image-preview:large, max-video-preview:-1\" \/>\n<link rel=\"canonical\" href=\"https:\/\/ind-charleroi.be\/?page_id=161\" \/>\n<meta property=\"og:locale\" content=\"fr_FR\" \/>\n<meta property=\"og:type\" content=\"article\" \/>\n<meta property=\"og:title\" content=\"Sant\u00e9 et hygi\u00e8ne - Institut Notre-Dame\" \/>\n<meta property=\"og:description\" content=\"L\u2019organisation des bilans de sant\u00e9 et la surveillance des maladies transmissibles en milieu scolaire sont assur\u00e9es par le service de Promotion de Sant\u00e9 de l\u2019Ecole (P.S.E.)\u00a0de Gosselies, rue des Fabriques 35 \u2013 6041 Gosselies \u2013 071\/35.06.04 &#8211; cs.pselibre.gosselies@gmail.com Conform\u00e9ment \u00e0 l\u2019arr\u00eat\u00e9 d\u2019application du Gouvernement de la Communaut\u00e9 fran\u00e7aise du 17 juillet 2002 concernant les maladies transmissibles en milieu scolaire,&nbsp;les parents doivent informer rapidement la&nbsp;Direction de [&hellip;]\" \/>\n<meta property=\"og:url\" content=\"https:\/\/ind-charleroi.be\/?page_id=161\" \/>\n<meta property=\"og:site_name\" content=\"Institut Notre-Dame\" \/>\n<meta property=\"article:modified_time\" content=\"2022-12-29T16:26:06+00:00\" \/>\n<meta property=\"og:image\" content=\"https:\/\/ind-charleroi.be\/wp-content\/uploads\/2022\/12\/pse-1.png\" \/>\n<meta name=\"twitter:card\" content=\"summary_large_image\" \/>\n<meta name=\"twitter:label1\" content=\"Dur\u00e9e de lecture estim\u00e9e\" \/>\n\t<meta name=\"twitter:data1\" content=\"3 minutes\" \/>\n<script type=\"application\/ld+json\" class=\"yoast-schema-graph\">{\"@context\":\"https:\\\/\\\/schema.org\",\"@graph\":[{\"@type\":\"WebPage\",\"@id\":\"https:\\\/\\\/ind-charleroi.be\\\/?page_id=161\",\"url\":\"https:\\\/\\\/ind-charleroi.be\\\/?page_id=161\",\"name\":\"Sant\u00e9 et hygi\u00e8ne - Institut Notre-Dame\",\"isPartOf\":{\"@id\":\"https:\\\/\\\/ind-charleroi.be\\\/#website\"},\"primaryImageOfPage\":{\"@id\":\"https:\\\/\\\/ind-charleroi.be\\\/?page_id=161#primaryimage\"},\"image\":{\"@id\":\"https:\\\/\\\/ind-charleroi.be\\\/?page_id=161#primaryimage\"},\"thumbnailUrl\":\"https:\\\/\\\/ind-charleroi.be\\\/wp-content\\\/uploads\\\/2022\\\/12\\\/pse-1.png\",\"datePublished\":\"2022-06-17T16:29:44+00:00\",\"dateModified\":\"2022-12-29T16:26:06+00:00\",\"breadcrumb\":{\"@id\":\"https:\\\/\\\/ind-charleroi.be\\\/?page_id=161#breadcrumb\"},\"inLanguage\":\"fr-FR\",\"potentialAction\":[{\"@type\":\"ReadAction\",\"target\":[\"https:\\\/\\\/ind-charleroi.be\\\/?page_id=161\"]}]},{\"@type\":\"ImageObject\",\"inLanguage\":\"fr-FR\",\"@id\":\"https:\\\/\\\/ind-charleroi.be\\\/?page_id=161#primaryimage\",\"url\":\"https:\\\/\\\/ind-charleroi.be\\\/wp-content\\\/uploads\\\/2022\\\/12\\\/pse-1.png\",\"contentUrl\":\"https:\\\/\\\/ind-charleroi.be\\\/wp-content\\\/uploads\\\/2022\\\/12\\\/pse-1.png\",\"width\":447,\"height\":369},{\"@type\":\"BreadcrumbList\",\"@id\":\"https:\\\/\\\/ind-charleroi.be\\\/?page_id=161#breadcrumb\",\"itemListElement\":[{\"@type\":\"ListItem\",\"position\":1,\"name\":\"Accueil\",\"item\":\"https:\\\/\\\/ind-charleroi.be\\\/\"},{\"@type\":\"ListItem\",\"position\":2,\"name\":\"Sant\u00e9 et hygi\u00e8ne\"}]},{\"@type\":\"WebSite\",\"@id\":\"https:\\\/\\\/ind-charleroi.be\\\/#website\",\"url\":\"https:\\\/\\\/ind-charleroi.be\\\/\",\"name\":\"Institut Notre-Dame\",\"description\":\"Aujourd&#039;hui pour demain\",\"publisher\":{\"@id\":\"https:\\\/\\\/ind-charleroi.be\\\/#organization\"},\"potentialAction\":[{\"@type\":\"SearchAction\",\"target\":{\"@type\":\"EntryPoint\",\"urlTemplate\":\"https:\\\/\\\/ind-charleroi.be\\\/?s={search_term_string}\"},\"query-input\":{\"@type\":\"PropertyValueSpecification\",\"valueRequired\":true,\"valueName\":\"search_term_string\"}}],\"inLanguage\":\"fr-FR\"},{\"@type\":\"Organization\",\"@id\":\"https:\\\/\\\/ind-charleroi.be\\\/#organization\",\"name\":\"Institut Notre-Dame\",\"url\":\"https:\\\/\\\/ind-charleroi.be\\\/\",\"logo\":{\"@type\":\"ImageObject\",\"inLanguage\":\"fr-FR\",\"@id\":\"https:\\\/\\\/ind-charleroi.be\\\/#\\\/schema\\\/logo\\\/image\\\/\",\"url\":\"https:\\\/\\\/ind-charleroi.be\\\/wp-content\\\/uploads\\\/2022\\\/12\\\/cropped-logo-ind2022.jpg\",\"contentUrl\":\"https:\\\/\\\/ind-charleroi.be\\\/wp-content\\\/uploads\\\/2022\\\/12\\\/cropped-logo-ind2022.jpg\",\"width\":1205,\"height\":505,\"caption\":\"Institut Notre-Dame\"},\"image\":{\"@id\":\"https:\\\/\\\/ind-charleroi.be\\\/#\\\/schema\\\/logo\\\/image\\\/\"}}]}<\/script>\n<!-- \/ Yoast SEO plugin. -->","yoast_head_json":{"title":"Sant\u00e9 et hygi\u00e8ne - Institut Notre-Dame","robots":{"index":"index","follow":"follow","max-snippet":"max-snippet:-1","max-image-preview":"max-image-preview:large","max-video-preview":"max-video-preview:-1"},"canonical":"https:\/\/ind-charleroi.be\/?page_id=161","og_locale":"fr_FR","og_type":"article","og_title":"Sant\u00e9 et hygi\u00e8ne - Institut Notre-Dame","og_description":"L\u2019organisation des bilans de sant\u00e9 et la surveillance des maladies transmissibles en milieu scolaire sont assur\u00e9es par le service de Promotion de Sant\u00e9 de l\u2019Ecole (P.S.E.)\u00a0de Gosselies, rue des Fabriques 35 \u2013 6041 Gosselies \u2013 071\/35.06.04 &#8211; cs.pselibre.gosselies@gmail.com Conform\u00e9ment \u00e0 l\u2019arr\u00eat\u00e9 d\u2019application du Gouvernement de la Communaut\u00e9 fran\u00e7aise du 17 juillet 2002 concernant les maladies transmissibles en milieu scolaire,&nbsp;les parents doivent informer rapidement la&nbsp;Direction de [&hellip;]","og_url":"https:\/\/ind-charleroi.be\/?page_id=161","og_site_name":"Institut Notre-Dame","article_modified_time":"2022-12-29T16:26:06+00:00","og_image":[{"url":"https:\/\/ind-charleroi.be\/wp-content\/uploads\/2022\/12\/pse-1.png","type":"","width":"","height":""}],"twitter_card":"summary_large_image","twitter_misc":{"Dur\u00e9e de lecture estim\u00e9e":"3 minutes"},"schema":{"@context":"https:\/\/schema.org","@graph":[{"@type":"WebPage","@id":"https:\/\/ind-charleroi.be\/?page_id=161","url":"https:\/\/ind-charleroi.be\/?page_id=161","name":"Sant\u00e9 et hygi\u00e8ne - Institut Notre-Dame","isPartOf":{"@id":"https:\/\/ind-charleroi.be\/#website"},"primaryImageOfPage":{"@id":"https:\/\/ind-charleroi.be\/?page_id=161#primaryimage"},"image":{"@id":"https:\/\/ind-charleroi.be\/?page_id=161#primaryimage"},"thumbnailUrl":"https:\/\/ind-charleroi.be\/wp-content\/uploads\/2022\/12\/pse-1.png","datePublished":"2022-06-17T16:29:44+00:00","dateModified":"2022-12-29T16:26:06+00:00","breadcrumb":{"@id":"https:\/\/ind-charleroi.be\/?page_id=161#breadcrumb"},"inLanguage":"fr-FR","potentialAction":[{"@type":"ReadAction","target":["https:\/\/ind-charleroi.be\/?page_id=161"]}]},{"@type":"ImageObject","inLanguage":"fr-FR","@id":"https:\/\/ind-charleroi.be\/?page_id=161#primaryimage","url":"https:\/\/ind-charleroi.be\/wp-content\/uploads\/2022\/12\/pse-1.png","contentUrl":"https:\/\/ind-charleroi.be\/wp-content\/uploads\/2022\/12\/pse-1.png","width":447,"height":369},{"@type":"BreadcrumbList","@id":"https:\/\/ind-charleroi.be\/?page_id=161#breadcrumb","itemListElement":[{"@type":"ListItem","position":1,"name":"Accueil","item":"https:\/\/ind-charleroi.be\/"},{"@type":"ListItem","position":2,"name":"Sant\u00e9 et hygi\u00e8ne"}]},{"@type":"WebSite","@id":"https:\/\/ind-charleroi.be\/#website","url":"https:\/\/ind-charleroi.be\/","name":"Institut Notre-Dame","description":"Aujourd&#039;hui pour demain","publisher":{"@id":"https:\/\/ind-charleroi.be\/#organization"},"potentialAction":[{"@type":"SearchAction","target":{"@type":"EntryPoint","urlTemplate":"https:\/\/ind-charleroi.be\/?s={search_term_string}"},"query-input":{"@type":"PropertyValueSpecification","valueRequired":true,"valueName":"search_term_string"}}],"inLanguage":"fr-FR"},{"@type":"Organization","@id":"https:\/\/ind-charleroi.be\/#organization","name":"Institut Notre-Dame","url":"https:\/\/ind-charleroi.be\/","logo":{"@type":"ImageObject","inLanguage":"fr-FR","@id":"https:\/\/ind-charleroi.be\/#\/schema\/logo\/image\/","url":"https:\/\/ind-charleroi.be\/wp-content\/uploads\/2022\/12\/cropped-logo-ind2022.jpg","contentUrl":"https:\/\/ind-charleroi.be\/wp-content\/uploads\/2022\/12\/cropped-logo-ind2022.jpg","width":1205,"height":505,"caption":"Institut Notre-Dame"},"image":{"@id":"https:\/\/ind-charleroi.be\/#\/schema\/logo\/image\/"}}]}},"jetpack_sharing_enabled":true,"_links":{"self":[{"href":"https:\/\/ind-charleroi.be\/index.php?rest_route=\/wp\/v2\/pages\/161","targetHints":{"allow":["GET"]}}],"collection":[{"href":"https:\/\/ind-charleroi.be\/index.php?rest_route=\/wp\/v2\/pages"}],"about":[{"href":"https:\/\/ind-charleroi.be\/index.php?rest_route=\/wp\/v2\/types\/page"}],"author":[{"embeddable":true,"href":"https:\/\/ind-charleroi.be\/index.php?rest_route=\/wp\/v2\/users\/1"}],"replies":[{"embeddable":true,"href":"https:\/\/ind-charleroi.be\/index.php?rest_route=%2Fwp%2Fv2%2Fcomments&post=161"}],"version-history":[{"count":5,"href":"https:\/\/ind-charleroi.be\/index.php?rest_route=\/wp\/v2\/pages\/161\/revisions"}],"predecessor-version":[{"id":5328,"href":"https:\/\/ind-charleroi.be\/index.php?rest_route=\/wp\/v2\/pages\/161\/revisions\/5328"}],"wp:attachment":[{"href":"https:\/\/ind-charleroi.be\/index.php?rest_route=%2Fwp%2Fv2%2Fmedia&parent=161"}],"curies":[{"name":"wp","href":"https:\/\/api.w.org\/{rel}","templated":true}]}}