{"id":19,"date":"2022-06-17T07:19:35","date_gmt":"2022-06-17T07:19:35","guid":{"rendered":"https:\/\/ind-charleroi.be\/?page_id=19"},"modified":"2025-03-04T04:14:27","modified_gmt":"2025-03-04T04:14:27","slug":"actualites","status":"publish","type":"page","link":"https:\/\/ind-charleroi.be\/?page_id=19","title":{"rendered":"Actualit\u00e9s du Fondamental"},"content":{"rendered":"\t\t<div data-elementor-type=\"wp-page\" data-elementor-id=\"19\" class=\"elementor elementor-19\">\n\t\t\t\t\t\t<section class=\"elementor-section elementor-top-section elementor-element elementor-element-9c4a32e elementor-section-boxed elementor-section-height-default elementor-section-height-default\" data-id=\"9c4a32e\" data-element_type=\"section\" data-e-type=\"section\">\n\t\t\t\t\t\t<div class=\"elementor-container elementor-column-gap-default\">\n\t\t\t\t\t<div class=\"elementor-column elementor-col-100 elementor-top-column elementor-element elementor-element-80170cc\" data-id=\"80170cc\" data-element_type=\"column\" data-e-type=\"column\">\n\t\t\t<div class=\"elementor-widget-wrap elementor-element-populated\">\n\t\t\t\t\t\t<div class=\"elementor-element elementor-element-bbe7612 elementor-widget elementor-widget-text-editor\" data-id=\"bbe7612\" data-element_type=\"widget\" data-e-type=\"widget\" data-widget_type=\"text-editor.default\">\n\t\t\t\t<div class=\"elementor-widget-container\">\n\t\t\t\t\t\t\t\t\t<h4>Suivez-nous<\/h4>\t\t\t\t\t\t\t\t<\/div>\n\t\t\t\t<\/div>\n\t\t\t\t\t<\/div>\n\t\t<\/div>\n\t\t\t\t\t<\/div>\n\t\t<\/section>\n\t\t\t\t<section class=\"elementor-section elementor-top-section elementor-element elementor-element-4b0124f elementor-section-boxed elementor-section-height-default elementor-section-height-default\" data-id=\"4b0124f\" data-element_type=\"section\" data-e-type=\"section\">\n\t\t\t\t\t\t<div class=\"elementor-container elementor-column-gap-default\">\n\t\t\t\t\t<div class=\"elementor-column elementor-col-100 elementor-top-column elementor-element elementor-element-de66888\" data-id=\"de66888\" data-element_type=\"column\" data-e-type=\"column\">\n\t\t\t<div class=\"elementor-widget-wrap elementor-element-populated\">\n\t\t\t\t\t\t<div class=\"elementor-element elementor-element-f244534 elementor-widget elementor-widget-cff-widget\" data-id=\"f244534\" data-element_type=\"widget\" data-e-type=\"widget\" data-widget_type=\"cff-widget.default\">\n\t\t\t\t<div class=\"elementor-widget-container\">\n\t\t\t\t\t<div class=\"cff-wrapper\">\t<div id=\"cff-visual-header-439673745890370\" class=\"cff-visual-header cff-has-name cff-has-about\">\n\t\t\t\t\t\t<div class=\"cff-header-inner-wrap\">\n\t\t\t\t\t\t<div class=\"cff-header-text\" >\n\n\t\t\t\t            <a href=\"https:\/\/facebook.com\/439673745890370\" target=\"_blank\" rel=\"nofollow noopener\" title=\"\" class=\"cff-header-name\"><h3 style=\"font-size:inheritpx;\"><\/h3><\/a>\n\t\t\t\t        \t\t\t\t\t\t<\/div>\n\t\t<\/div>\n\t<\/div>\n<div class=\"cff-wrapper-ctn \" ><div id=\"cff\"  class=\"cff cff-list-container  cff-default-styles  cff-mob-cols-1 cff-tab-cols-1\"   style=\"width:100%;\"   data-char=\"400\" ><div class=\"cff-error-msg\">\n\t<div>\n\t\t<i class=\"fa fa-lock\" aria-hidden=\"true\" style=\"margin-right: 5px;\"><\/i><b>Ce message est uniquement visible par les administrateurs\/administratrices.<\/b><br\/>\n\t\tProbl\u00e8me d\u2019affichage des publications Facebook. Mise en cache de sauvegarde en cours.\t\t\t\t\t<br\/><a href=\"javascript:void(0);\" id=\"cff-show-error\" onclick=\"cffShowError()\">Cliquer pour afficher l\u2019erreur<\/a>\n\t\t\t<script type=\"text\/javascript\">function cffShowError() { document.getElementById(\"cff-error-reason\").style.display = \"block\"; document.getElementById(\"cff-show-error\").style.display = \"none\"; }<\/script>\n\t\t\t<\/div>\n\t\t\t<div id=\"cff-error-reason\">\n\t\t\t\t\t\t\t\t\t<b>Erreur:<\/b> The user must be an administrator, editor, or moderator of the page in order to impersonate it. If the page business requires Two Factor Authentication, the user also needs to enable Two Factor Authentication.\t\t\t\t\t\t\t\t\t\t\t\t\t<b>Type:<\/b> OAuthException\t\t\t\t\t\t\t\t\t\t\t\t\t\t\t\t\t\t\t\t\t\t\t\t\t\t\t\t\n\t\t\t<\/div>\n\t\t\t\t\n<\/div>\n<div class=\"cff-posts-wrap\">\n<div class=\"cff-likebox cff-bottom\" >\n\t\t<iframe title=\"Likebox Iframe\" src=\"\" class=\"fb_iframe_widget\" data-likebox-id=\"439673745890370\" data-likebox-width=\"300\" data-likebox-header=\"\" data-hide-cover=\"\" data-hide-cta=\"\" data-likebox-faces=\"\" data-height=\"130\" data-locale=\"fr_FR\" scrolling=\"no\" allowTransparency=\"true\" allow=\"encrypted-media\" ><\/iframe>\n<\/div>\n<\/div><input class=\"cff-pag-url\" type=\"hidden\" data-locatornonce=\"6aa1ad2d9f\" data-cff-shortcode=\"{&quot;feed&quot;: &quot;1&quot;}\" data-post-id=\"19\" data-feed-id=\"439673745890370\"><\/div><\/div><div class=\"cff-clear\"><\/div><\/div>\t\t\t\t<\/div>\n\t\t\t\t<\/div>\n\t\t\t\t\t<\/div>\n\t\t<\/div>\n\t\t\t\t\t<\/div>\n\t\t<\/section>\n\t\t\t\t<section class=\"elementor-section elementor-top-section elementor-element elementor-element-097f756 elementor-section-boxed elementor-section-height-default elementor-section-height-default\" data-id=\"097f756\" data-element_type=\"section\" data-e-type=\"section\">\n\t\t\t\t\t\t<div class=\"elementor-container elementor-column-gap-default\">\n\t\t\t\t\t<div class=\"elementor-column elementor-col-100 elementor-top-column elementor-element elementor-element-62470b7\" data-id=\"62470b7\" data-element_type=\"column\" data-e-type=\"column\">\n\t\t\t<div class=\"elementor-widget-wrap elementor-element-populated\">\n\t\t\t\t\t\t<div class=\"elementor-element elementor-element-03f4cf0 elementor-widget-divider--view-line elementor-widget elementor-widget-divider\" data-id=\"03f4cf0\" data-element_type=\"widget\" data-e-type=\"widget\" data-widget_type=\"divider.default\">\n\t\t\t\t<div class=\"elementor-widget-container\">\n\t\t\t\t\t\t\t<div class=\"elementor-divider\">\n\t\t\t<span class=\"elementor-divider-separator\">\n\t\t\t\t\t\t<\/span>\n\t\t<\/div>\n\t\t\t\t\t\t<\/div>\n\t\t\t\t<\/div>\n\t\t\t\t\t<\/div>\n\t\t<\/div>\n\t\t\t\t\t<\/div>\n\t\t<\/section>\n\t\t\t\t<section class=\"elementor-section elementor-top-section elementor-element elementor-element-cc6dadb elementor-section-boxed elementor-section-height-default elementor-section-height-default\" data-id=\"cc6dadb\" data-element_type=\"section\" data-e-type=\"section\">\n\t\t\t\t\t\t<div class=\"elementor-container elementor-column-gap-default\">\n\t\t\t\t\t<div class=\"elementor-column elementor-col-100 elementor-top-column elementor-element elementor-element-5036ef8\" data-id=\"5036ef8\" data-element_type=\"column\" data-e-type=\"column\">\n\t\t\t<div class=\"elementor-widget-wrap elementor-element-populated\">\n\t\t\t\t\t\t<div class=\"elementor-element elementor-element-1f7bc2b elementor-widget elementor-widget-text-editor\" data-id=\"1f7bc2b\" data-element_type=\"widget\" data-e-type=\"widget\" data-widget_type=\"text-editor.default\">\n\t\t\t\t<div class=\"elementor-widget-container\">\n\t\t\t\t\t\t\t\t\t<h3>Pour nous rejoindre<\/h3>\t\t\t\t\t\t\t\t<\/div>\n\t\t\t\t<\/div>\n\t\t\t\t\t<\/div>\n\t\t<\/div>\n\t\t\t\t\t<\/div>\n\t\t<\/section>\n\t\t\t\t<section class=\"elementor-section elementor-top-section elementor-element elementor-element-cbf0f2b elementor-section-boxed elementor-section-height-default elementor-section-height-default\" data-id=\"cbf0f2b\" data-element_type=\"section\" data-e-type=\"section\">\n\t\t\t\t\t\t<div class=\"elementor-container elementor-column-gap-default\">\n\t\t\t\t\t<div class=\"elementor-column elementor-col-50 elementor-top-column elementor-element elementor-element-df86e06\" data-id=\"df86e06\" data-element_type=\"column\" data-e-type=\"column\">\n\t\t\t<div class=\"elementor-widget-wrap elementor-element-populated\">\n\t\t\t\t\t\t<div class=\"elementor-element elementor-element-a85e92e elementor-widget elementor-widget-image\" data-id=\"a85e92e\" data-element_type=\"widget\" data-e-type=\"widget\" data-widget_type=\"image.default\">\n\t\t\t\t<div class=\"elementor-widget-container\">\n\t\t\t\t\t\t\t\t\t\t\t\t\t\t\t<img fetchpriority=\"high\" decoding=\"async\" width=\"1024\" height=\"630\" src=\"https:\/\/ind-charleroi.be\/wp-content\/uploads\/2022\/12\/rue-charleville-1024x630.png\" class=\"attachment-large size-large wp-image-5226\" alt=\"\" srcset=\"https:\/\/ind-charleroi.be\/wp-content\/uploads\/2022\/12\/rue-charleville-1024x630.png 1024w, https:\/\/ind-charleroi.be\/wp-content\/uploads\/2022\/12\/rue-charleville-300x185.png 300w, https:\/\/ind-charleroi.be\/wp-content\/uploads\/2022\/12\/rue-charleville-768x473.png 768w, https:\/\/ind-charleroi.be\/wp-content\/uploads\/2022\/12\/rue-charleville.png 1105w\" sizes=\"(max-width: 1024px) 100vw, 1024px\" \/>\t\t\t\t\t\t\t\t\t\t\t\t\t\t\t<\/div>\n\t\t\t\t<\/div>\n\t\t\t\t\t<\/div>\n\t\t<\/div>\n\t\t\t\t<div class=\"elementor-column elementor-col-50 elementor-top-column elementor-element elementor-element-48e2003\" data-id=\"48e2003\" data-element_type=\"column\" data-e-type=\"column\">\n\t\t\t<div class=\"elementor-widget-wrap elementor-element-populated\">\n\t\t\t\t\t\t<div class=\"elementor-element elementor-element-63536f3 elementor-widget elementor-widget-google_maps\" data-id=\"63536f3\" data-element_type=\"widget\" data-e-type=\"widget\" data-widget_type=\"google_maps.default\">\n\t\t\t\t<div class=\"elementor-widget-container\">\n\t\t\t\t\t\t\t<div class=\"elementor-custom-embed\">\n\t\t\t<iframe loading=\"lazy\"\n\t\t\t\t\tsrc=\"https:\/\/maps.google.com\/maps?q=Rue%20de%20Charleville%2C14-16%20Charleroi&#038;t=m&#038;z=10&#038;output=embed&#038;iwloc=near\"\n\t\t\t\t\ttitle=\"Rue de Charleville,14-16 Charleroi\"\n\t\t\t\t\taria-label=\"Rue de Charleville,14-16 Charleroi\"\n\t\t\t><\/iframe>\n\t\t<\/div>\n\t\t\t\t\t\t<\/div>\n\t\t\t\t<\/div>\n\t\t\t\t\t<\/div>\n\t\t<\/div>\n\t\t\t\t\t<\/div>\n\t\t<\/section>\n\t\t\t\t<section class=\"elementor-section elementor-top-section elementor-element elementor-element-73f90ca elementor-section-boxed elementor-section-height-default elementor-section-height-default\" data-id=\"73f90ca\" data-element_type=\"section\" data-e-type=\"section\">\n\t\t\t\t\t\t<div class=\"elementor-container elementor-column-gap-default\">\n\t\t\t\t\t<div class=\"elementor-column elementor-col-100 elementor-top-column elementor-element elementor-element-7902c17\" data-id=\"7902c17\" data-element_type=\"column\" data-e-type=\"column\">\n\t\t\t<div class=\"elementor-widget-wrap elementor-element-populated\">\n\t\t\t\t\t\t<div class=\"elementor-element elementor-element-dbaece7 elementor-tabs-view-horizontal elementor-widget elementor-widget-tabs\" data-id=\"dbaece7\" data-element_type=\"widget\" data-e-type=\"widget\" data-widget_type=\"tabs.default\">\n\t\t\t\t<div class=\"elementor-widget-container\">\n\t\t\t\t\t\t\t<div class=\"elementor-tabs\">\n\t\t\t<div class=\"elementor-tabs-wrapper\" role=\"tablist\" >\n\t\t\t\t\t\t\t\t\t<div id=\"elementor-tab-title-2301\" class=\"elementor-tab-title elementor-tab-desktop-title\" aria-selected=\"true\" data-tab=\"1\" role=\"tab\" tabindex=\"0\" aria-controls=\"elementor-tab-content-2301\" aria-expanded=\"false\">Acc\u00e8s<\/div>\n\t\t\t\t\t\t\t\t\t<div id=\"elementor-tab-title-2302\" class=\"elementor-tab-title elementor-tab-desktop-title\" aria-selected=\"false\" data-tab=\"2\" role=\"tab\" tabindex=\"-1\" aria-controls=\"elementor-tab-content-2302\" aria-expanded=\"false\">Contact<\/div>\n\t\t\t\t\t\t\t<\/div>\n\t\t\t<div class=\"elementor-tabs-content-wrapper\" role=\"tablist\" aria-orientation=\"vertical\">\n\t\t\t\t\t\t\t\t\t<div class=\"elementor-tab-title elementor-tab-mobile-title\" aria-selected=\"true\" data-tab=\"1\" role=\"tab\" tabindex=\"0\" aria-controls=\"elementor-tab-content-2301\" aria-expanded=\"false\">Acc\u00e8s<\/div>\n\t\t\t\t\t<div id=\"elementor-tab-content-2301\" class=\"elementor-tab-content elementor-clearfix\" data-tab=\"1\" role=\"tabpanel\" aria-labelledby=\"elementor-tab-title-2301\" tabindex=\"0\" hidden=\"false\"><p><em>De 8h00 \u00e0 15h30 :<br \/>via la rue Charleville (face <\/em>\u00e0 Quai 10<em>)<\/em><\/p><\/div>\n\t\t\t\t\t\t\t\t\t<div class=\"elementor-tab-title elementor-tab-mobile-title\" aria-selected=\"false\" data-tab=\"2\" role=\"tab\" tabindex=\"-1\" aria-controls=\"elementor-tab-content-2302\" aria-expanded=\"false\">Contact<\/div>\n\t\t\t\t\t<div id=\"elementor-tab-content-2302\" class=\"elementor-tab-content elementor-clearfix\" data-tab=\"2\" role=\"tabpanel\" aria-labelledby=\"elementor-tab-title-2302\" tabindex=\"0\" hidden=\"hidden\"><ul>\n<li>Par t\u00e9l\u00e9phone au 071\/20.71.22<\/li>\n<li>Par email : <a href=\"mailto:secretariat.fondamental@ind-charleroi.org\">secretariat.fondamental@ind-charleroi.org<\/a><\/li>\n<\/ul><\/div>\n\t\t\t\t\t\t\t<\/div>\n\t\t<\/div>\n\t\t\t\t\t\t<\/div>\n\t\t\t\t<\/div>\n\t\t\t\t\t<\/div>\n\t\t<\/div>\n\t\t\t\t\t<\/div>\n\t\t<\/section>\n\t\t\t\t<\/div>\n\t\t","protected":false},"excerpt":{"rendered":"<p>Suivez-nous Cette notification est visible uniquement par les administrateurs\/administratrices. Visual Header d\u00e9sactiv\u00e9 en raison du r\u00e9glage RGPD. Cliquez ici pour en savoir plus. 118 IND-\u00e9cole fondamentale Institut Notre-Dame de Charleroi IND-\u00e9cole fondamentale 1 week ago \ud83e\udea9\ud83c\udfb5\ud83e\udea9\ud83c\udfb5\ud83e\udea9\ud83c\udfb5\ud83e\udea9\ud83c\udfb5\ud83e\udea9\ud83c\udfb5\ud83e\udea9\ud83c\udfb5\ud83e\udea9\ud83c\udfb5\ud83e\udea9\ud83d\udcc5 Save the date \ud83d\udcc5Remontons le temps jusqu&rsquo;\u00e0 l&rsquo;\u00e9poque o\u00f9 notre instit avait notre \u00e2ge ! Cette ann\u00e9e, la fancy-fair vous embarque dans un voyage r\u00e9tro, quelques ann\u00e9es en arri\u00e8re [&hellip;]<\/p>\n","protected":false},"author":1,"featured_media":0,"parent":0,"menu_order":0,"comment_status":"closed","ping_status":"closed","template":"","meta":{"footnotes":""},"class_list":["post-19","page","type-page","status-publish","hentry"],"yoast_head":"<!-- This site is optimized with the Yoast SEO plugin v27.4 - https:\/\/yoast.com\/product\/yoast-seo-wordpress\/ -->\n<title>Actualit\u00e9s du Fondamental - Institut Notre-Dame<\/title>\n<meta name=\"robots\" content=\"index, follow, max-snippet:-1, max-image-preview:large, max-video-preview:-1\" \/>\n<link rel=\"canonical\" href=\"https:\/\/ind-charleroi.be\/?page_id=19\" \/>\n<meta property=\"og:locale\" content=\"fr_FR\" \/>\n<meta property=\"og:type\" content=\"article\" \/>\n<meta property=\"og:title\" content=\"Actualit\u00e9s du Fondamental - Institut Notre-Dame\" \/>\n<meta property=\"og:description\" content=\"Suivez-nous Cette notification est visible uniquement par les administrateurs\/administratrices. Visual Header d\u00e9sactiv\u00e9 en raison du r\u00e9glage RGPD. Cliquez ici pour en savoir plus. 118 IND-\u00e9cole fondamentale Institut Notre-Dame de Charleroi IND-\u00e9cole fondamentale 1 week ago \ud83e\udea9\ud83c\udfb5\ud83e\udea9\ud83c\udfb5\ud83e\udea9\ud83c\udfb5\ud83e\udea9\ud83c\udfb5\ud83e\udea9\ud83c\udfb5\ud83e\udea9\ud83c\udfb5\ud83e\udea9\ud83c\udfb5\ud83e\udea9\ud83d\udcc5 Save the date \ud83d\udcc5Remontons le temps jusqu&rsquo;\u00e0 l&rsquo;\u00e9poque o\u00f9 notre instit avait notre \u00e2ge ! Cette ann\u00e9e, la fancy-fair vous embarque dans un voyage r\u00e9tro, quelques ann\u00e9es en arri\u00e8re [&hellip;]\" \/>\n<meta property=\"og:url\" content=\"https:\/\/ind-charleroi.be\/?page_id=19\" \/>\n<meta property=\"og:site_name\" content=\"Institut Notre-Dame\" \/>\n<meta property=\"article:modified_time\" content=\"2025-03-04T04:14:27+00:00\" \/>\n<meta property=\"og:image\" content=\"https:\/\/scontent-bru2-1.xx.fbcdn.net\/v\/t39.30808-6\/457505083_10231369523153747_6182817208468001472_n.jpg?_nc_cat=100&#038;ccb=1-7&#038;_nc_sid=dc4938&#038;_nc_ohc=VTo51KgIxswQ7kNvgEpgF0n&#038;_nc_zt=23&#038;_nc_ht=scontent-bru2-1.xx&#038;edm=AJdBtusEAAAA&#038;_nc_gid=Auip8xwcoUO1VAI_wFYc6qe&#038;oh=00_AYAsJmocn68SIVWTiIMjdflpbBkT_fIaB0Vrf2kwLPgJCw&#038;oe=67A43841\" \/>\n<meta name=\"twitter:card\" content=\"summary_large_image\" \/>\n<meta name=\"twitter:label1\" content=\"Dur\u00e9e de lecture estim\u00e9e\" \/>\n\t<meta name=\"twitter:data1\" content=\"23 minutes\" \/>\n<script type=\"application\/ld+json\" class=\"yoast-schema-graph\">{\"@context\":\"https:\\\/\\\/schema.org\",\"@graph\":[{\"@type\":\"WebPage\",\"@id\":\"https:\\\/\\\/ind-charleroi.be\\\/?page_id=19\",\"url\":\"https:\\\/\\\/ind-charleroi.be\\\/?page_id=19\",\"name\":\"Actualit\u00e9s du Fondamental - Institut Notre-Dame\",\"isPartOf\":{\"@id\":\"https:\\\/\\\/ind-charleroi.be\\\/#website\"},\"primaryImageOfPage\":{\"@id\":\"https:\\\/\\\/ind-charleroi.be\\\/?page_id=19#primaryimage\"},\"image\":{\"@id\":\"https:\\\/\\\/ind-charleroi.be\\\/?page_id=19#primaryimage\"},\"thumbnailUrl\":\"https:\\\/\\\/scontent-bru2-1.xx.fbcdn.net\\\/v\\\/t39.30808-6\\\/457505083_10231369523153747_6182817208468001472_n.jpg?_nc_cat=100&#038;ccb=1-7&#038;_nc_sid=dc4938&#038;_nc_ohc=VTo51KgIxswQ7kNvgEpgF0n&#038;_nc_zt=23&#038;_nc_ht=scontent-bru2-1.xx&#038;edm=AJdBtusEAAAA&#038;_nc_gid=Auip8xwcoUO1VAI_wFYc6qe&#038;oh=00_AYAsJmocn68SIVWTiIMjdflpbBkT_fIaB0Vrf2kwLPgJCw&#038;oe=67A43841\",\"datePublished\":\"2022-06-17T07:19:35+00:00\",\"dateModified\":\"2025-03-04T04:14:27+00:00\",\"breadcrumb\":{\"@id\":\"https:\\\/\\\/ind-charleroi.be\\\/?page_id=19#breadcrumb\"},\"inLanguage\":\"fr-FR\",\"potentialAction\":[{\"@type\":\"ReadAction\",\"target\":[\"https:\\\/\\\/ind-charleroi.be\\\/?page_id=19\"]}]},{\"@type\":\"ImageObject\",\"inLanguage\":\"fr-FR\",\"@id\":\"https:\\\/\\\/ind-charleroi.be\\\/?page_id=19#primaryimage\",\"url\":\"https:\\\/\\\/scontent-bru2-1.xx.fbcdn.net\\\/v\\\/t39.30808-6\\\/457505083_10231369523153747_6182817208468001472_n.jpg?_nc_cat=100&#038;ccb=1-7&#038;_nc_sid=dc4938&#038;_nc_ohc=VTo51KgIxswQ7kNvgEpgF0n&#038;_nc_zt=23&#038;_nc_ht=scontent-bru2-1.xx&#038;edm=AJdBtusEAAAA&#038;_nc_gid=Auip8xwcoUO1VAI_wFYc6qe&#038;oh=00_AYAsJmocn68SIVWTiIMjdflpbBkT_fIaB0Vrf2kwLPgJCw&#038;oe=67A43841\",\"contentUrl\":\"https:\\\/\\\/scontent-bru2-1.xx.fbcdn.net\\\/v\\\/t39.30808-6\\\/457505083_10231369523153747_6182817208468001472_n.jpg?_nc_cat=100&#038;ccb=1-7&#038;_nc_sid=dc4938&#038;_nc_ohc=VTo51KgIxswQ7kNvgEpgF0n&#038;_nc_zt=23&#038;_nc_ht=scontent-bru2-1.xx&#038;edm=AJdBtusEAAAA&#038;_nc_gid=Auip8xwcoUO1VAI_wFYc6qe&#038;oh=00_AYAsJmocn68SIVWTiIMjdflpbBkT_fIaB0Vrf2kwLPgJCw&#038;oe=67A43841\"},{\"@type\":\"BreadcrumbList\",\"@id\":\"https:\\\/\\\/ind-charleroi.be\\\/?page_id=19#breadcrumb\",\"itemListElement\":[{\"@type\":\"ListItem\",\"position\":1,\"name\":\"Accueil\",\"item\":\"https:\\\/\\\/ind-charleroi.be\\\/\"},{\"@type\":\"ListItem\",\"position\":2,\"name\":\"Actualit\u00e9s du Fondamental\"}]},{\"@type\":\"WebSite\",\"@id\":\"https:\\\/\\\/ind-charleroi.be\\\/#website\",\"url\":\"https:\\\/\\\/ind-charleroi.be\\\/\",\"name\":\"Institut Notre-Dame\",\"description\":\"Aujourd&#039;hui pour demain\",\"publisher\":{\"@id\":\"https:\\\/\\\/ind-charleroi.be\\\/#organization\"},\"potentialAction\":[{\"@type\":\"SearchAction\",\"target\":{\"@type\":\"EntryPoint\",\"urlTemplate\":\"https:\\\/\\\/ind-charleroi.be\\\/?s={search_term_string}\"},\"query-input\":{\"@type\":\"PropertyValueSpecification\",\"valueRequired\":true,\"valueName\":\"search_term_string\"}}],\"inLanguage\":\"fr-FR\"},{\"@type\":\"Organization\",\"@id\":\"https:\\\/\\\/ind-charleroi.be\\\/#organization\",\"name\":\"Institut Notre-Dame\",\"url\":\"https:\\\/\\\/ind-charleroi.be\\\/\",\"logo\":{\"@type\":\"ImageObject\",\"inLanguage\":\"fr-FR\",\"@id\":\"https:\\\/\\\/ind-charleroi.be\\\/#\\\/schema\\\/logo\\\/image\\\/\",\"url\":\"https:\\\/\\\/ind-charleroi.be\\\/wp-content\\\/uploads\\\/2022\\\/12\\\/cropped-logo-ind2022.jpg\",\"contentUrl\":\"https:\\\/\\\/ind-charleroi.be\\\/wp-content\\\/uploads\\\/2022\\\/12\\\/cropped-logo-ind2022.jpg\",\"width\":1205,\"height\":505,\"caption\":\"Institut Notre-Dame\"},\"image\":{\"@id\":\"https:\\\/\\\/ind-charleroi.be\\\/#\\\/schema\\\/logo\\\/image\\\/\"}}]}<\/script>\n<!-- \/ Yoast SEO plugin. -->","yoast_head_json":{"title":"Actualit\u00e9s du Fondamental - Institut Notre-Dame","robots":{"index":"index","follow":"follow","max-snippet":"max-snippet:-1","max-image-preview":"max-image-preview:large","max-video-preview":"max-video-preview:-1"},"canonical":"https:\/\/ind-charleroi.be\/?page_id=19","og_locale":"fr_FR","og_type":"article","og_title":"Actualit\u00e9s du Fondamental - Institut Notre-Dame","og_description":"Suivez-nous Cette notification est visible uniquement par les administrateurs\/administratrices. Visual Header d\u00e9sactiv\u00e9 en raison du r\u00e9glage RGPD. Cliquez ici pour en savoir plus. 118 IND-\u00e9cole fondamentale Institut Notre-Dame de Charleroi IND-\u00e9cole fondamentale 1 week ago \ud83e\udea9\ud83c\udfb5\ud83e\udea9\ud83c\udfb5\ud83e\udea9\ud83c\udfb5\ud83e\udea9\ud83c\udfb5\ud83e\udea9\ud83c\udfb5\ud83e\udea9\ud83c\udfb5\ud83e\udea9\ud83c\udfb5\ud83e\udea9\ud83d\udcc5 Save the date \ud83d\udcc5Remontons le temps jusqu&rsquo;\u00e0 l&rsquo;\u00e9poque o\u00f9 notre instit avait notre \u00e2ge ! Cette ann\u00e9e, la fancy-fair vous embarque dans un voyage r\u00e9tro, quelques ann\u00e9es en arri\u00e8re [&hellip;]","og_url":"https:\/\/ind-charleroi.be\/?page_id=19","og_site_name":"Institut Notre-Dame","article_modified_time":"2025-03-04T04:14:27+00:00","og_image":[{"url":"https:\/\/scontent-bru2-1.xx.fbcdn.net\/v\/t39.30808-6\/457505083_10231369523153747_6182817208468001472_n.jpg?_nc_cat=100&#038;ccb=1-7&#038;_nc_sid=dc4938&#038;_nc_ohc=VTo51KgIxswQ7kNvgEpgF0n&#038;_nc_zt=23&#038;_nc_ht=scontent-bru2-1.xx&#038;edm=AJdBtusEAAAA&#038;_nc_gid=Auip8xwcoUO1VAI_wFYc6qe&#038;oh=00_AYAsJmocn68SIVWTiIMjdflpbBkT_fIaB0Vrf2kwLPgJCw&#038;oe=67A43841","type":"","width":"","height":""}],"twitter_card":"summary_large_image","twitter_misc":{"Dur\u00e9e de lecture estim\u00e9e":"23 minutes"},"schema":{"@context":"https:\/\/schema.org","@graph":[{"@type":"WebPage","@id":"https:\/\/ind-charleroi.be\/?page_id=19","url":"https:\/\/ind-charleroi.be\/?page_id=19","name":"Actualit\u00e9s du Fondamental - Institut Notre-Dame","isPartOf":{"@id":"https:\/\/ind-charleroi.be\/#website"},"primaryImageOfPage":{"@id":"https:\/\/ind-charleroi.be\/?page_id=19#primaryimage"},"image":{"@id":"https:\/\/ind-charleroi.be\/?page_id=19#primaryimage"},"thumbnailUrl":"https:\/\/scontent-bru2-1.xx.fbcdn.net\/v\/t39.30808-6\/457505083_10231369523153747_6182817208468001472_n.jpg?_nc_cat=100&#038;ccb=1-7&#038;_nc_sid=dc4938&#038;_nc_ohc=VTo51KgIxswQ7kNvgEpgF0n&#038;_nc_zt=23&#038;_nc_ht=scontent-bru2-1.xx&#038;edm=AJdBtusEAAAA&#038;_nc_gid=Auip8xwcoUO1VAI_wFYc6qe&#038;oh=00_AYAsJmocn68SIVWTiIMjdflpbBkT_fIaB0Vrf2kwLPgJCw&#038;oe=67A43841","datePublished":"2022-06-17T07:19:35+00:00","dateModified":"2025-03-04T04:14:27+00:00","breadcrumb":{"@id":"https:\/\/ind-charleroi.be\/?page_id=19#breadcrumb"},"inLanguage":"fr-FR","potentialAction":[{"@type":"ReadAction","target":["https:\/\/ind-charleroi.be\/?page_id=19"]}]},{"@type":"ImageObject","inLanguage":"fr-FR","@id":"https:\/\/ind-charleroi.be\/?page_id=19#primaryimage","url":"https:\/\/scontent-bru2-1.xx.fbcdn.net\/v\/t39.30808-6\/457505083_10231369523153747_6182817208468001472_n.jpg?_nc_cat=100&#038;ccb=1-7&#038;_nc_sid=dc4938&#038;_nc_ohc=VTo51KgIxswQ7kNvgEpgF0n&#038;_nc_zt=23&#038;_nc_ht=scontent-bru2-1.xx&#038;edm=AJdBtusEAAAA&#038;_nc_gid=Auip8xwcoUO1VAI_wFYc6qe&#038;oh=00_AYAsJmocn68SIVWTiIMjdflpbBkT_fIaB0Vrf2kwLPgJCw&#038;oe=67A43841","contentUrl":"https:\/\/scontent-bru2-1.xx.fbcdn.net\/v\/t39.30808-6\/457505083_10231369523153747_6182817208468001472_n.jpg?_nc_cat=100&#038;ccb=1-7&#038;_nc_sid=dc4938&#038;_nc_ohc=VTo51KgIxswQ7kNvgEpgF0n&#038;_nc_zt=23&#038;_nc_ht=scontent-bru2-1.xx&#038;edm=AJdBtusEAAAA&#038;_nc_gid=Auip8xwcoUO1VAI_wFYc6qe&#038;oh=00_AYAsJmocn68SIVWTiIMjdflpbBkT_fIaB0Vrf2kwLPgJCw&#038;oe=67A43841"},{"@type":"BreadcrumbList","@id":"https:\/\/ind-charleroi.be\/?page_id=19#breadcrumb","itemListElement":[{"@type":"ListItem","position":1,"name":"Accueil","item":"https:\/\/ind-charleroi.be\/"},{"@type":"ListItem","position":2,"name":"Actualit\u00e9s du Fondamental"}]},{"@type":"WebSite","@id":"https:\/\/ind-charleroi.be\/#website","url":"https:\/\/ind-charleroi.be\/","name":"Institut Notre-Dame","description":"Aujourd&#039;hui pour demain","publisher":{"@id":"https:\/\/ind-charleroi.be\/#organization"},"potentialAction":[{"@type":"SearchAction","target":{"@type":"EntryPoint","urlTemplate":"https:\/\/ind-charleroi.be\/?s={search_term_string}"},"query-input":{"@type":"PropertyValueSpecification","valueRequired":true,"valueName":"search_term_string"}}],"inLanguage":"fr-FR"},{"@type":"Organization","@id":"https:\/\/ind-charleroi.be\/#organization","name":"Institut Notre-Dame","url":"https:\/\/ind-charleroi.be\/","logo":{"@type":"ImageObject","inLanguage":"fr-FR","@id":"https:\/\/ind-charleroi.be\/#\/schema\/logo\/image\/","url":"https:\/\/ind-charleroi.be\/wp-content\/uploads\/2022\/12\/cropped-logo-ind2022.jpg","contentUrl":"https:\/\/ind-charleroi.be\/wp-content\/uploads\/2022\/12\/cropped-logo-ind2022.jpg","width":1205,"height":505,"caption":"Institut Notre-Dame"},"image":{"@id":"https:\/\/ind-charleroi.be\/#\/schema\/logo\/image\/"}}]}},"jetpack_sharing_enabled":true,"_links":{"self":[{"href":"https:\/\/ind-charleroi.be\/index.php?rest_route=\/wp\/v2\/pages\/19","targetHints":{"allow":["GET"]}}],"collection":[{"href":"https:\/\/ind-charleroi.be\/index.php?rest_route=\/wp\/v2\/pages"}],"about":[{"href":"https:\/\/ind-charleroi.be\/index.php?rest_route=\/wp\/v2\/types\/page"}],"author":[{"embeddable":true,"href":"https:\/\/ind-charleroi.be\/index.php?rest_route=\/wp\/v2\/users\/1"}],"replies":[{"embeddable":true,"href":"https:\/\/ind-charleroi.be\/index.php?rest_route=%2Fwp%2Fv2%2Fcomments&post=19"}],"version-history":[{"count":27,"href":"https:\/\/ind-charleroi.be\/index.php?rest_route=\/wp\/v2\/pages\/19\/revisions"}],"predecessor-version":[{"id":6228,"href":"https:\/\/ind-charleroi.be\/index.php?rest_route=\/wp\/v2\/pages\/19\/revisions\/6228"}],"wp:attachment":[{"href":"https:\/\/ind-charleroi.be\/index.php?rest_route=%2Fwp%2Fv2%2Fmedia&parent=19"}],"curies":[{"name":"wp","href":"https:\/\/api.w.org\/{rel}","templated":true}]}}