{"id":22,"date":"2022-06-17T07:19:35","date_gmt":"2022-06-17T07:19:35","guid":{"rendered":"https:\/\/ind-charleroi.be\/?page_id=22"},"modified":"2023-07-14T10:25:17","modified_gmt":"2023-07-14T10:25:17","slug":"le-materiel-pour-la-rentreele-materiel-pour-la-rentreele-materiel-pour-la-rentree","status":"publish","type":"page","link":"https:\/\/ind-charleroi.be\/?page_id=22","title":{"rendered":"Le mat\u00e9riel pour la rentr\u00e9e"},"content":{"rendered":"\n<p>Vous pourrez trouver sur cette page l\u2019ensemble des listes de fournitures remises aux \u00e9l\u00e8ves en fin d\u2019ann\u00e9e scolaire en vue du passage \u00e0 la classe sup\u00e9rieure.<\/p>\n\n\n\n<p>Ce mat\u00e9riel doit \u00eatre \u00e0 la disposition des enfants tout au long de l\u2019ann\u00e9e. Les parents veilleront \u00e0 la bonne tenue de celui-ci et \u00e0 son r\u00e9approvisionnement \u00e9ventuel.<\/p>\n\n\n\n<p><strong><u>Conseil&nbsp;:<\/u><\/strong><strong><u><\/u><\/strong><\/p>\n\n\n\n<p>Veillez \u00e0 acheter du mat\u00e9riel durable et respectueux de l\u2019environnement.<\/p>\n\n\n\n<p>Personnalisez-le au nom de votre enfant.<\/p>\n\n\n\n<p>Pensez \u00e0 fournir \u00e0 votre enfant un cartable \u00e0 sa taille et lui permettant de bien ranger son mat\u00e9riel scolaire. L\u2019usage des roulettes est d\u00e9conseill\u00e9 vu les nombreux \u00e9tages&nbsp;: \u00e9vitez ce type de cartable qui est d\u2019ailleurs plus lourd qu\u2019un cartable classique.<\/p>\n\n\n\n<div data-wp-interactive=\"core\/file\" class=\"wp-block-file\"><object data-wp-bind--hidden=\"!state.hasPdfPreview\" hidden class=\"wp-block-file__embed\" data=\"https:\/\/ind-charleroi.be\/wp-content\/uploads\/2023\/07\/fourniture-maternelle.pdf\" type=\"application\/pdf\" style=\"width:100%;height:600px\" aria-label=\"Contenu embarqu\u00e9 fourniture-maternelle.\"><\/object><a id=\"wp-block-file--media-37b5437f-4512-485b-b810-028f88acb9ce\" href=\"https:\/\/ind-charleroi.be\/wp-content\/uploads\/2023\/07\/fourniture-maternelle.pdf\">fourniture-maternelle<\/a><a href=\"https:\/\/ind-charleroi.be\/wp-content\/uploads\/2023\/07\/fourniture-maternelle.pdf\" class=\"wp-block-file__button wp-element-button\" download aria-describedby=\"wp-block-file--media-37b5437f-4512-485b-b810-028f88acb9ce\">T\u00e9l\u00e9charger<\/a><\/div>\n\n\n\n<div data-wp-interactive=\"core\/file\" class=\"wp-block-file\"><object data-wp-bind--hidden=\"!state.hasPdfPreview\" hidden class=\"wp-block-file__embed\" data=\"https:\/\/ind-charleroi.be\/wp-content\/uploads\/2023\/07\/fourniture-P1.pdf\" type=\"application\/pdf\" style=\"width:100%;height:600px\" aria-label=\"Contenu embarqu\u00e9 fourniture-P1.\"><\/object><a id=\"wp-block-file--media-a04a0abb-1a94-4df2-8ce2-8e8ab60d7433\" href=\"https:\/\/ind-charleroi.be\/wp-content\/uploads\/2023\/07\/fourniture-P1.pdf\">fourniture-P1<\/a><a href=\"https:\/\/ind-charleroi.be\/wp-content\/uploads\/2023\/07\/fourniture-P1.pdf\" class=\"wp-block-file__button wp-element-button\" download aria-describedby=\"wp-block-file--media-a04a0abb-1a94-4df2-8ce2-8e8ab60d7433\">T\u00e9l\u00e9charger<\/a><\/div>\n\n\n\n<div data-wp-interactive=\"core\/file\" class=\"wp-block-file\"><object data-wp-bind--hidden=\"!state.hasPdfPreview\" hidden class=\"wp-block-file__embed\" data=\"https:\/\/ind-charleroi.be\/wp-content\/uploads\/2023\/07\/fourniture-p2.pdf\" type=\"application\/pdf\" style=\"width:100%;height:600px\" aria-label=\"Contenu embarqu\u00e9 fourniture-p2.\"><\/object><a id=\"wp-block-file--media-cd19e113-6877-4d27-bc1a-4d25a964501d\" href=\"https:\/\/ind-charleroi.be\/wp-content\/uploads\/2023\/07\/fourniture-p2.pdf\">fourniture-p2<\/a><a href=\"https:\/\/ind-charleroi.be\/wp-content\/uploads\/2023\/07\/fourniture-p2.pdf\" class=\"wp-block-file__button wp-element-button\" download aria-describedby=\"wp-block-file--media-cd19e113-6877-4d27-bc1a-4d25a964501d\">T\u00e9l\u00e9charger<\/a><\/div>\n","protected":false},"excerpt":{"rendered":"<p>Vous pourrez trouver sur cette page l\u2019ensemble des listes de fournitures remises aux \u00e9l\u00e8ves en fin d\u2019ann\u00e9e scolaire en vue du passage \u00e0 la classe sup\u00e9rieure. Ce mat\u00e9riel doit \u00eatre \u00e0 la disposition des enfants tout au long de l\u2019ann\u00e9e. Les parents veilleront \u00e0 la bonne tenue de celui-ci et \u00e0 son r\u00e9approvisionnement \u00e9ventuel. Conseil&nbsp;: Veillez \u00e0 acheter du mat\u00e9riel durable et respectueux de l\u2019environnement. [&hellip;]<\/p>\n","protected":false},"author":1,"featured_media":0,"parent":0,"menu_order":0,"comment_status":"closed","ping_status":"closed","template":"","meta":{"footnotes":""},"class_list":["post-22","page","type-page","status-publish","hentry"],"yoast_head":"<!-- This site is optimized with the Yoast SEO plugin v27.4 - https:\/\/yoast.com\/product\/yoast-seo-wordpress\/ -->\n<title>Le mat\u00e9riel pour la rentr\u00e9e - Institut Notre-Dame<\/title>\n<meta name=\"robots\" content=\"index, follow, max-snippet:-1, max-image-preview:large, max-video-preview:-1\" \/>\n<link rel=\"canonical\" href=\"https:\/\/ind-charleroi.be\/?page_id=22\" \/>\n<meta property=\"og:locale\" content=\"fr_FR\" \/>\n<meta property=\"og:type\" content=\"article\" \/>\n<meta property=\"og:title\" content=\"Le mat\u00e9riel pour la rentr\u00e9e - Institut Notre-Dame\" \/>\n<meta property=\"og:description\" content=\"Vous pourrez trouver sur cette page l\u2019ensemble des listes de fournitures remises aux \u00e9l\u00e8ves en fin d\u2019ann\u00e9e scolaire en vue du passage \u00e0 la classe sup\u00e9rieure. Ce mat\u00e9riel doit \u00eatre \u00e0 la disposition des enfants tout au long de l\u2019ann\u00e9e. Les parents veilleront \u00e0 la bonne tenue de celui-ci et \u00e0 son r\u00e9approvisionnement \u00e9ventuel. Conseil&nbsp;: Veillez \u00e0 acheter du mat\u00e9riel durable et respectueux de l\u2019environnement. [&hellip;]\" \/>\n<meta property=\"og:url\" content=\"https:\/\/ind-charleroi.be\/?page_id=22\" \/>\n<meta property=\"og:site_name\" content=\"Institut Notre-Dame\" \/>\n<meta property=\"article:modified_time\" content=\"2023-07-14T10:25:17+00:00\" \/>\n<meta name=\"twitter:card\" content=\"summary_large_image\" \/>\n<meta name=\"twitter:label1\" content=\"Dur\u00e9e de lecture estim\u00e9e\" \/>\n\t<meta name=\"twitter:data1\" content=\"1 minute\" \/>\n<script type=\"application\/ld+json\" class=\"yoast-schema-graph\">{\"@context\":\"https:\\\/\\\/schema.org\",\"@graph\":[{\"@type\":\"WebPage\",\"@id\":\"https:\\\/\\\/ind-charleroi.be\\\/?page_id=22\",\"url\":\"https:\\\/\\\/ind-charleroi.be\\\/?page_id=22\",\"name\":\"Le mat\u00e9riel pour la rentr\u00e9e - Institut Notre-Dame\",\"isPartOf\":{\"@id\":\"https:\\\/\\\/ind-charleroi.be\\\/#website\"},\"datePublished\":\"2022-06-17T07:19:35+00:00\",\"dateModified\":\"2023-07-14T10:25:17+00:00\",\"breadcrumb\":{\"@id\":\"https:\\\/\\\/ind-charleroi.be\\\/?page_id=22#breadcrumb\"},\"inLanguage\":\"fr-FR\",\"potentialAction\":[{\"@type\":\"ReadAction\",\"target\":[\"https:\\\/\\\/ind-charleroi.be\\\/?page_id=22\"]}]},{\"@type\":\"BreadcrumbList\",\"@id\":\"https:\\\/\\\/ind-charleroi.be\\\/?page_id=22#breadcrumb\",\"itemListElement\":[{\"@type\":\"ListItem\",\"position\":1,\"name\":\"Accueil\",\"item\":\"https:\\\/\\\/ind-charleroi.be\\\/\"},{\"@type\":\"ListItem\",\"position\":2,\"name\":\"Le mat\u00e9riel pour la rentr\u00e9e\"}]},{\"@type\":\"WebSite\",\"@id\":\"https:\\\/\\\/ind-charleroi.be\\\/#website\",\"url\":\"https:\\\/\\\/ind-charleroi.be\\\/\",\"name\":\"Institut Notre-Dame\",\"description\":\"Aujourd&#039;hui pour demain\",\"publisher\":{\"@id\":\"https:\\\/\\\/ind-charleroi.be\\\/#organization\"},\"potentialAction\":[{\"@type\":\"SearchAction\",\"target\":{\"@type\":\"EntryPoint\",\"urlTemplate\":\"https:\\\/\\\/ind-charleroi.be\\\/?s={search_term_string}\"},\"query-input\":{\"@type\":\"PropertyValueSpecification\",\"valueRequired\":true,\"valueName\":\"search_term_string\"}}],\"inLanguage\":\"fr-FR\"},{\"@type\":\"Organization\",\"@id\":\"https:\\\/\\\/ind-charleroi.be\\\/#organization\",\"name\":\"Institut Notre-Dame\",\"url\":\"https:\\\/\\\/ind-charleroi.be\\\/\",\"logo\":{\"@type\":\"ImageObject\",\"inLanguage\":\"fr-FR\",\"@id\":\"https:\\\/\\\/ind-charleroi.be\\\/#\\\/schema\\\/logo\\\/image\\\/\",\"url\":\"https:\\\/\\\/ind-charleroi.be\\\/wp-content\\\/uploads\\\/2022\\\/12\\\/cropped-logo-ind2022.jpg\",\"contentUrl\":\"https:\\\/\\\/ind-charleroi.be\\\/wp-content\\\/uploads\\\/2022\\\/12\\\/cropped-logo-ind2022.jpg\",\"width\":1205,\"height\":505,\"caption\":\"Institut Notre-Dame\"},\"image\":{\"@id\":\"https:\\\/\\\/ind-charleroi.be\\\/#\\\/schema\\\/logo\\\/image\\\/\"}}]}<\/script>\n<!-- \/ Yoast SEO plugin. -->","yoast_head_json":{"title":"Le mat\u00e9riel pour la rentr\u00e9e - Institut Notre-Dame","robots":{"index":"index","follow":"follow","max-snippet":"max-snippet:-1","max-image-preview":"max-image-preview:large","max-video-preview":"max-video-preview:-1"},"canonical":"https:\/\/ind-charleroi.be\/?page_id=22","og_locale":"fr_FR","og_type":"article","og_title":"Le mat\u00e9riel pour la rentr\u00e9e - Institut Notre-Dame","og_description":"Vous pourrez trouver sur cette page l\u2019ensemble des listes de fournitures remises aux \u00e9l\u00e8ves en fin d\u2019ann\u00e9e scolaire en vue du passage \u00e0 la classe sup\u00e9rieure. Ce mat\u00e9riel doit \u00eatre \u00e0 la disposition des enfants tout au long de l\u2019ann\u00e9e. Les parents veilleront \u00e0 la bonne tenue de celui-ci et \u00e0 son r\u00e9approvisionnement \u00e9ventuel. Conseil&nbsp;: Veillez \u00e0 acheter du mat\u00e9riel durable et respectueux de l\u2019environnement. [&hellip;]","og_url":"https:\/\/ind-charleroi.be\/?page_id=22","og_site_name":"Institut Notre-Dame","article_modified_time":"2023-07-14T10:25:17+00:00","twitter_card":"summary_large_image","twitter_misc":{"Dur\u00e9e de lecture estim\u00e9e":"1 minute"},"schema":{"@context":"https:\/\/schema.org","@graph":[{"@type":"WebPage","@id":"https:\/\/ind-charleroi.be\/?page_id=22","url":"https:\/\/ind-charleroi.be\/?page_id=22","name":"Le mat\u00e9riel pour la rentr\u00e9e - Institut Notre-Dame","isPartOf":{"@id":"https:\/\/ind-charleroi.be\/#website"},"datePublished":"2022-06-17T07:19:35+00:00","dateModified":"2023-07-14T10:25:17+00:00","breadcrumb":{"@id":"https:\/\/ind-charleroi.be\/?page_id=22#breadcrumb"},"inLanguage":"fr-FR","potentialAction":[{"@type":"ReadAction","target":["https:\/\/ind-charleroi.be\/?page_id=22"]}]},{"@type":"BreadcrumbList","@id":"https:\/\/ind-charleroi.be\/?page_id=22#breadcrumb","itemListElement":[{"@type":"ListItem","position":1,"name":"Accueil","item":"https:\/\/ind-charleroi.be\/"},{"@type":"ListItem","position":2,"name":"Le mat\u00e9riel pour la rentr\u00e9e"}]},{"@type":"WebSite","@id":"https:\/\/ind-charleroi.be\/#website","url":"https:\/\/ind-charleroi.be\/","name":"Institut Notre-Dame","description":"Aujourd&#039;hui pour demain","publisher":{"@id":"https:\/\/ind-charleroi.be\/#organization"},"potentialAction":[{"@type":"SearchAction","target":{"@type":"EntryPoint","urlTemplate":"https:\/\/ind-charleroi.be\/?s={search_term_string}"},"query-input":{"@type":"PropertyValueSpecification","valueRequired":true,"valueName":"search_term_string"}}],"inLanguage":"fr-FR"},{"@type":"Organization","@id":"https:\/\/ind-charleroi.be\/#organization","name":"Institut Notre-Dame","url":"https:\/\/ind-charleroi.be\/","logo":{"@type":"ImageObject","inLanguage":"fr-FR","@id":"https:\/\/ind-charleroi.be\/#\/schema\/logo\/image\/","url":"https:\/\/ind-charleroi.be\/wp-content\/uploads\/2022\/12\/cropped-logo-ind2022.jpg","contentUrl":"https:\/\/ind-charleroi.be\/wp-content\/uploads\/2022\/12\/cropped-logo-ind2022.jpg","width":1205,"height":505,"caption":"Institut Notre-Dame"},"image":{"@id":"https:\/\/ind-charleroi.be\/#\/schema\/logo\/image\/"}}]}},"jetpack_sharing_enabled":true,"_links":{"self":[{"href":"https:\/\/ind-charleroi.be\/index.php?rest_route=\/wp\/v2\/pages\/22","targetHints":{"allow":["GET"]}}],"collection":[{"href":"https:\/\/ind-charleroi.be\/index.php?rest_route=\/wp\/v2\/pages"}],"about":[{"href":"https:\/\/ind-charleroi.be\/index.php?rest_route=\/wp\/v2\/types\/page"}],"author":[{"embeddable":true,"href":"https:\/\/ind-charleroi.be\/index.php?rest_route=\/wp\/v2\/users\/1"}],"replies":[{"embeddable":true,"href":"https:\/\/ind-charleroi.be\/index.php?rest_route=%2Fwp%2Fv2%2Fcomments&post=22"}],"version-history":[{"count":3,"href":"https:\/\/ind-charleroi.be\/index.php?rest_route=\/wp\/v2\/pages\/22\/revisions"}],"predecessor-version":[{"id":5767,"href":"https:\/\/ind-charleroi.be\/index.php?rest_route=\/wp\/v2\/pages\/22\/revisions\/5767"}],"wp:attachment":[{"href":"https:\/\/ind-charleroi.be\/index.php?rest_route=%2Fwp%2Fv2%2Fmedia&parent=22"}],"curies":[{"name":"wp","href":"https:\/\/api.w.org\/{rel}","templated":true}]}}