{"id":4643,"date":"2022-06-29T06:09:57","date_gmt":"2022-06-29T06:09:57","guid":{"rendered":"https:\/\/ind-charleroi.be\/?page_id=4643"},"modified":"2022-07-06T05:12:00","modified_gmt":"2022-07-06T05:12:00","slug":"lassociation-des-anciens-2","status":"publish","type":"page","link":"https:\/\/ind-charleroi.be\/?page_id=4643","title":{"rendered":"L&rsquo;association des Anciens"},"content":{"rendered":"\t\t<div data-elementor-type=\"wp-page\" data-elementor-id=\"4643\" class=\"elementor elementor-4643\">\n\t\t\t\t\t\t<section class=\"elementor-section elementor-top-section elementor-element elementor-element-d608b7d elementor-section-boxed elementor-section-height-default elementor-section-height-default\" data-id=\"d608b7d\" data-element_type=\"section\" data-e-type=\"section\">\n\t\t\t\t\t\t<div class=\"elementor-container elementor-column-gap-default\">\n\t\t\t\t\t<div class=\"elementor-column elementor-col-100 elementor-top-column elementor-element elementor-element-5b845fc\" data-id=\"5b845fc\" data-element_type=\"column\" data-e-type=\"column\">\n\t\t\t<div class=\"elementor-widget-wrap elementor-element-populated\">\n\t\t\t\t\t\t<div class=\"elementor-element elementor-element-92cab03 elementor-widget elementor-widget-text-editor\" data-id=\"92cab03\" data-element_type=\"widget\" data-e-type=\"widget\" data-widget_type=\"text-editor.default\">\n\t\t\t\t<div class=\"elementor-widget-container\">\n\t\t\t\t\t\t\t\t\t<p>Depuis le d\u00e9but des ann\u00e9es 1950, l\u2019 \u00ab Association des Anciennes \u00c9l\u00e8ves des S\u0153urs de Notre-Dame \u00bb, aujourd\u2019hui \u00ab Association des Anciens de N-D \u00bb, a toujours souhait\u00e9 garder le contact avec les \u00e9l\u00e8ves qui ont fr\u00e9quent\u00e9 l\u2019Institut et les relier entre eux.<\/p>\t\t\t\t\t\t\t\t<\/div>\n\t\t\t\t<\/div>\n\t\t\t\t\t<\/div>\n\t\t<\/div>\n\t\t\t\t\t<\/div>\n\t\t<\/section>\n\t\t\t\t<section class=\"elementor-section elementor-top-section elementor-element elementor-element-564e1c5 elementor-section-boxed elementor-section-height-default elementor-section-height-default\" data-id=\"564e1c5\" data-element_type=\"section\" data-e-type=\"section\">\n\t\t\t\t\t\t<div class=\"elementor-container elementor-column-gap-default\">\n\t\t\t\t\t<div class=\"elementor-column elementor-col-100 elementor-top-column elementor-element elementor-element-2572242\" data-id=\"2572242\" data-element_type=\"column\" data-e-type=\"column\">\n\t\t\t<div class=\"elementor-widget-wrap elementor-element-populated\">\n\t\t\t\t\t\t<div class=\"elementor-element elementor-element-01530ee elementor-widget elementor-widget-image-gallery\" data-id=\"01530ee\" data-element_type=\"widget\" data-e-type=\"widget\" data-widget_type=\"image-gallery.default\">\n\t\t\t\t<div class=\"elementor-widget-container\">\n\t\t\t\t\t\t\t<div class=\"elementor-image-gallery\">\n\t\t\t\n\t\t<style type=\"text\/css\">\n\t\t\t#gallery-1 {\n\t\t\t\tmargin: auto;\n\t\t\t}\n\t\t\t#gallery-1 .gallery-item {\n\t\t\t\tfloat: left;\n\t\t\t\tmargin-top: 10px;\n\t\t\t\ttext-align: center;\n\t\t\t\twidth: 100%;\n\t\t\t}\n\t\t\t#gallery-1 img {\n\t\t\t\tborder: 2px solid #cfcfcf;\n\t\t\t}\n\t\t\t#gallery-1 .gallery-caption {\n\t\t\t\tmargin-left: 0;\n\t\t\t}\n\t\t\t\/* see gallery_shortcode() in wp-includes\/media.php *\/\n\t\t<\/style>\n\t\t<div id='gallery-1' class='gallery galleryid-4643 gallery-columns-1 gallery-size-thumbnail'><dl class='gallery-item'>\n\t\t\t<dt class='gallery-icon landscape'>\n\t\t\t\t<a data-elementor-open-lightbox=\"yes\" data-elementor-lightbox-slideshow=\"01530ee\" data-elementor-lightbox-title=\"ancien1\" data-e-action-hash=\"#elementor-action%3Aaction%3Dlightbox%26settings%3DeyJpZCI6NDY3MCwidXJsIjoiaHR0cHM6XC9cL2luZC1jaGFybGVyb2kuYmVcL3dwLWNvbnRlbnRcL3VwbG9hZHNcLzIwMjJcLzA2XC9hbmNpZW4xLmpwZyIsInNsaWRlc2hvdyI6IjAxNTMwZWUifQ%3D%3D\" href='https:\/\/ind-charleroi.be\/wp-content\/uploads\/2022\/06\/ancien1.jpg'><img decoding=\"async\" width=\"150\" height=\"150\" src=\"https:\/\/ind-charleroi.be\/wp-content\/uploads\/2022\/06\/ancien1-150x150.jpg\" class=\"attachment-thumbnail size-thumbnail\" alt=\"\" \/><\/a>\n\t\t\t<\/dt><\/dl><br style=\"clear: both\" \/><dl class='gallery-item'>\n\t\t\t<dt class='gallery-icon landscape'>\n\t\t\t\t<a data-elementor-open-lightbox=\"yes\" data-elementor-lightbox-slideshow=\"01530ee\" data-elementor-lightbox-title=\"ancien2\" data-e-action-hash=\"#elementor-action%3Aaction%3Dlightbox%26settings%3DeyJpZCI6NDY3MSwidXJsIjoiaHR0cHM6XC9cL2luZC1jaGFybGVyb2kuYmVcL3dwLWNvbnRlbnRcL3VwbG9hZHNcLzIwMjJcLzA2XC9hbmNpZW4yLTEuanBnIiwic2xpZGVzaG93IjoiMDE1MzBlZSJ9\" href='https:\/\/ind-charleroi.be\/wp-content\/uploads\/2022\/06\/ancien2-1.jpg'><img decoding=\"async\" width=\"150\" height=\"150\" src=\"https:\/\/ind-charleroi.be\/wp-content\/uploads\/2022\/06\/ancien2-1-150x150.jpg\" class=\"attachment-thumbnail size-thumbnail\" alt=\"\" \/><\/a>\n\t\t\t<\/dt><\/dl><br style=\"clear: both\" \/>\n\t\t<\/div>\n\t\t<\/div>\n\t\t\t\t\t\t<\/div>\n\t\t\t\t<\/div>\n\t\t\t\t\t<\/div>\n\t\t<\/div>\n\t\t\t\t\t<\/div>\n\t\t<\/section>\n\t\t\t\t<section class=\"elementor-section elementor-top-section elementor-element elementor-element-7596ce4 elementor-section-boxed elementor-section-height-default elementor-section-height-default\" data-id=\"7596ce4\" data-element_type=\"section\" data-e-type=\"section\">\n\t\t\t\t\t\t<div class=\"elementor-container elementor-column-gap-default\">\n\t\t\t\t\t<div class=\"elementor-column elementor-col-100 elementor-top-column elementor-element elementor-element-d4906d6\" data-id=\"d4906d6\" data-element_type=\"column\" data-e-type=\"column\">\n\t\t\t<div class=\"elementor-widget-wrap elementor-element-populated\">\n\t\t\t\t\t\t<div class=\"elementor-element elementor-element-33554d6 elementor-widget elementor-widget-heading\" data-id=\"33554d6\" data-element_type=\"widget\" data-e-type=\"widget\" data-widget_type=\"heading.default\">\n\t\t\t\t<div class=\"elementor-widget-container\">\n\t\t\t\t\t<h2 class=\"elementor-heading-title elementor-size-default\">Nos activit\u00e9s<\/h2>\t\t\t\t<\/div>\n\t\t\t\t<\/div>\n\t\t\t\t\t<\/div>\n\t\t<\/div>\n\t\t\t\t\t<\/div>\n\t\t<\/section>\n\t\t\t\t<section class=\"elementor-section elementor-top-section elementor-element elementor-element-383ae2d elementor-section-boxed elementor-section-height-default elementor-section-height-default\" data-id=\"383ae2d\" data-element_type=\"section\" data-e-type=\"section\">\n\t\t\t\t\t\t<div class=\"elementor-container elementor-column-gap-default\">\n\t\t\t\t\t<div class=\"elementor-column elementor-col-100 elementor-top-column elementor-element elementor-element-55adfe9\" data-id=\"55adfe9\" data-element_type=\"column\" data-e-type=\"column\">\n\t\t\t<div class=\"elementor-widget-wrap elementor-element-populated\">\n\t\t\t\t\t\t<div class=\"elementor-element elementor-element-a905f78 elementor-widget elementor-widget-text-editor\" data-id=\"a905f78\" data-element_type=\"widget\" data-e-type=\"widget\" data-widget_type=\"text-editor.default\">\n\t\t\t\t<div class=\"elementor-widget-container\">\n\t\t\t\t\t\t\t\t\t<p>Les retrouvailles entre Anciens occupent une place pr\u00e9pond\u00e9rante dans nos activit\u00e9s.<br \/>Chaque ann\u00e9e, nous convions les jubilaires sortis 10, 20, 30, 40, 50 \u2026 ans auparavant \u00e0 un souper festif, le dernier samedi de janvier.<br \/>Vous trouverez des \u00e9chos de cette f\u00eate ci-dessous.<\/p><p>Lors de la proclamation des r\u00e9sultats de nos rh\u00e9toriciens en juin, nous attribuons\u00a0le \u00ab <strong>Prix des Anciens<\/strong> \u00bb \u00e0 un \u00e9l\u00e8ve qui, en dehors de toute performance scolaire, a montr\u00e9 une personnalit\u00e9 riche d\u2019engagement, d\u2019humanit\u00e9, de respect de l\u2019autre.<\/p><p>Et nous soutenons par un don annuel l\u2019h\u00f4pital de <strong>YASA BONGA<\/strong> au Congo, tenu par\u00a0une ancienne \u00e9l\u00e8ve, le Docteur C\u00e9cile Van Geert.<br \/>Nous avons aussi choisi d\u2019aider chaque ann\u00e9e, une autre cause, plus proche, que l\u2019une d\u2019entre nous conna\u00eet bien.<\/p>\t\t\t\t\t\t\t\t<\/div>\n\t\t\t\t<\/div>\n\t\t\t\t\t<\/div>\n\t\t<\/div>\n\t\t\t\t\t<\/div>\n\t\t<\/section>\n\t\t\t\t<section class=\"elementor-section elementor-top-section elementor-element elementor-element-97535de elementor-section-boxed elementor-section-height-default elementor-section-height-default\" data-id=\"97535de\" data-element_type=\"section\" data-e-type=\"section\">\n\t\t\t\t\t\t<div class=\"elementor-container elementor-column-gap-default\">\n\t\t\t\t\t<div class=\"elementor-column elementor-col-100 elementor-top-column elementor-element elementor-element-11707d0\" data-id=\"11707d0\" data-element_type=\"column\" data-e-type=\"column\">\n\t\t\t<div class=\"elementor-widget-wrap elementor-element-populated\">\n\t\t\t\t\t\t<div class=\"elementor-element elementor-element-aa85310 elementor-widget elementor-widget-heading\" data-id=\"aa85310\" data-element_type=\"widget\" data-e-type=\"widget\" data-widget_type=\"heading.default\">\n\t\t\t\t<div class=\"elementor-widget-container\">\n\t\t\t\t\t<h2 class=\"elementor-heading-title elementor-size-default\"><span style=\"font-family: Raleway, sans-serif;font-weight: var( --e-global-typography-primary-font-weight )\">Les soupers de retrouvailles : Ambiance &amp; photos<\/span><\/h2>\t\t\t\t<\/div>\n\t\t\t\t<\/div>\n\t\t\t\t\t<\/div>\n\t\t<\/div>\n\t\t\t\t\t<\/div>\n\t\t<\/section>\n\t\t\t\t<section class=\"elementor-section elementor-top-section elementor-element elementor-element-1a5dcc6 elementor-section-boxed elementor-section-height-default elementor-section-height-default\" data-id=\"1a5dcc6\" data-element_type=\"section\" data-e-type=\"section\">\n\t\t\t\t\t\t<div class=\"elementor-container elementor-column-gap-default\">\n\t\t\t\t\t<div class=\"elementor-column elementor-col-100 elementor-top-column elementor-element elementor-element-852ecc6\" data-id=\"852ecc6\" data-element_type=\"column\" data-e-type=\"column\">\n\t\t\t<div class=\"elementor-widget-wrap elementor-element-populated\">\n\t\t\t\t\t\t<div class=\"elementor-element elementor-element-fb1e199 elementor-widget elementor-widget-text-editor\" data-id=\"fb1e199\" data-element_type=\"widget\" data-e-type=\"widget\" data-widget_type=\"text-editor.default\">\n\t\t\t\t<div class=\"elementor-widget-container\">\n\t\t\t\t\t\t\t\t\t<p>Le dernier samedi de janvier, l\u2019Association des Anciens de Notre-Dame f\u00eate ses jubilaires.<\/p><p>Le lendemain matin, peu importe la fatigue qui nous tenaille les pieds, des images de bonheur emplissent encore nos esprits : la soir\u00e9e a \u00e9t\u00e9 extraordinaire de gentillesse, de bonne humeur, d\u2019humour, de remerciements pour la qualit\u00e9 du repas. Et tous \u00e9taient surtout heureux d\u2019\u00eatre l\u00e0, de se retrouver, heureux que cette soir\u00e9e ait lieu.<br \/>Beaucoup d\u2019Anciens nous ont aussi manifest\u00e9 \u00e9norm\u00e9ment de gratitude pour l\u2019\u00e9ducation et l\u2019enseignement qu\u2019ils ont re\u00e7us \u00e0 l\u2019\u00e9cole. En tant qu\u2019enseignants, nous ne savons jamais ce que va devenir ce que nous avons sem\u00e9, mais un soir comme celui-l\u00e0, on se dit qu\u2019on n\u2019a pas perdu son temps.<\/p>\t\t\t\t\t\t\t\t<\/div>\n\t\t\t\t<\/div>\n\t\t\t\t\t<\/div>\n\t\t<\/div>\n\t\t\t\t\t<\/div>\n\t\t<\/section>\n\t\t\t\t<section class=\"elementor-section elementor-top-section elementor-element elementor-element-10ba12a elementor-section-boxed elementor-section-height-default elementor-section-height-default\" data-id=\"10ba12a\" data-element_type=\"section\" data-e-type=\"section\">\n\t\t\t\t\t\t<div class=\"elementor-container elementor-column-gap-default\">\n\t\t\t\t\t<div class=\"elementor-column elementor-col-100 elementor-top-column elementor-element elementor-element-e13f091\" data-id=\"e13f091\" data-element_type=\"column\" data-e-type=\"column\">\n\t\t\t<div class=\"elementor-widget-wrap\">\n\t\t\t\t\t\t\t<\/div>\n\t\t<\/div>\n\t\t\t\t\t<\/div>\n\t\t<\/section>\n\t\t\t\t<section class=\"elementor-section elementor-top-section elementor-element elementor-element-b9e1eff elementor-section-boxed elementor-section-height-default elementor-section-height-default\" data-id=\"b9e1eff\" data-element_type=\"section\" data-e-type=\"section\">\n\t\t\t\t\t\t<div class=\"elementor-container elementor-column-gap-default\">\n\t\t\t\t\t<div class=\"elementor-column elementor-col-100 elementor-top-column elementor-element elementor-element-f177d20\" data-id=\"f177d20\" data-element_type=\"column\" data-e-type=\"column\">\n\t\t\t<div class=\"elementor-widget-wrap elementor-element-populated\">\n\t\t\t\t\t\t<div class=\"elementor-element elementor-element-56a8720 elementor-widget elementor-widget-heading\" data-id=\"56a8720\" data-element_type=\"widget\" data-e-type=\"widget\" data-widget_type=\"heading.default\">\n\t\t\t\t<div class=\"elementor-widget-container\">\n\t\t\t\t\t<h2 class=\"elementor-heading-title elementor-size-default\"><span style=\"font-family: Raleway, sans-serif;font-weight: var( --e-global-typography-primary-font-weight )\">Le Comit\u00e9 actuel<\/span><\/h2>\t\t\t\t<\/div>\n\t\t\t\t<\/div>\n\t\t\t\t\t<\/div>\n\t\t<\/div>\n\t\t\t\t\t<\/div>\n\t\t<\/section>\n\t\t\t\t<section class=\"elementor-section elementor-top-section elementor-element elementor-element-bafa778 elementor-section-boxed elementor-section-height-default elementor-section-height-default\" data-id=\"bafa778\" data-element_type=\"section\" data-e-type=\"section\">\n\t\t\t\t\t\t<div class=\"elementor-container elementor-column-gap-default\">\n\t\t\t\t\t<div class=\"elementor-column elementor-col-100 elementor-top-column elementor-element elementor-element-49bd974\" data-id=\"49bd974\" data-element_type=\"column\" data-e-type=\"column\">\n\t\t\t<div class=\"elementor-widget-wrap elementor-element-populated\">\n\t\t\t\t\t\t<div class=\"elementor-element elementor-element-bf28d70 elementor-widget elementor-widget-text-editor\" data-id=\"bf28d70\" data-element_type=\"widget\" data-e-type=\"widget\" data-widget_type=\"text-editor.default\">\n\t\t\t\t<div class=\"elementor-widget-container\">\n\t\t\t\t\t\t\t\t\t<p>Nous sommes neuf, toutes anciennes de ND Charleroi, \u00e9videmment :<\/p><ul><li>S\u0153ur C\u00e9cile JORDAN (rh\u00e9to 56),<\/li><li>\u00c9veline DECRUCQ\u00a0(rh\u00e9to 62),<\/li><li>Mich\u00e8le LAMBERT (rh\u00e9to 66),<\/li><li>V\u00e9ronique VAN den BERGE (rh\u00e9to 68),<\/li><li>Claire TRAMASEUR (rh\u00e9to 70),<\/li><li>Fran\u00e7oise ALLARD (rh\u00e9to 70),<\/li><li>Jacqueline DEVROEDE (rh\u00e9to 71),<\/li><li>Micheline CAMUS (rh\u00e9to 71)<\/li><li>Marie-Christine ROCHET (rh\u00e9to 74),<\/li><\/ul>\t\t\t\t\t\t\t\t<\/div>\n\t\t\t\t<\/div>\n\t\t\t\t\t<\/div>\n\t\t<\/div>\n\t\t\t\t\t<\/div>\n\t\t<\/section>\n\t\t\t\t<section class=\"elementor-section elementor-top-section elementor-element elementor-element-b450af4 elementor-section-boxed elementor-section-height-default elementor-section-height-default\" data-id=\"b450af4\" data-element_type=\"section\" data-e-type=\"section\">\n\t\t\t\t\t\t<div class=\"elementor-container elementor-column-gap-default\">\n\t\t\t\t\t<div class=\"elementor-column elementor-col-100 elementor-top-column elementor-element elementor-element-a00b1ad\" data-id=\"a00b1ad\" data-element_type=\"column\" data-e-type=\"column\">\n\t\t\t<div class=\"elementor-widget-wrap elementor-element-populated\">\n\t\t\t\t\t\t<div class=\"elementor-element elementor-element-8f3415d elementor-widget elementor-widget-heading\" data-id=\"8f3415d\" data-element_type=\"widget\" data-e-type=\"widget\" data-widget_type=\"heading.default\">\n\t\t\t\t<div class=\"elementor-widget-container\">\n\t\t\t\t\t<h2 class=\"elementor-heading-title elementor-size-default\">Contacts<\/h2>\t\t\t\t<\/div>\n\t\t\t\t<\/div>\n\t\t\t\t\t<\/div>\n\t\t<\/div>\n\t\t\t\t\t<\/div>\n\t\t<\/section>\n\t\t\t\t<\/div>\n\t\t","protected":false},"excerpt":{"rendered":"<p>Depuis le d\u00e9but des ann\u00e9es 1950, l\u2019 \u00ab Association des Anciennes \u00c9l\u00e8ves des S\u0153urs de Notre-Dame \u00bb, aujourd\u2019hui \u00ab Association des Anciens de N-D \u00bb, a toujours souhait\u00e9 garder le contact avec les \u00e9l\u00e8ves qui ont fr\u00e9quent\u00e9 l\u2019Institut et les relier entre eux. Nos activit\u00e9s Les retrouvailles entre Anciens occupent une place pr\u00e9pond\u00e9rante dans nos activit\u00e9s.Chaque ann\u00e9e, nous convions les jubilaires sortis 10, 20, 30, [&hellip;]<\/p>\n","protected":false},"author":1,"featured_media":0,"parent":0,"menu_order":0,"comment_status":"closed","ping_status":"closed","template":"","meta":{"footnotes":""},"class_list":["post-4643","page","type-page","status-publish","hentry"],"yoast_head":"<!-- This site is optimized with the Yoast SEO plugin v27.4 - https:\/\/yoast.com\/product\/yoast-seo-wordpress\/ -->\n<title>L&#039;association des Anciens - Institut Notre-Dame<\/title>\n<meta name=\"robots\" content=\"index, follow, max-snippet:-1, max-image-preview:large, max-video-preview:-1\" \/>\n<link rel=\"canonical\" href=\"https:\/\/ind-charleroi.be\/?page_id=4643\" \/>\n<meta property=\"og:locale\" content=\"fr_FR\" \/>\n<meta property=\"og:type\" content=\"article\" \/>\n<meta property=\"og:title\" content=\"L&#039;association des Anciens - Institut Notre-Dame\" \/>\n<meta property=\"og:description\" content=\"Depuis le d\u00e9but des ann\u00e9es 1950, l\u2019 \u00ab Association des Anciennes \u00c9l\u00e8ves des S\u0153urs de Notre-Dame \u00bb, aujourd\u2019hui \u00ab Association des Anciens de N-D \u00bb, a toujours souhait\u00e9 garder le contact avec les \u00e9l\u00e8ves qui ont fr\u00e9quent\u00e9 l\u2019Institut et les relier entre eux. Nos activit\u00e9s Les retrouvailles entre Anciens occupent une place pr\u00e9pond\u00e9rante dans nos activit\u00e9s.Chaque ann\u00e9e, nous convions les jubilaires sortis 10, 20, 30, [&hellip;]\" \/>\n<meta property=\"og:url\" content=\"https:\/\/ind-charleroi.be\/?page_id=4643\" \/>\n<meta property=\"og:site_name\" content=\"Institut Notre-Dame\" \/>\n<meta property=\"article:modified_time\" content=\"2022-07-06T05:12:00+00:00\" \/>\n<meta property=\"og:image\" content=\"https:\/\/ind-charleroi.be\/wp-content\/uploads\/2022\/06\/ancien1-150x150.jpg\" \/>\n<meta name=\"twitter:card\" content=\"summary_large_image\" \/>\n<meta name=\"twitter:label1\" content=\"Dur\u00e9e de lecture estim\u00e9e\" \/>\n\t<meta name=\"twitter:data1\" content=\"3 minutes\" \/>\n<script type=\"application\/ld+json\" class=\"yoast-schema-graph\">{\"@context\":\"https:\\\/\\\/schema.org\",\"@graph\":[{\"@type\":\"WebPage\",\"@id\":\"https:\\\/\\\/ind-charleroi.be\\\/?page_id=4643\",\"url\":\"https:\\\/\\\/ind-charleroi.be\\\/?page_id=4643\",\"name\":\"L'association des Anciens - Institut Notre-Dame\",\"isPartOf\":{\"@id\":\"https:\\\/\\\/ind-charleroi.be\\\/#website\"},\"primaryImageOfPage\":{\"@id\":\"https:\\\/\\\/ind-charleroi.be\\\/?page_id=4643#primaryimage\"},\"image\":{\"@id\":\"https:\\\/\\\/ind-charleroi.be\\\/?page_id=4643#primaryimage\"},\"thumbnailUrl\":\"https:\\\/\\\/ind-charleroi.be\\\/wp-content\\\/uploads\\\/2022\\\/06\\\/ancien1-150x150.jpg\",\"datePublished\":\"2022-06-29T06:09:57+00:00\",\"dateModified\":\"2022-07-06T05:12:00+00:00\",\"breadcrumb\":{\"@id\":\"https:\\\/\\\/ind-charleroi.be\\\/?page_id=4643#breadcrumb\"},\"inLanguage\":\"fr-FR\",\"potentialAction\":[{\"@type\":\"ReadAction\",\"target\":[\"https:\\\/\\\/ind-charleroi.be\\\/?page_id=4643\"]}]},{\"@type\":\"ImageObject\",\"inLanguage\":\"fr-FR\",\"@id\":\"https:\\\/\\\/ind-charleroi.be\\\/?page_id=4643#primaryimage\",\"url\":\"https:\\\/\\\/ind-charleroi.be\\\/wp-content\\\/uploads\\\/2022\\\/06\\\/ancien1.jpg\",\"contentUrl\":\"https:\\\/\\\/ind-charleroi.be\\\/wp-content\\\/uploads\\\/2022\\\/06\\\/ancien1.jpg\",\"width\":353,\"height\":226},{\"@type\":\"BreadcrumbList\",\"@id\":\"https:\\\/\\\/ind-charleroi.be\\\/?page_id=4643#breadcrumb\",\"itemListElement\":[{\"@type\":\"ListItem\",\"position\":1,\"name\":\"Accueil\",\"item\":\"https:\\\/\\\/ind-charleroi.be\\\/\"},{\"@type\":\"ListItem\",\"position\":2,\"name\":\"L&rsquo;association des Anciens\"}]},{\"@type\":\"WebSite\",\"@id\":\"https:\\\/\\\/ind-charleroi.be\\\/#website\",\"url\":\"https:\\\/\\\/ind-charleroi.be\\\/\",\"name\":\"Institut Notre-Dame\",\"description\":\"Aujourd&#039;hui pour demain\",\"publisher\":{\"@id\":\"https:\\\/\\\/ind-charleroi.be\\\/#organization\"},\"potentialAction\":[{\"@type\":\"SearchAction\",\"target\":{\"@type\":\"EntryPoint\",\"urlTemplate\":\"https:\\\/\\\/ind-charleroi.be\\\/?s={search_term_string}\"},\"query-input\":{\"@type\":\"PropertyValueSpecification\",\"valueRequired\":true,\"valueName\":\"search_term_string\"}}],\"inLanguage\":\"fr-FR\"},{\"@type\":\"Organization\",\"@id\":\"https:\\\/\\\/ind-charleroi.be\\\/#organization\",\"name\":\"Institut Notre-Dame\",\"url\":\"https:\\\/\\\/ind-charleroi.be\\\/\",\"logo\":{\"@type\":\"ImageObject\",\"inLanguage\":\"fr-FR\",\"@id\":\"https:\\\/\\\/ind-charleroi.be\\\/#\\\/schema\\\/logo\\\/image\\\/\",\"url\":\"https:\\\/\\\/ind-charleroi.be\\\/wp-content\\\/uploads\\\/2022\\\/12\\\/cropped-logo-ind2022.jpg\",\"contentUrl\":\"https:\\\/\\\/ind-charleroi.be\\\/wp-content\\\/uploads\\\/2022\\\/12\\\/cropped-logo-ind2022.jpg\",\"width\":1205,\"height\":505,\"caption\":\"Institut Notre-Dame\"},\"image\":{\"@id\":\"https:\\\/\\\/ind-charleroi.be\\\/#\\\/schema\\\/logo\\\/image\\\/\"}}]}<\/script>\n<!-- \/ Yoast SEO plugin. -->","yoast_head_json":{"title":"L'association des Anciens - Institut Notre-Dame","robots":{"index":"index","follow":"follow","max-snippet":"max-snippet:-1","max-image-preview":"max-image-preview:large","max-video-preview":"max-video-preview:-1"},"canonical":"https:\/\/ind-charleroi.be\/?page_id=4643","og_locale":"fr_FR","og_type":"article","og_title":"L'association des Anciens - Institut Notre-Dame","og_description":"Depuis le d\u00e9but des ann\u00e9es 1950, l\u2019 \u00ab Association des Anciennes \u00c9l\u00e8ves des S\u0153urs de Notre-Dame \u00bb, aujourd\u2019hui \u00ab Association des Anciens de N-D \u00bb, a toujours souhait\u00e9 garder le contact avec les \u00e9l\u00e8ves qui ont fr\u00e9quent\u00e9 l\u2019Institut et les relier entre eux. Nos activit\u00e9s Les retrouvailles entre Anciens occupent une place pr\u00e9pond\u00e9rante dans nos activit\u00e9s.Chaque ann\u00e9e, nous convions les jubilaires sortis 10, 20, 30, [&hellip;]","og_url":"https:\/\/ind-charleroi.be\/?page_id=4643","og_site_name":"Institut Notre-Dame","article_modified_time":"2022-07-06T05:12:00+00:00","og_image":[{"url":"https:\/\/ind-charleroi.be\/wp-content\/uploads\/2022\/06\/ancien1-150x150.jpg","type":"","width":"","height":""}],"twitter_card":"summary_large_image","twitter_misc":{"Dur\u00e9e de lecture estim\u00e9e":"3 minutes"},"schema":{"@context":"https:\/\/schema.org","@graph":[{"@type":"WebPage","@id":"https:\/\/ind-charleroi.be\/?page_id=4643","url":"https:\/\/ind-charleroi.be\/?page_id=4643","name":"L'association des Anciens - Institut Notre-Dame","isPartOf":{"@id":"https:\/\/ind-charleroi.be\/#website"},"primaryImageOfPage":{"@id":"https:\/\/ind-charleroi.be\/?page_id=4643#primaryimage"},"image":{"@id":"https:\/\/ind-charleroi.be\/?page_id=4643#primaryimage"},"thumbnailUrl":"https:\/\/ind-charleroi.be\/wp-content\/uploads\/2022\/06\/ancien1-150x150.jpg","datePublished":"2022-06-29T06:09:57+00:00","dateModified":"2022-07-06T05:12:00+00:00","breadcrumb":{"@id":"https:\/\/ind-charleroi.be\/?page_id=4643#breadcrumb"},"inLanguage":"fr-FR","potentialAction":[{"@type":"ReadAction","target":["https:\/\/ind-charleroi.be\/?page_id=4643"]}]},{"@type":"ImageObject","inLanguage":"fr-FR","@id":"https:\/\/ind-charleroi.be\/?page_id=4643#primaryimage","url":"https:\/\/ind-charleroi.be\/wp-content\/uploads\/2022\/06\/ancien1.jpg","contentUrl":"https:\/\/ind-charleroi.be\/wp-content\/uploads\/2022\/06\/ancien1.jpg","width":353,"height":226},{"@type":"BreadcrumbList","@id":"https:\/\/ind-charleroi.be\/?page_id=4643#breadcrumb","itemListElement":[{"@type":"ListItem","position":1,"name":"Accueil","item":"https:\/\/ind-charleroi.be\/"},{"@type":"ListItem","position":2,"name":"L&rsquo;association des Anciens"}]},{"@type":"WebSite","@id":"https:\/\/ind-charleroi.be\/#website","url":"https:\/\/ind-charleroi.be\/","name":"Institut Notre-Dame","description":"Aujourd&#039;hui pour demain","publisher":{"@id":"https:\/\/ind-charleroi.be\/#organization"},"potentialAction":[{"@type":"SearchAction","target":{"@type":"EntryPoint","urlTemplate":"https:\/\/ind-charleroi.be\/?s={search_term_string}"},"query-input":{"@type":"PropertyValueSpecification","valueRequired":true,"valueName":"search_term_string"}}],"inLanguage":"fr-FR"},{"@type":"Organization","@id":"https:\/\/ind-charleroi.be\/#organization","name":"Institut Notre-Dame","url":"https:\/\/ind-charleroi.be\/","logo":{"@type":"ImageObject","inLanguage":"fr-FR","@id":"https:\/\/ind-charleroi.be\/#\/schema\/logo\/image\/","url":"https:\/\/ind-charleroi.be\/wp-content\/uploads\/2022\/12\/cropped-logo-ind2022.jpg","contentUrl":"https:\/\/ind-charleroi.be\/wp-content\/uploads\/2022\/12\/cropped-logo-ind2022.jpg","width":1205,"height":505,"caption":"Institut Notre-Dame"},"image":{"@id":"https:\/\/ind-charleroi.be\/#\/schema\/logo\/image\/"}}]}},"jetpack_sharing_enabled":true,"_links":{"self":[{"href":"https:\/\/ind-charleroi.be\/index.php?rest_route=\/wp\/v2\/pages\/4643","targetHints":{"allow":["GET"]}}],"collection":[{"href":"https:\/\/ind-charleroi.be\/index.php?rest_route=\/wp\/v2\/pages"}],"about":[{"href":"https:\/\/ind-charleroi.be\/index.php?rest_route=\/wp\/v2\/types\/page"}],"author":[{"embeddable":true,"href":"https:\/\/ind-charleroi.be\/index.php?rest_route=\/wp\/v2\/users\/1"}],"replies":[{"embeddable":true,"href":"https:\/\/ind-charleroi.be\/index.php?rest_route=%2Fwp%2Fv2%2Fcomments&post=4643"}],"version-history":[{"count":21,"href":"https:\/\/ind-charleroi.be\/index.php?rest_route=\/wp\/v2\/pages\/4643\/revisions"}],"predecessor-version":[{"id":4885,"href":"https:\/\/ind-charleroi.be\/index.php?rest_route=\/wp\/v2\/pages\/4643\/revisions\/4885"}],"wp:attachment":[{"href":"https:\/\/ind-charleroi.be\/index.php?rest_route=%2Fwp%2Fv2%2Fmedia&parent=4643"}],"curies":[{"name":"wp","href":"https:\/\/api.w.org\/{rel}","templated":true}]}}