{"id":94,"date":"2022-06-17T08:11:26","date_gmt":"2022-06-17T08:11:26","guid":{"rendered":"https:\/\/ind-charleroi.be\/?page_id=94"},"modified":"2022-12-03T15:24:12","modified_gmt":"2022-12-03T15:24:12","slug":"lenseignement-en-immersionlenseignement-en-immersion","status":"publish","type":"page","link":"https:\/\/ind-charleroi.be\/?page_id=94","title":{"rendered":"L&rsquo;enseignement en immersion"},"content":{"rendered":"\t\t<div data-elementor-type=\"wp-page\" data-elementor-id=\"94\" class=\"elementor elementor-94\">\n\t\t\t\t\t\t<section class=\"elementor-section elementor-top-section elementor-element elementor-element-dfb2b0d elementor-section-boxed elementor-section-height-default elementor-section-height-default\" data-id=\"dfb2b0d\" data-element_type=\"section\" data-e-type=\"section\">\n\t\t\t\t\t\t<div class=\"elementor-container elementor-column-gap-default\">\n\t\t\t\t\t<div class=\"elementor-column elementor-col-100 elementor-top-column elementor-element elementor-element-3d266cc\" data-id=\"3d266cc\" data-element_type=\"column\" data-e-type=\"column\">\n\t\t\t<div class=\"elementor-widget-wrap elementor-element-populated\">\n\t\t\t\t\t\t<div class=\"elementor-element elementor-element-802bb94 elementor-widget elementor-widget-text-editor\" data-id=\"802bb94\" data-element_type=\"widget\" data-e-type=\"widget\" data-widget_type=\"text-editor.default\">\n\t\t\t\t<div class=\"elementor-widget-container\">\n\t\t\t\t\t\t\t\t\t<p><b><span style=\"font-family: 'Arial',sans-serif; color: black;\">L&rsquo;immersion en langue anglaise \u00e0 deux objectifs<\/span><\/b><\/p>\n<p style=\"margin: 0cm; text-align: justify; background-image: initial; background-position: initial; background-size: initial; background-repeat: initial; background-attachment: initial; background-origin: initial; background-clip: initial;\"><span style=\"font-family: 'Arial',sans-serif; color: black;\">&nbsp;<\/span><\/p>\n<p style=\"margin: 0cm 0cm 0cm 36pt; text-align: justify; text-indent: -18pt; background-image: initial; background-position: initial; background-size: initial; background-repeat: initial; background-attachment: initial; background-origin: initial; background-clip: initial;\"><!-- [if !supportLists]--><span style=\"font-family: Symbol;\">\u00b7<span style=\"font-variant-numeric: normal; font-variant-east-asian: normal; font-stretch: normal; font-size: 7pt; line-height: normal; font-family: 'Times New Roman';\">&nbsp;&nbsp;&nbsp;&nbsp;&nbsp;&nbsp;&nbsp;&nbsp;<\/span><\/span><span style=\"font-family: 'Arial',sans-serif; color: black;\">Ma\u00eetrise des comp\u00e9tences attendues \u00e0 ce<\/span> <span style=\"font-family: 'Arial',sans-serif; color: black;\">cours.<\/span><\/p>\n<p style=\"margin: 0cm 19.25pt 0cm 36pt; text-align: justify; text-indent: -18pt; background-image: initial; background-position: initial; background-size: initial; background-repeat: initial; background-attachment: initial; background-origin: initial; background-clip: initial;\"><!-- [if !supportLists]--><span style=\"font-family: Symbol; mso-fareast-font-family: Symbol; mso-bidi-font-family: Symbol; color: black;\">\u00b7<span style=\"font-variant-numeric: normal; font-variant-east-asian: normal; font-stretch: normal; font-size: 7pt; line-height: normal; font-family: 'Times New Roman';\">&nbsp;&nbsp;&nbsp;&nbsp;&nbsp;&nbsp;&nbsp;&nbsp;<\/span><\/span><span style=\"font-family: 'Arial',sans-serif; color: black;\">Acquisition progressive de cette autre langue d\u2019une mani\u00e8re diff\u00e9rente que dans l\u2019enseignement classique.<\/span><\/p>\n<p style=\"margin: 0cm; background-image: initial; background-position: initial; background-size: initial; background-repeat: initial; background-attachment: initial; background-origin: initial; background-clip: initial;\"><span style=\"font-family: 'Arial',sans-serif; color: black;\">&nbsp;<\/span><\/p>\n<p style=\"margin: 0cm; background-image: initial; background-position: initial; background-size: initial; background-repeat: initial; background-attachment: initial; background-origin: initial; background-clip: initial;\"><span style=\"font-family: 'Arial',sans-serif; color: black;\">Concr\u00e8tement en 1i\u00e8re et 2\u00e8me ann\u00e9e, les \u00e9l\u00e8ves auront 10h par semaine de cours en anglais. A savoir, 4h de cours anglais, 2h d&rsquo;atelier de conversation en anglais et 4h du cours d&rsquo;Etude du Milieu donn\u00e9e en langue anglaise.&nbsp;<\/span><\/p><p style=\"margin: 0cm; background-image: initial; background-position: initial; background-size: initial; background-repeat: initial; background-attachment: initial; background-origin: initial; background-clip: initial;\"><span style=\"font-family: 'Arial',sans-serif; color: black;\">A partir de la 3\u00e8me ann\u00e9e et jusqu&rsquo;en 6\u00e8me ann\u00e9e, les \u00e9l\u00e8ves ont 8h de cours par semaine dans leur grille horaire de cours en anglais. A savoir&nbsp;<\/span><span style=\"color: #000000; font-family: Arial, sans-serif; font-weight: var( --e-global-typography-text-font-weight );\">4h de cours anglais (reprise comme \u00e9tant leur LM1), 2h de cours de g\u00e9ographie donn\u00e9e en langue anglaise et&nbsp;<\/span><span style=\"color: #000000; font-family: Arial, sans-serif; font-weight: var( --e-global-typography-text-font-weight );\">2h de cours d&rsquo;histoire donn\u00e9e en langue anglaise<\/span><\/p>\n<p style=\"margin: 0cm; background-image: initial; background-position: initial; background-size: initial; background-repeat: initial; background-attachment: initial; background-origin: initial; background-clip: initial;\"><span style=\"font-family: 'Arial',sans-serif; color: black;\">&nbsp;<\/span><\/p>\n<p style=\"margin: 0cm; background-image: initial; background-position: initial; background-size: initial; background-repeat: initial; background-attachment: initial; background-origin: initial; background-clip: initial;\"><b><span style=\"font-family: 'Arial',sans-serif; color: black;\">Les exigences de cette immersion<\/span><\/b><\/p>\n<p style=\"margin-top: 0cm; margin-right: 13.8pt; margin-left: 0cm; text-align: justify; background-image: initial; background-position: initial; background-size: initial; background-repeat: initial; background-attachment: initial; background-origin: initial; background-clip: initial;\"><span style=\"font-family: 'Arial',sans-serif; color: black;\">&nbsp;<\/span><\/p>\n<p style=\"margin: 0cm 13.8pt 0cm 36pt; text-align: justify; text-indent: -18pt; background-image: initial; background-position: initial; background-size: initial; background-repeat: initial; background-attachment: initial; background-origin: initial; background-clip: initial;\"><!-- [if !supportLists]--><span style=\"font-family: Symbol; mso-fareast-font-family: Symbol; mso-bidi-font-family: Symbol; color: black;\">\u00b7<span style=\"font-variant-numeric: normal; font-variant-east-asian: normal; font-stretch: normal; font-size: 7pt; line-height: normal; font-family: 'Times New Roman';\">&nbsp;&nbsp;&nbsp;&nbsp;&nbsp;&nbsp;&nbsp;&nbsp;<\/span><\/span><span style=\"font-family: 'Arial',sans-serif; color: black;\">La th\u00e9orie et la pratique de ces cours \u00e9tant en Anglais, il est hautement pr\u00e9f\u00e9rable que l\u2019\u00e9l\u00e8ve inscrit en Immersion soit motiv\u00e9, curieux, r\u00e9gulier et rigoureux dans son travail et son \u00e9tude. En effet, ces mati\u00e8res sont \u00e0 entrainer&nbsp;<u>quotidiennement<\/u>&nbsp;(il n\u2019y a jamais \u00ab&nbsp;rien&nbsp;\u00bb \u00e0 faire \u00e0 domicile) et une pleine participation en classe est escompt\u00e9e d\u00e8s les premi\u00e8res heures de cours de l\u2019ann\u00e9e. <\/span><\/p>\n<p style=\"margin: 0cm 13.8pt 0cm 36pt; text-align: justify; text-indent: -18pt; background-image: initial; background-position: initial; background-size: initial; background-repeat: initial; background-attachment: initial; background-origin: initial; background-clip: initial;\"><!-- [if !supportLists]--><span style=\"font-family: Symbol; mso-fareast-font-family: Symbol; mso-bidi-font-family: Symbol; color: black;\">\u00b7<span style=\"font-variant-numeric: normal; font-variant-east-asian: normal; font-stretch: normal; font-size: 7pt; line-height: normal; font-family: 'Times New Roman';\">&nbsp;&nbsp;&nbsp;&nbsp;&nbsp;&nbsp;&nbsp;&nbsp;<\/span><\/span><span style=\"font-family: 'Arial',sans-serif; color: black;\">Enfin, les \u00e9l\u00e8ves de l\u2019immersion b\u00e9n\u00e9ficieront d\u2019office d\u2019une heure d\u2019accompagnement en EDM afin de ma\u00eetriser le vocabulaire, savoirs et savoir-faire sp\u00e9cifiques \u00e0 ce cours.<\/span><\/p>\n<p style=\"margin: 0cm 13.8pt 0cm 0cm; text-align: justify; background-image: initial; background-position: initial; background-size: initial; background-repeat: initial; background-attachment: initial; background-origin: initial; background-clip: initial;\"><span style=\"font-family: 'Arial',sans-serif; color: black;\">&nbsp;<\/span><\/p>\n<p style=\"margin: 0cm; background-image: initial; background-position: initial; background-size: initial; background-repeat: initial; background-attachment: initial; background-origin: initial; background-clip: initial;\"><b><span style=\"font-family: 'Arial',sans-serif; color: black;\">L\u2019\u00e9valuation<\/span><\/b><\/p>\n<p style=\"margin-top: 0cm; margin-right: 12.95pt; margin-left: 0cm; text-align: justify; background-image: initial; background-position: initial; background-size: initial; background-repeat: initial; background-attachment: initial; background-origin: initial; background-clip: initial;\"><span style=\"font-family: 'Arial',sans-serif; color: black;\">&nbsp;<\/span><\/p>\n<p style=\"margin: 0cm 12.95pt 0cm 36pt; text-align: justify; text-indent: -18pt; background-image: initial; background-position: initial; background-size: initial; background-repeat: initial; background-attachment: initial; background-origin: initial; background-clip: initial;\"><!-- [if !supportLists]--><span style=\"font-family: Symbol;\">\u00b7<span style=\"font-variant-numeric: normal; font-variant-east-asian: normal; font-stretch: normal; font-size: 7pt; line-height: normal; font-family: 'Times New Roman';\">&nbsp;&nbsp;&nbsp;&nbsp;&nbsp;&nbsp;&nbsp;&nbsp;<\/span><\/span><span style=\"font-family: 'Arial',sans-serif; color: black;\">L\u2019\u00e9valuation sera \u00e9galement g\u00e9r\u00e9e en fonction des 2 objectifs \u00e0 atteindre, \u00e0 savoir, l\u2019acquisition des comp\u00e9tences li\u00e9es \u00e0 la langue cible et l\u2019acquisition des comp\u00e9tences de la discipline enseign\u00e9e dans la langue cible.&nbsp;<\/span><\/p>\n<p><\/p>\n<p style=\"text-align: justify; text-indent: -18.0pt; mso-list: l0 level1 lfo3; background: white; box-sizing: border-box; font-variant-ligatures: normal; font-variant-caps: normal; orphans: 2; widows: 2; -webkit-text-stroke-width: 0px; text-decoration-thickness: initial; text-decoration-style: initial; text-decoration-color: initial; word-spacing: 0px; margin: 0cm 12.95pt 0cm 36.0pt;\"><span style=\"box-sizing: border-box;\"><!-- [if !supportLists]--><span style=\"font-family: Symbol; mso-fareast-font-family: Symbol; mso-bidi-font-family: Symbol; color: #7a7a7a;\"><span style=\"mso-list: Ignore;\">\u00b7<span style=\"font: 7.0pt 'Times New Roman';\">&nbsp;&nbsp;&nbsp;&nbsp;&nbsp;&nbsp;&nbsp;&nbsp;<\/span><\/span><\/span><span style=\"font-family: 'Arial',sans-serif; color: black;\">Dans le cadre du CE1D, en fin de 2\u00e8me ann\u00e9e du secondaire les \u00e9l\u00e8ves pr\u00e9sentent une \u00e9preuve sp\u00e9cifique \u00e0 l\u2019immersion et l\u2019\u00e9preuve externe du dioc\u00e8se organis\u00e9e en fran\u00e7ais dans le cadre du cours d\u2019Etude Du Milieu.<\/span><\/span><\/p>\t\t\t\t\t\t\t\t<\/div>\n\t\t\t\t<\/div>\n\t\t\t\t\t<\/div>\n\t\t<\/div>\n\t\t\t\t\t<\/div>\n\t\t<\/section>\n\t\t\t\t<\/div>\n\t\t","protected":false},"excerpt":{"rendered":"<p>L&rsquo;immersion en langue anglaise \u00e0 deux objectifs &nbsp; \u00b7&nbsp;&nbsp;&nbsp;&nbsp;&nbsp;&nbsp;&nbsp;&nbsp;Ma\u00eetrise des comp\u00e9tences attendues \u00e0 ce cours. \u00b7&nbsp;&nbsp;&nbsp;&nbsp;&nbsp;&nbsp;&nbsp;&nbsp;Acquisition progressive de cette autre langue d\u2019une mani\u00e8re diff\u00e9rente que dans l\u2019enseignement classique. &nbsp; Concr\u00e8tement en 1i\u00e8re et 2\u00e8me ann\u00e9e, les \u00e9l\u00e8ves auront 10h par semaine de cours en anglais. A savoir, 4h de cours anglais, 2h d&rsquo;atelier de conversation en anglais et 4h du cours d&rsquo;Etude du Milieu donn\u00e9e [&hellip;]<\/p>\n","protected":false},"author":1,"featured_media":0,"parent":0,"menu_order":0,"comment_status":"closed","ping_status":"closed","template":"","meta":{"footnotes":""},"class_list":["post-94","page","type-page","status-publish","hentry"],"yoast_head":"<!-- This site is optimized with the Yoast SEO plugin v27.4 - https:\/\/yoast.com\/product\/yoast-seo-wordpress\/ -->\n<title>L&#039;enseignement en immersion - Institut Notre-Dame<\/title>\n<meta name=\"robots\" content=\"index, follow, max-snippet:-1, max-image-preview:large, max-video-preview:-1\" \/>\n<link rel=\"canonical\" href=\"https:\/\/ind-charleroi.be\/?page_id=94\" \/>\n<meta property=\"og:locale\" content=\"fr_FR\" \/>\n<meta property=\"og:type\" content=\"article\" \/>\n<meta property=\"og:title\" content=\"L&#039;enseignement en immersion - Institut Notre-Dame\" \/>\n<meta property=\"og:description\" content=\"L&rsquo;immersion en langue anglaise \u00e0 deux objectifs &nbsp; \u00b7&nbsp;&nbsp;&nbsp;&nbsp;&nbsp;&nbsp;&nbsp;&nbsp;Ma\u00eetrise des comp\u00e9tences attendues \u00e0 ce cours. \u00b7&nbsp;&nbsp;&nbsp;&nbsp;&nbsp;&nbsp;&nbsp;&nbsp;Acquisition progressive de cette autre langue d\u2019une mani\u00e8re diff\u00e9rente que dans l\u2019enseignement classique. &nbsp; Concr\u00e8tement en 1i\u00e8re et 2\u00e8me ann\u00e9e, les \u00e9l\u00e8ves auront 10h par semaine de cours en anglais. A savoir, 4h de cours anglais, 2h d&rsquo;atelier de conversation en anglais et 4h du cours d&rsquo;Etude du Milieu donn\u00e9e [&hellip;]\" \/>\n<meta property=\"og:url\" content=\"https:\/\/ind-charleroi.be\/?page_id=94\" \/>\n<meta property=\"og:site_name\" content=\"Institut Notre-Dame\" \/>\n<meta property=\"article:modified_time\" content=\"2022-12-03T15:24:12+00:00\" \/>\n<meta name=\"twitter:card\" content=\"summary_large_image\" \/>\n<meta name=\"twitter:label1\" content=\"Dur\u00e9e de lecture estim\u00e9e\" \/>\n\t<meta name=\"twitter:data1\" content=\"2 minutes\" \/>\n<script type=\"application\/ld+json\" class=\"yoast-schema-graph\">{\"@context\":\"https:\\\/\\\/schema.org\",\"@graph\":[{\"@type\":\"WebPage\",\"@id\":\"https:\\\/\\\/ind-charleroi.be\\\/?page_id=94\",\"url\":\"https:\\\/\\\/ind-charleroi.be\\\/?page_id=94\",\"name\":\"L'enseignement en immersion - Institut Notre-Dame\",\"isPartOf\":{\"@id\":\"https:\\\/\\\/ind-charleroi.be\\\/#website\"},\"datePublished\":\"2022-06-17T08:11:26+00:00\",\"dateModified\":\"2022-12-03T15:24:12+00:00\",\"breadcrumb\":{\"@id\":\"https:\\\/\\\/ind-charleroi.be\\\/?page_id=94#breadcrumb\"},\"inLanguage\":\"fr-FR\",\"potentialAction\":[{\"@type\":\"ReadAction\",\"target\":[\"https:\\\/\\\/ind-charleroi.be\\\/?page_id=94\"]}]},{\"@type\":\"BreadcrumbList\",\"@id\":\"https:\\\/\\\/ind-charleroi.be\\\/?page_id=94#breadcrumb\",\"itemListElement\":[{\"@type\":\"ListItem\",\"position\":1,\"name\":\"Accueil\",\"item\":\"https:\\\/\\\/ind-charleroi.be\\\/\"},{\"@type\":\"ListItem\",\"position\":2,\"name\":\"L&rsquo;enseignement en immersion\"}]},{\"@type\":\"WebSite\",\"@id\":\"https:\\\/\\\/ind-charleroi.be\\\/#website\",\"url\":\"https:\\\/\\\/ind-charleroi.be\\\/\",\"name\":\"Institut Notre-Dame\",\"description\":\"Aujourd&#039;hui pour demain\",\"publisher\":{\"@id\":\"https:\\\/\\\/ind-charleroi.be\\\/#organization\"},\"potentialAction\":[{\"@type\":\"SearchAction\",\"target\":{\"@type\":\"EntryPoint\",\"urlTemplate\":\"https:\\\/\\\/ind-charleroi.be\\\/?s={search_term_string}\"},\"query-input\":{\"@type\":\"PropertyValueSpecification\",\"valueRequired\":true,\"valueName\":\"search_term_string\"}}],\"inLanguage\":\"fr-FR\"},{\"@type\":\"Organization\",\"@id\":\"https:\\\/\\\/ind-charleroi.be\\\/#organization\",\"name\":\"Institut Notre-Dame\",\"url\":\"https:\\\/\\\/ind-charleroi.be\\\/\",\"logo\":{\"@type\":\"ImageObject\",\"inLanguage\":\"fr-FR\",\"@id\":\"https:\\\/\\\/ind-charleroi.be\\\/#\\\/schema\\\/logo\\\/image\\\/\",\"url\":\"https:\\\/\\\/ind-charleroi.be\\\/wp-content\\\/uploads\\\/2022\\\/12\\\/cropped-logo-ind2022.jpg\",\"contentUrl\":\"https:\\\/\\\/ind-charleroi.be\\\/wp-content\\\/uploads\\\/2022\\\/12\\\/cropped-logo-ind2022.jpg\",\"width\":1205,\"height\":505,\"caption\":\"Institut Notre-Dame\"},\"image\":{\"@id\":\"https:\\\/\\\/ind-charleroi.be\\\/#\\\/schema\\\/logo\\\/image\\\/\"}}]}<\/script>\n<!-- \/ Yoast SEO plugin. -->","yoast_head_json":{"title":"L'enseignement en immersion - Institut Notre-Dame","robots":{"index":"index","follow":"follow","max-snippet":"max-snippet:-1","max-image-preview":"max-image-preview:large","max-video-preview":"max-video-preview:-1"},"canonical":"https:\/\/ind-charleroi.be\/?page_id=94","og_locale":"fr_FR","og_type":"article","og_title":"L'enseignement en immersion - Institut Notre-Dame","og_description":"L&rsquo;immersion en langue anglaise \u00e0 deux objectifs &nbsp; \u00b7&nbsp;&nbsp;&nbsp;&nbsp;&nbsp;&nbsp;&nbsp;&nbsp;Ma\u00eetrise des comp\u00e9tences attendues \u00e0 ce cours. \u00b7&nbsp;&nbsp;&nbsp;&nbsp;&nbsp;&nbsp;&nbsp;&nbsp;Acquisition progressive de cette autre langue d\u2019une mani\u00e8re diff\u00e9rente que dans l\u2019enseignement classique. &nbsp; Concr\u00e8tement en 1i\u00e8re et 2\u00e8me ann\u00e9e, les \u00e9l\u00e8ves auront 10h par semaine de cours en anglais. A savoir, 4h de cours anglais, 2h d&rsquo;atelier de conversation en anglais et 4h du cours d&rsquo;Etude du Milieu donn\u00e9e [&hellip;]","og_url":"https:\/\/ind-charleroi.be\/?page_id=94","og_site_name":"Institut Notre-Dame","article_modified_time":"2022-12-03T15:24:12+00:00","twitter_card":"summary_large_image","twitter_misc":{"Dur\u00e9e de lecture estim\u00e9e":"2 minutes"},"schema":{"@context":"https:\/\/schema.org","@graph":[{"@type":"WebPage","@id":"https:\/\/ind-charleroi.be\/?page_id=94","url":"https:\/\/ind-charleroi.be\/?page_id=94","name":"L'enseignement en immersion - Institut Notre-Dame","isPartOf":{"@id":"https:\/\/ind-charleroi.be\/#website"},"datePublished":"2022-06-17T08:11:26+00:00","dateModified":"2022-12-03T15:24:12+00:00","breadcrumb":{"@id":"https:\/\/ind-charleroi.be\/?page_id=94#breadcrumb"},"inLanguage":"fr-FR","potentialAction":[{"@type":"ReadAction","target":["https:\/\/ind-charleroi.be\/?page_id=94"]}]},{"@type":"BreadcrumbList","@id":"https:\/\/ind-charleroi.be\/?page_id=94#breadcrumb","itemListElement":[{"@type":"ListItem","position":1,"name":"Accueil","item":"https:\/\/ind-charleroi.be\/"},{"@type":"ListItem","position":2,"name":"L&rsquo;enseignement en immersion"}]},{"@type":"WebSite","@id":"https:\/\/ind-charleroi.be\/#website","url":"https:\/\/ind-charleroi.be\/","name":"Institut Notre-Dame","description":"Aujourd&#039;hui pour demain","publisher":{"@id":"https:\/\/ind-charleroi.be\/#organization"},"potentialAction":[{"@type":"SearchAction","target":{"@type":"EntryPoint","urlTemplate":"https:\/\/ind-charleroi.be\/?s={search_term_string}"},"query-input":{"@type":"PropertyValueSpecification","valueRequired":true,"valueName":"search_term_string"}}],"inLanguage":"fr-FR"},{"@type":"Organization","@id":"https:\/\/ind-charleroi.be\/#organization","name":"Institut Notre-Dame","url":"https:\/\/ind-charleroi.be\/","logo":{"@type":"ImageObject","inLanguage":"fr-FR","@id":"https:\/\/ind-charleroi.be\/#\/schema\/logo\/image\/","url":"https:\/\/ind-charleroi.be\/wp-content\/uploads\/2022\/12\/cropped-logo-ind2022.jpg","contentUrl":"https:\/\/ind-charleroi.be\/wp-content\/uploads\/2022\/12\/cropped-logo-ind2022.jpg","width":1205,"height":505,"caption":"Institut Notre-Dame"},"image":{"@id":"https:\/\/ind-charleroi.be\/#\/schema\/logo\/image\/"}}]}},"jetpack_sharing_enabled":true,"_links":{"self":[{"href":"https:\/\/ind-charleroi.be\/index.php?rest_route=\/wp\/v2\/pages\/94","targetHints":{"allow":["GET"]}}],"collection":[{"href":"https:\/\/ind-charleroi.be\/index.php?rest_route=\/wp\/v2\/pages"}],"about":[{"href":"https:\/\/ind-charleroi.be\/index.php?rest_route=\/wp\/v2\/types\/page"}],"author":[{"embeddable":true,"href":"https:\/\/ind-charleroi.be\/index.php?rest_route=\/wp\/v2\/users\/1"}],"replies":[{"embeddable":true,"href":"https:\/\/ind-charleroi.be\/index.php?rest_route=%2Fwp%2Fv2%2Fcomments&post=94"}],"version-history":[{"count":5,"href":"https:\/\/ind-charleroi.be\/index.php?rest_route=\/wp\/v2\/pages\/94\/revisions"}],"predecessor-version":[{"id":5012,"href":"https:\/\/ind-charleroi.be\/index.php?rest_route=\/wp\/v2\/pages\/94\/revisions\/5012"}],"wp:attachment":[{"href":"https:\/\/ind-charleroi.be\/index.php?rest_route=%2Fwp%2Fv2%2Fmedia&parent=94"}],"curies":[{"name":"wp","href":"https:\/\/api.w.org\/{rel}","templated":true}]}}