{"id":97,"date":"2022-06-17T08:11:26","date_gmt":"2022-06-17T08:11:26","guid":{"rendered":"https:\/\/ind-charleroi.be\/?page_id=97"},"modified":"2025-10-24T13:05:36","modified_gmt":"2025-10-24T13:05:36","slug":"contacts-2","status":"publish","type":"page","link":"https:\/\/ind-charleroi.be\/?page_id=97","title":{"rendered":"Contacts"},"content":{"rendered":"\t\t<div data-elementor-type=\"wp-page\" data-elementor-id=\"97\" class=\"elementor elementor-97\">\n\t\t\t\t\t\t<section class=\"elementor-section elementor-top-section elementor-element elementor-element-a9609cd elementor-section-boxed elementor-section-height-default elementor-section-height-default\" data-id=\"a9609cd\" data-element_type=\"section\" data-e-type=\"section\">\n\t\t\t\t\t\t<div class=\"elementor-container elementor-column-gap-default\">\n\t\t\t\t\t<div class=\"elementor-column elementor-col-100 elementor-top-column elementor-element elementor-element-9c72284\" data-id=\"9c72284\" data-element_type=\"column\" data-e-type=\"column\">\n\t\t\t<div class=\"elementor-widget-wrap elementor-element-populated\">\n\t\t\t\t\t\t<div class=\"elementor-element elementor-element-8ff9639 elementor-widget elementor-widget-text-editor\" data-id=\"8ff9639\" data-element_type=\"widget\" data-e-type=\"widget\" data-widget_type=\"text-editor.default\">\n\t\t\t\t<div class=\"elementor-widget-container\">\n\t\t\t\t\t\t\t\t\t<p style=\"margin-top: 0cm; background-image: initial; background-position: initial; background-size: initial; background-repeat: initial; background-attachment: initial; background-origin: initial; background-clip: initial;\"><span style=\"font-size: 10.5pt; font-family: Roboto;\">T\u00e9l\u00e9phone de la section secondaire &#8211; <b>071 \/ 20.71.20 <\/b><em>(s\u00e9lectionn\u00e9 le 2 dans le menu)<\/em><\/span><\/p><p style=\"margin-top: 0cm; background-image: initial; background-position: initial; background-size: initial; background-repeat: initial; background-attachment: initial; background-origin: initial; background-clip: initial;\"><span style=\"font-size: 10.5pt; font-family: Roboto;\">Adresse du si\u00e8ge social (ASBL) de l&rsquo;\u00e9cole &#8211; 41 Rue de Marcinelle \u00e0 6000 Charleroi<\/span><\/p><p style=\"margin-top: 0cm; background-image: initial; background-position: initial; background-size: initial; background-repeat: initial; background-attachment: initial; background-origin: initial; background-clip: initial;\"><span style=\"font-size: 10.5pt; font-family: Roboto;\">Adresse pour acc\u00e9der au b\u00e2timent des 1\u00e8re, 2\u00e8me, 4\u00e8me, 5\u00e8me et DASPA &#8211;\u00a0<\/span><span style=\"font-family: Arial, sans-serif; color: var( --e-global-color-text ); font-weight: var( --e-global-typography-text-font-weight );\">53 Rue de Charleville\u00a0<\/span><\/p><p style=\"margin-top: 0cm; background-image: initial; background-position: initial; background-size: initial; background-repeat: initial; background-attachment: initial; background-origin: initial; background-clip: initial;\"><span style=\"font-family: Arial, sans-serif; font-size: 10.5pt; color: var( --e-global-color-text ); font-weight: var( --e-global-typography-text-font-weight );\">Adresse pour acc\u00e9der au b\u00e2timent du 3\u00e8me et 6\u00e8me &#8211; Rue de Charleville (en face de la porte de garage)<\/span><\/p>\t\t\t\t\t\t\t\t<\/div>\n\t\t\t\t<\/div>\n\t\t\t\t\t<\/div>\n\t\t<\/div>\n\t\t\t\t\t<\/div>\n\t\t<\/section>\n\t\t\t\t<section class=\"elementor-section elementor-top-section elementor-element elementor-element-0f91c07 elementor-section-boxed elementor-section-height-default elementor-section-height-default\" data-id=\"0f91c07\" data-element_type=\"section\" data-e-type=\"section\">\n\t\t\t\t\t\t<div class=\"elementor-container elementor-column-gap-default\">\n\t\t\t\t\t<div class=\"elementor-column elementor-col-100 elementor-top-column elementor-element elementor-element-a459520\" data-id=\"a459520\" data-element_type=\"column\" data-e-type=\"column\">\n\t\t\t<div class=\"elementor-widget-wrap elementor-element-populated\">\n\t\t\t\t\t\t<div class=\"elementor-element elementor-element-34124f9 elementor-widget elementor-widget-heading\" data-id=\"34124f9\" data-element_type=\"widget\" data-e-type=\"widget\" data-widget_type=\"heading.default\">\n\t\t\t\t<div class=\"elementor-widget-container\">\n\t\t\t\t\t<h2 class=\"elementor-heading-title elementor-size-default\">La direction<\/h2>\t\t\t\t<\/div>\n\t\t\t\t<\/div>\n\t\t\t\t\t<\/div>\n\t\t<\/div>\n\t\t\t\t\t<\/div>\n\t\t<\/section>\n\t\t\t\t<section class=\"elementor-section elementor-top-section elementor-element elementor-element-70c8f00 elementor-section-boxed elementor-section-height-default elementor-section-height-default\" data-id=\"70c8f00\" data-element_type=\"section\" data-e-type=\"section\">\n\t\t\t\t\t\t<div class=\"elementor-container elementor-column-gap-default\">\n\t\t\t\t\t<div class=\"elementor-column elementor-col-100 elementor-top-column elementor-element elementor-element-871c422\" data-id=\"871c422\" data-element_type=\"column\" data-e-type=\"column\">\n\t\t\t<div class=\"elementor-widget-wrap elementor-element-populated\">\n\t\t\t\t\t\t<div class=\"elementor-element elementor-element-2a3bb36 elementor-widget elementor-widget-text-editor\" data-id=\"2a3bb36\" data-element_type=\"widget\" data-e-type=\"widget\" data-widget_type=\"text-editor.default\">\n\t\t\t\t<div class=\"elementor-widget-container\">\n\t\t\t\t\t\t\t\t\t<p style=\"margin-left: 35.4pt;\">M. S\u00e9bastien ARICKX\u00a0\u2013 DIRECTEUR\u00a0<\/p><p style=\"margin-left: 35.4pt;\"><a style=\"text-indent: 35.4pt; background-color: #ffffff;\" href=\"mailto:direction.secondaire@ind-charleroi.org\">direction.secondaire@ind-charleroi.org<\/a><span style=\"color: black; text-indent: 35.4pt;\"> &#8211;\u00a0<\/span><span style=\"color: #000000; text-indent: 47.2px;\">0478\/71.07.72.<\/span><\/p><p style=\"margin-left: 35.4pt;\">M. Nicolas DESMET\u00a0\u2013 DIRECTEUR ADJOINT<\/p><p style=\"margin-left: 35.4pt;\"><a style=\"text-indent: 35.4pt; font-family: var( --e-global-typography-text-font-family ), Sans-serif; font-weight: var( --e-global-typography-text-font-weight ); background-color: #ffffff;\" href=\"mailto:directionadjointe.secondaire@ind-charleroi.org\">directionadjointe.secondaire@ind-charleroi.org<\/a><span style=\"color: black; text-indent: 35.4pt; font-family: var( --e-global-typography-text-font-family ), Sans-serif; font-weight: var( --e-global-typography-text-font-weight );\"> &#8211;\u00a0<\/span><span style=\"color: #000000; text-indent: 47.2px;\">0477\/17.96.45.<\/span><\/p>\t\t\t\t\t\t\t\t<\/div>\n\t\t\t\t<\/div>\n\t\t\t\t\t<\/div>\n\t\t<\/div>\n\t\t\t\t\t<\/div>\n\t\t<\/section>\n\t\t\t\t<section class=\"elementor-section elementor-top-section elementor-element elementor-element-c27b2d9 elementor-section-boxed elementor-section-height-default elementor-section-height-default\" data-id=\"c27b2d9\" data-element_type=\"section\" data-e-type=\"section\">\n\t\t\t\t\t\t<div class=\"elementor-container elementor-column-gap-default\">\n\t\t\t\t\t<div class=\"elementor-column elementor-col-100 elementor-top-column elementor-element elementor-element-97f9aec\" data-id=\"97f9aec\" data-element_type=\"column\" data-e-type=\"column\">\n\t\t\t<div class=\"elementor-widget-wrap elementor-element-populated\">\n\t\t\t\t\t\t<div class=\"elementor-element elementor-element-dace956 elementor-widget elementor-widget-heading\" data-id=\"dace956\" data-element_type=\"widget\" data-e-type=\"widget\" data-widget_type=\"heading.default\">\n\t\t\t\t<div class=\"elementor-widget-container\">\n\t\t\t\t\t<h2 class=\"elementor-heading-title elementor-size-default\">Le personnel \u00e9ducatif<\/h2>\t\t\t\t<\/div>\n\t\t\t\t<\/div>\n\t\t\t\t\t<\/div>\n\t\t<\/div>\n\t\t\t\t\t<\/div>\n\t\t<\/section>\n\t\t\t\t<section class=\"elementor-section elementor-top-section elementor-element elementor-element-92f627a elementor-section-boxed elementor-section-height-default elementor-section-height-default\" data-id=\"92f627a\" data-element_type=\"section\" data-e-type=\"section\">\n\t\t\t\t\t\t<div class=\"elementor-container elementor-column-gap-default\">\n\t\t\t\t\t<div class=\"elementor-column elementor-col-100 elementor-top-column elementor-element elementor-element-79731d8\" data-id=\"79731d8\" data-element_type=\"column\" data-e-type=\"column\">\n\t\t\t<div class=\"elementor-widget-wrap elementor-element-populated\">\n\t\t\t\t\t\t<div class=\"elementor-element elementor-element-20cd147 elementor-widget elementor-widget-text-editor\" data-id=\"20cd147\" data-element_type=\"widget\" data-e-type=\"widget\" data-widget_type=\"text-editor.default\">\n\t\t\t\t<div class=\"elementor-widget-container\">\n\t\t\t\t\t\t\t\t\t<p><i>Pour toutes les questions relatives \u00e0 la discipline, merci de contacter directement la pr\u00e9f\u00e8te :<\/i><\/p><p style=\"margin-left: 35.4pt;\">Mme M\u00e9lanie MUSOLESI \u2013 PREFETE DE DISCIPLINE\u00a0<\/p><p style=\"margin-left: 35.4pt;\"><a href=\"mailto:frebutte.ce@ind-charleroi.org\">musolesi.me@ind-charleroi.org<\/a><\/p><p><i>Merci de contacter directement l\u2019\u00e9ducateur\/ l\u2019\u00e9ducatrice de niveau de votre enfant pour la justification des absences.<\/i><\/p><p style=\"margin: 0cm 0cm 5pt 35.4pt; background-image: initial; background-position: initial; background-size: initial; background-repeat: initial; background-attachment: initial; background-origin: initial; background-clip: initial;\"><span style=\"text-decoration: underline;\"><span style=\"font-size: 10.5pt; font-family: Roboto;\">DANS LE BATIMENT CHARLEVILLE<\/span><\/span><\/p><p style=\"margin: 0cm 0cm 5pt 35.4pt; background-image: initial; background-position: initial; background-size: initial; background-repeat: initial; background-attachment: initial; background-origin: initial; background-clip: initial;\"><span style=\"font-size: 10.5pt; font-family: Roboto;\">Mme. Lucia MALORGIO\u2013 EDUCATRICE 1<\/span><sup><span style=\"font-size: 8pt; font-family: Roboto;\">\u00e8re<\/span><\/sup><span style=\"font-size: 10.5pt; font-family: Roboto;\">\u00a0ann\u00e9e<\/span><\/p><p style=\"margin: 0cm 0cm 5pt 35.4pt; background-image: initial; background-position: initial; background-size: initial; background-repeat: initial; background-attachment: initial; background-origin: initial; background-clip: initial;\"><span style=\"color: #2f90c4; font-family: 'Segoe UI', sans-serif; font-size: 10.5pt; font-weight: var( --e-global-typography-text-font-weight );\">malorgio.lu@ind-charleroi.org<\/span><\/p><p style=\"margin-left: 35.4pt;\">M. Gilbert BASTIEN \u2013 EDUCATEUR 2<sup>\u00e8me<\/sup> ann\u00e9e<\/p><p style=\"margin-left: 35.4pt;\"><span style=\"color: #2f90c4; font-family: 'Segoe UI', 'Segoe UI Web (West European)', 'Segoe UI', -apple-system, BlinkMacSystemFont, Roboto, 'Helvetica Neue', sans-serif; white-space: nowrap; font-weight: var( --e-global-typography-text-font-weight );\">gilbert.ba@ind-charleroi.org<\/span><\/p><p style=\"margin-left: 35.4pt;\">M. Marvin TARTAMELLA \u2013 EDUCATEUR 4<span style=\"position: relative; font-size: 10.5px; line-height: 0; vertical-align: baseline; top: -0.5em;\">\u00e8me<\/span>\u00a0ann\u00e9e et du DASPA<\/p><p style=\"margin-left: 35.4pt;\"><a href=\"mailto:tartamella.ma@ind-charleroi.org\">tartamella.ma@ind-charleroi.org<\/a><\/p><p style=\"margin-left: 35.4pt;\">Mme Anne Sophie HENIN \u2013 EDUCATRICE 5<span style=\"position: relative; font-size: 10.5px; line-height: 0; vertical-align: baseline; top: -0.5em;\">\u00e8me\u00a0<\/span>ann\u00e9e<\/p><p style=\"margin-left: 35.4pt;\"><a href=\"mailto:meda.se@ind-charleroi.org\">henin.as@ind-charleroi.org<\/a><\/p><p style=\"margin-left: 35.4pt;\"><span style=\"text-decoration: underline;\">DANS LE BATIMENT FERRER<\/span><\/p><p style=\"margin-left: 35.4pt;\">Mme Ang\u00e9lique GERARD \u2013 EDUCATRICE 3<sup>\u00e8me<\/sup> ann\u00e9e<\/p><p style=\"margin-left: 35.4pt;\"><a href=\"mailto:gerard.an@ind-charleroi.org\">gerard.an@ind-charleroi.org<\/a><\/p><p style=\"margin-left: 35.4pt;\">Mme Valentina COCCIOLO \u2013 EDUCATRICE 6<span style=\"position: relative; font-size: 10.5px; line-height: 0; vertical-align: baseline; top: -0.5em;\">\u00e8me<\/span>\u00a0ann\u00e9e<\/p><p style=\"margin-left: 35.4pt;\"><a style=\"background-color: #ffffff; font-family: var( --e-global-typography-text-font-family ), Sans-serif; font-weight: var( --e-global-typography-text-font-weight );\" href=\"mailto:henrot.ch@ind-charleroi.org\">cocciolo.va@ind-charleroi.org<\/a>\u00a0<\/p>\t\t\t\t\t\t\t\t<\/div>\n\t\t\t\t<\/div>\n\t\t\t\t\t<\/div>\n\t\t<\/div>\n\t\t\t\t\t<\/div>\n\t\t<\/section>\n\t\t\t\t<section class=\"elementor-section elementor-top-section elementor-element elementor-element-0668df9 elementor-section-boxed elementor-section-height-default elementor-section-height-default\" data-id=\"0668df9\" data-element_type=\"section\" data-e-type=\"section\">\n\t\t\t\t\t\t<div class=\"elementor-container elementor-column-gap-default\">\n\t\t\t\t\t<div class=\"elementor-column elementor-col-100 elementor-top-column elementor-element elementor-element-212ee9f\" data-id=\"212ee9f\" data-element_type=\"column\" data-e-type=\"column\">\n\t\t\t<div class=\"elementor-widget-wrap elementor-element-populated\">\n\t\t\t\t\t\t<div class=\"elementor-element elementor-element-e49f539 elementor-widget elementor-widget-heading\" data-id=\"e49f539\" data-element_type=\"widget\" data-e-type=\"widget\" data-widget_type=\"heading.default\">\n\t\t\t\t<div class=\"elementor-widget-container\">\n\t\t\t\t\t<h2 class=\"elementor-heading-title elementor-size-default\">Le personnel administratif<\/h2>\t\t\t\t<\/div>\n\t\t\t\t<\/div>\n\t\t\t\t\t<\/div>\n\t\t<\/div>\n\t\t\t\t\t<\/div>\n\t\t<\/section>\n\t\t\t\t<section class=\"elementor-section elementor-top-section elementor-element elementor-element-9b0dd72 elementor-section-boxed elementor-section-height-default elementor-section-height-default\" data-id=\"9b0dd72\" data-element_type=\"section\" data-e-type=\"section\">\n\t\t\t\t\t\t<div class=\"elementor-container elementor-column-gap-default\">\n\t\t\t\t\t<div class=\"elementor-column elementor-col-100 elementor-top-column elementor-element elementor-element-7c53c78\" data-id=\"7c53c78\" data-element_type=\"column\" data-e-type=\"column\">\n\t\t\t<div class=\"elementor-widget-wrap elementor-element-populated\">\n\t\t\t\t\t\t<div class=\"elementor-element elementor-element-b413978 elementor-widget elementor-widget-text-editor\" data-id=\"b413978\" data-element_type=\"widget\" data-e-type=\"widget\" data-widget_type=\"text-editor.default\">\n\t\t\t\t<div class=\"elementor-widget-container\">\n\t\t\t\t\t\t\t\t\t<p>Pour<i> tous les documents officiels relatifs \u00e0 la scolarit\u00e9 de votre enfant<\/i><\/p>\n<p style=\"text-indent: 35.4pt;\">M. Pierre Romain MAL \u2013 SECRETAIRE DE DIRECTION<\/p>\n<p style=\"text-indent: 35.4pt;\"><a href=\"mailto:secretariat.secondaire@ind-charleroi.org\">secretariat.secondaire@ind-charleroi.org<\/a><\/p>\n<p><i>Pour toutes les questions relatives \u00e0 l&rsquo;\u00e9conomat<\/i><\/p>\n<p style=\"margin-left: 35.4pt;\">Mme Cathy BRIGODE &#8211; ECONOMAT<\/p>\n<p style=\"margin-left: 35.4pt;\"><a href=\"mailto:economat@ind-charleroi.org\">\u00e9conomat@ind-charleroi.org<\/a><\/p>\n<p><i style=\"color: var( --e-global-color-text ); font-family: var( --e-global-typography-text-font-family ), Sans-serif; font-weight: var( --e-global-typography-text-font-weight );\">Pour toutes les questions relatives \u00e0 la facturation<\/i><\/p>\n<p style=\"margin-left: 35.4pt;\"><span style=\"text-indent: 47.2px; color: var( --e-global-color-text ); font-family: var( --e-global-typography-text-font-family ), Sans-serif; font-weight: var( --e-global-typography-text-font-weight );\">Mme Nalan ORCUN et Mme Christelle HENROT<\/span>&nbsp;&#8211; FACTURATION<\/p>\n<p style=\"margin-left: 35.4pt;\"><a href=\"mailto:economat@ind-charleroi.org\">facturation@ind-charleroi.org<\/a><\/p>\n<p><i>Pour tout rendez-vous avec la direction<\/i><\/p>\n<p style=\"text-indent: 35.4pt;\">Mme H\u00e9l\u00e8ne BERNARD<\/p>\n<p style=\"text-indent: 35.4pt;\"><a style=\"font-family: var( --e-global-typography-text-font-family ), Sans-serif; font-weight: var( --e-global-typography-text-font-weight ); background-color: #ffffff; text-indent: 47.2px;\" href=\"mailto:bernard.he@ind-charleroi.org\">procure.secondaire<\/a><a style=\"font-family: var( --e-global-typography-text-font-family ), Sans-serif; font-weight: var( --e-global-typography-text-font-weight ); background-color: #ffffff; text-indent: 47.2px;\" href=\"mailto:bernard.he@ind-charleroi.org\">@ind-charleroi.org<\/a><span style=\"color: var( --e-global-color-text ); font-family: var( --e-global-typography-text-font-family ), Sans-serif; font-weight: var( --e-global-typography-text-font-weight ); text-indent: 47.2px;\">&nbsp;&nbsp;<\/span><\/p>\t\t\t\t\t\t\t\t<\/div>\n\t\t\t\t<\/div>\n\t\t\t\t\t<\/div>\n\t\t<\/div>\n\t\t\t\t\t<\/div>\n\t\t<\/section>\n\t\t\t\t<\/div>\n\t\t","protected":false},"excerpt":{"rendered":"<p>T\u00e9l\u00e9phone de la section secondaire &#8211; 071 \/ 20.71.20 (s\u00e9lectionn\u00e9 le 2 dans le menu) Adresse du si\u00e8ge social (ASBL) de l&rsquo;\u00e9cole &#8211; 41 Rue de Marcinelle \u00e0 6000 Charleroi Adresse pour acc\u00e9der au b\u00e2timent des 1\u00e8re, 2\u00e8me, 4\u00e8me, 5\u00e8me et DASPA &#8211;\u00a053 Rue de Charleville\u00a0 Adresse pour acc\u00e9der au b\u00e2timent du 3\u00e8me et 6\u00e8me &#8211; Rue de Charleville (en face de la porte de [&hellip;]<\/p>\n","protected":false},"author":1,"featured_media":0,"parent":0,"menu_order":0,"comment_status":"closed","ping_status":"closed","template":"","meta":{"footnotes":""},"class_list":["post-97","page","type-page","status-publish","hentry"],"yoast_head":"<!-- This site is optimized with the Yoast SEO plugin v27.4 - https:\/\/yoast.com\/product\/yoast-seo-wordpress\/ -->\n<title>Contacts - Institut Notre-Dame<\/title>\n<meta name=\"robots\" content=\"index, follow, max-snippet:-1, max-image-preview:large, max-video-preview:-1\" \/>\n<link rel=\"canonical\" href=\"https:\/\/ind-charleroi.be\/?page_id=97\" \/>\n<meta property=\"og:locale\" content=\"fr_FR\" \/>\n<meta property=\"og:type\" content=\"article\" \/>\n<meta property=\"og:title\" content=\"Contacts - Institut Notre-Dame\" \/>\n<meta property=\"og:description\" content=\"T\u00e9l\u00e9phone de la section secondaire &#8211; 071 \/ 20.71.20 (s\u00e9lectionn\u00e9 le 2 dans le menu) Adresse du si\u00e8ge social (ASBL) de l&rsquo;\u00e9cole &#8211; 41 Rue de Marcinelle \u00e0 6000 Charleroi Adresse pour acc\u00e9der au b\u00e2timent des 1\u00e8re, 2\u00e8me, 4\u00e8me, 5\u00e8me et DASPA &#8211;\u00a053 Rue de Charleville\u00a0 Adresse pour acc\u00e9der au b\u00e2timent du 3\u00e8me et 6\u00e8me &#8211; Rue de Charleville (en face de la porte de [&hellip;]\" \/>\n<meta property=\"og:url\" content=\"https:\/\/ind-charleroi.be\/?page_id=97\" \/>\n<meta property=\"og:site_name\" content=\"Institut Notre-Dame\" \/>\n<meta property=\"article:modified_time\" content=\"2025-10-24T13:05:36+00:00\" \/>\n<meta name=\"twitter:card\" content=\"summary_large_image\" \/>\n<meta name=\"twitter:label1\" content=\"Dur\u00e9e de lecture estim\u00e9e\" \/>\n\t<meta name=\"twitter:data1\" content=\"2 minutes\" \/>\n<script type=\"application\/ld+json\" class=\"yoast-schema-graph\">{\"@context\":\"https:\\\/\\\/schema.org\",\"@graph\":[{\"@type\":\"WebPage\",\"@id\":\"https:\\\/\\\/ind-charleroi.be\\\/?page_id=97\",\"url\":\"https:\\\/\\\/ind-charleroi.be\\\/?page_id=97\",\"name\":\"Contacts - Institut Notre-Dame\",\"isPartOf\":{\"@id\":\"https:\\\/\\\/ind-charleroi.be\\\/#website\"},\"datePublished\":\"2022-06-17T08:11:26+00:00\",\"dateModified\":\"2025-10-24T13:05:36+00:00\",\"breadcrumb\":{\"@id\":\"https:\\\/\\\/ind-charleroi.be\\\/?page_id=97#breadcrumb\"},\"inLanguage\":\"fr-FR\",\"potentialAction\":[{\"@type\":\"ReadAction\",\"target\":[\"https:\\\/\\\/ind-charleroi.be\\\/?page_id=97\"]}]},{\"@type\":\"BreadcrumbList\",\"@id\":\"https:\\\/\\\/ind-charleroi.be\\\/?page_id=97#breadcrumb\",\"itemListElement\":[{\"@type\":\"ListItem\",\"position\":1,\"name\":\"Accueil\",\"item\":\"https:\\\/\\\/ind-charleroi.be\\\/\"},{\"@type\":\"ListItem\",\"position\":2,\"name\":\"Contacts\"}]},{\"@type\":\"WebSite\",\"@id\":\"https:\\\/\\\/ind-charleroi.be\\\/#website\",\"url\":\"https:\\\/\\\/ind-charleroi.be\\\/\",\"name\":\"Institut Notre-Dame\",\"description\":\"Aujourd&#039;hui pour demain\",\"publisher\":{\"@id\":\"https:\\\/\\\/ind-charleroi.be\\\/#organization\"},\"potentialAction\":[{\"@type\":\"SearchAction\",\"target\":{\"@type\":\"EntryPoint\",\"urlTemplate\":\"https:\\\/\\\/ind-charleroi.be\\\/?s={search_term_string}\"},\"query-input\":{\"@type\":\"PropertyValueSpecification\",\"valueRequired\":true,\"valueName\":\"search_term_string\"}}],\"inLanguage\":\"fr-FR\"},{\"@type\":\"Organization\",\"@id\":\"https:\\\/\\\/ind-charleroi.be\\\/#organization\",\"name\":\"Institut Notre-Dame\",\"url\":\"https:\\\/\\\/ind-charleroi.be\\\/\",\"logo\":{\"@type\":\"ImageObject\",\"inLanguage\":\"fr-FR\",\"@id\":\"https:\\\/\\\/ind-charleroi.be\\\/#\\\/schema\\\/logo\\\/image\\\/\",\"url\":\"https:\\\/\\\/ind-charleroi.be\\\/wp-content\\\/uploads\\\/2022\\\/12\\\/cropped-logo-ind2022.jpg\",\"contentUrl\":\"https:\\\/\\\/ind-charleroi.be\\\/wp-content\\\/uploads\\\/2022\\\/12\\\/cropped-logo-ind2022.jpg\",\"width\":1205,\"height\":505,\"caption\":\"Institut Notre-Dame\"},\"image\":{\"@id\":\"https:\\\/\\\/ind-charleroi.be\\\/#\\\/schema\\\/logo\\\/image\\\/\"}}]}<\/script>\n<!-- \/ Yoast SEO plugin. -->","yoast_head_json":{"title":"Contacts - Institut Notre-Dame","robots":{"index":"index","follow":"follow","max-snippet":"max-snippet:-1","max-image-preview":"max-image-preview:large","max-video-preview":"max-video-preview:-1"},"canonical":"https:\/\/ind-charleroi.be\/?page_id=97","og_locale":"fr_FR","og_type":"article","og_title":"Contacts - Institut Notre-Dame","og_description":"T\u00e9l\u00e9phone de la section secondaire &#8211; 071 \/ 20.71.20 (s\u00e9lectionn\u00e9 le 2 dans le menu) Adresse du si\u00e8ge social (ASBL) de l&rsquo;\u00e9cole &#8211; 41 Rue de Marcinelle \u00e0 6000 Charleroi Adresse pour acc\u00e9der au b\u00e2timent des 1\u00e8re, 2\u00e8me, 4\u00e8me, 5\u00e8me et DASPA &#8211;\u00a053 Rue de Charleville\u00a0 Adresse pour acc\u00e9der au b\u00e2timent du 3\u00e8me et 6\u00e8me &#8211; Rue de Charleville (en face de la porte de [&hellip;]","og_url":"https:\/\/ind-charleroi.be\/?page_id=97","og_site_name":"Institut Notre-Dame","article_modified_time":"2025-10-24T13:05:36+00:00","twitter_card":"summary_large_image","twitter_misc":{"Dur\u00e9e de lecture estim\u00e9e":"2 minutes"},"schema":{"@context":"https:\/\/schema.org","@graph":[{"@type":"WebPage","@id":"https:\/\/ind-charleroi.be\/?page_id=97","url":"https:\/\/ind-charleroi.be\/?page_id=97","name":"Contacts - Institut Notre-Dame","isPartOf":{"@id":"https:\/\/ind-charleroi.be\/#website"},"datePublished":"2022-06-17T08:11:26+00:00","dateModified":"2025-10-24T13:05:36+00:00","breadcrumb":{"@id":"https:\/\/ind-charleroi.be\/?page_id=97#breadcrumb"},"inLanguage":"fr-FR","potentialAction":[{"@type":"ReadAction","target":["https:\/\/ind-charleroi.be\/?page_id=97"]}]},{"@type":"BreadcrumbList","@id":"https:\/\/ind-charleroi.be\/?page_id=97#breadcrumb","itemListElement":[{"@type":"ListItem","position":1,"name":"Accueil","item":"https:\/\/ind-charleroi.be\/"},{"@type":"ListItem","position":2,"name":"Contacts"}]},{"@type":"WebSite","@id":"https:\/\/ind-charleroi.be\/#website","url":"https:\/\/ind-charleroi.be\/","name":"Institut Notre-Dame","description":"Aujourd&#039;hui pour demain","publisher":{"@id":"https:\/\/ind-charleroi.be\/#organization"},"potentialAction":[{"@type":"SearchAction","target":{"@type":"EntryPoint","urlTemplate":"https:\/\/ind-charleroi.be\/?s={search_term_string}"},"query-input":{"@type":"PropertyValueSpecification","valueRequired":true,"valueName":"search_term_string"}}],"inLanguage":"fr-FR"},{"@type":"Organization","@id":"https:\/\/ind-charleroi.be\/#organization","name":"Institut Notre-Dame","url":"https:\/\/ind-charleroi.be\/","logo":{"@type":"ImageObject","inLanguage":"fr-FR","@id":"https:\/\/ind-charleroi.be\/#\/schema\/logo\/image\/","url":"https:\/\/ind-charleroi.be\/wp-content\/uploads\/2022\/12\/cropped-logo-ind2022.jpg","contentUrl":"https:\/\/ind-charleroi.be\/wp-content\/uploads\/2022\/12\/cropped-logo-ind2022.jpg","width":1205,"height":505,"caption":"Institut Notre-Dame"},"image":{"@id":"https:\/\/ind-charleroi.be\/#\/schema\/logo\/image\/"}}]}},"jetpack_sharing_enabled":true,"_links":{"self":[{"href":"https:\/\/ind-charleroi.be\/index.php?rest_route=\/wp\/v2\/pages\/97","targetHints":{"allow":["GET"]}}],"collection":[{"href":"https:\/\/ind-charleroi.be\/index.php?rest_route=\/wp\/v2\/pages"}],"about":[{"href":"https:\/\/ind-charleroi.be\/index.php?rest_route=\/wp\/v2\/types\/page"}],"author":[{"embeddable":true,"href":"https:\/\/ind-charleroi.be\/index.php?rest_route=\/wp\/v2\/users\/1"}],"replies":[{"embeddable":true,"href":"https:\/\/ind-charleroi.be\/index.php?rest_route=%2Fwp%2Fv2%2Fcomments&post=97"}],"version-history":[{"count":55,"href":"https:\/\/ind-charleroi.be\/index.php?rest_route=\/wp\/v2\/pages\/97\/revisions"}],"predecessor-version":[{"id":6530,"href":"https:\/\/ind-charleroi.be\/index.php?rest_route=\/wp\/v2\/pages\/97\/revisions\/6530"}],"wp:attachment":[{"href":"https:\/\/ind-charleroi.be\/index.php?rest_route=%2Fwp%2Fv2%2Fmedia&parent=97"}],"curies":[{"name":"wp","href":"https:\/\/api.w.org\/{rel}","templated":true}]}}